{"id":2265,"date":"2019-08-08T22:52:49","date_gmt":"2019-08-08T21:52:49","guid":{"rendered":"http:\/\/kichiko.net\/?page_id=2265"},"modified":"2019-10-11T17:32:16","modified_gmt":"2019-10-11T16:32:16","slug":"kichikos-u","status":"publish","type":"page","link":"https:\/\/kichiko.net\/?page_id=2265","title":{"rendered":"Ureshii Yuri"},"content":{"rendered":"\n<p> Kl. 22:25 . Nr.1 ble en r\u00f8d tispe som veide 215 gr.&nbsp;&nbsp;Hun fikk navnet : Kichiko`s&nbsp; Ureshii Yuri. Det betyr : Lykkelig Lilje<\/p>\n\n\n\n<p>Nick : Kiara<br>Rase : Shiba<br>Kj\u00f8nn : Tispe<br>Farge : R\u00f8d<br>F\u00f8dt : 14\/8-2019<br>Reg.nr : NO52900\/18<br>HD :<br>AD :<br>Patella :&nbsp;<\/p>\n\n\n\n<p><strong><br><\/strong>Eier :&nbsp;Irene sundbrei, Askim<\/p>\n\n\n\n<figure class=\"wp-block-image\"><img loading=\"lazy\" width=\"720\" height=\"960\" src=\"http:\/\/kichiko.net\/wp-content\/uploads\/2019\/08\/69209318_10157433833091241_1136352341117632512_n.jpg\" alt=\"\" class=\"wp-image-2273\" srcset=\"https:\/\/kichiko.net\/wp-content\/uploads\/2019\/08\/69209318_10157433833091241_1136352341117632512_n.jpg 720w, https:\/\/kichiko.net\/wp-content\/uploads\/2019\/08\/69209318_10157433833091241_1136352341117632512_n-400x533.jpg 400w\" sizes=\"(max-width: 720px) 100vw, 720px\" \/><\/figure>\n\n\n\n<p style=\"text-align:center\">Nyf\u00f8dt<\/p>\n\n\n\n<figure class=\"wp-block-image\"><img loading=\"lazy\" width=\"1024\" height=\"980\" src=\"http:\/\/kichiko.net\/wp-content\/uploads\/2019\/08\/IMG_0896-1024x980.jpg\" alt=\"\" class=\"wp-image-2287\" srcset=\"https:\/\/kichiko.net\/wp-content\/uploads\/2019\/08\/IMG_0896-1024x980.jpg 1024w, https:\/\/kichiko.net\/wp-content\/uploads\/2019\/08\/IMG_0896-400x383.jpg 400w, https:\/\/kichiko.net\/wp-content\/uploads\/2019\/08\/IMG_0896-768x735.jpg 768w\" sizes=\"(max-width: 1024px) 100vw, 1024px\" \/><\/figure>\n\n\n\n<p style=\"text-align:center\">1 uke<\/p>\n\n\n\n<ul class=\"wp-container-2 wp-block-gallery-1 wp-block-gallery columns-1 is-cropped\"><li class=\"blocks-gallery-item\"><figure><img loading=\"lazy\" width=\"1024\" height=\"900\" src=\"http:\/\/kichiko.net\/wp-content\/uploads\/2019\/08\/IMG_0923-1024x900.jpg\" alt=\"\" data-id=\"2307\" data-link=\"http:\/\/kichiko.net\/?attachment_id=2307\" class=\"wp-image-2307\" srcset=\"https:\/\/kichiko.net\/wp-content\/uploads\/2019\/08\/IMG_0923-1024x900.jpg 1024w, https:\/\/kichiko.net\/wp-content\/uploads\/2019\/08\/IMG_0923-400x351.jpg 400w, https:\/\/kichiko.net\/wp-content\/uploads\/2019\/08\/IMG_0923-768x675.jpg 768w\" sizes=\"(max-width: 1024px) 100vw, 1024px\" \/><\/figure><\/li><\/ul>\n\n\n\n<p style=\"text-align:center\">2 uker<\/p>\n\n\n\n<figure class=\"wp-block-image\"><img loading=\"lazy\" width=\"964\" height=\"1024\" src=\"http:\/\/kichiko.net\/wp-content\/uploads\/2019\/09\/IMG_0956-964x1024.jpg\" alt=\"\" class=\"wp-image-2317\" srcset=\"https:\/\/kichiko.net\/wp-content\/uploads\/2019\/09\/IMG_0956-964x1024.jpg 964w, https:\/\/kichiko.net\/wp-content\/uploads\/2019\/09\/IMG_0956-400x425.jpg 400w, https:\/\/kichiko.net\/wp-content\/uploads\/2019\/09\/IMG_0956-768x815.jpg 768w, https:\/\/kichiko.net\/wp-content\/uploads\/2019\/09\/IMG_0956.jpg 1779w\" sizes=\"(max-width: 964px) 100vw, 964px\" \/><figcaption>3 uker<br><\/figcaption><\/figure>\n\n\n\n<figure class=\"wp-block-image\"><img loading=\"lazy\" width=\"909\" height=\"1024\" src=\"http:\/\/kichiko.net\/wp-content\/uploads\/2019\/09\/IMG_0975-909x1024.jpg\" alt=\"\" class=\"wp-image-2325\" srcset=\"https:\/\/kichiko.net\/wp-content\/uploads\/2019\/09\/IMG_0975-909x1024.jpg 909w, https:\/\/kichiko.net\/wp-content\/uploads\/2019\/09\/IMG_0975-400x451.jpg 400w, https:\/\/kichiko.net\/wp-content\/uploads\/2019\/09\/IMG_0975-768x866.jpg 768w, https:\/\/kichiko.net\/wp-content\/uploads\/2019\/09\/IMG_0975.jpg 1740w\" sizes=\"(max-width: 909px) 100vw, 909px\" \/><figcaption>4 uker<br><\/figcaption><\/figure>\n\n\n\n<figure class=\"wp-block-image\"><img loading=\"lazy\" width=\"1024\" height=\"906\" src=\"http:\/\/kichiko.net\/wp-content\/uploads\/2019\/09\/IMG_0998-1024x906.jpg\" alt=\"\" class=\"wp-image-2336\" srcset=\"https:\/\/kichiko.net\/wp-content\/uploads\/2019\/09\/IMG_0998-1024x906.jpg 1024w, https:\/\/kichiko.net\/wp-content\/uploads\/2019\/09\/IMG_0998-400x354.jpg 400w, https:\/\/kichiko.net\/wp-content\/uploads\/2019\/09\/IMG_0998-768x679.jpg 768w, https:\/\/kichiko.net\/wp-content\/uploads\/2019\/09\/IMG_0998.jpg 1808w\" sizes=\"(max-width: 1024px) 100vw, 1024px\" \/><figcaption>5 uker<br><\/figcaption><\/figure>\n\n\n\n<figure class=\"wp-block-image\"><img loading=\"lazy\" width=\"701\" height=\"1024\" src=\"http:\/\/kichiko.net\/wp-content\/uploads\/2019\/09\/IMG_1020-701x1024.jpg\" alt=\"\" class=\"wp-image-2351\" srcset=\"https:\/\/kichiko.net\/wp-content\/uploads\/2019\/09\/IMG_1020-701x1024.jpg 701w, https:\/\/kichiko.net\/wp-content\/uploads\/2019\/09\/IMG_1020-400x585.jpg 400w, https:\/\/kichiko.net\/wp-content\/uploads\/2019\/09\/IMG_1020-768x1122.jpg 768w, https:\/\/kichiko.net\/wp-content\/uploads\/2019\/09\/IMG_1020.jpg 1541w\" sizes=\"(max-width: 701px) 100vw, 701px\" \/><figcaption>6 uker<br><\/figcaption><\/figure>\n\n\n\n<figure class=\"wp-block-image\"><img loading=\"lazy\" width=\"762\" height=\"1024\" src=\"http:\/\/kichiko.net\/wp-content\/uploads\/2019\/10\/IMG_1049-762x1024.jpg\" alt=\"\" class=\"wp-image-2365\" srcset=\"https:\/\/kichiko.net\/wp-content\/uploads\/2019\/10\/IMG_1049-762x1024.jpg 762w, https:\/\/kichiko.net\/wp-content\/uploads\/2019\/10\/IMG_1049-400x537.jpg 400w, https:\/\/kichiko.net\/wp-content\/uploads\/2019\/10\/IMG_1049-768x1032.jpg 768w, https:\/\/kichiko.net\/wp-content\/uploads\/2019\/10\/IMG_1049.jpg 1328w\" sizes=\"(max-width: 762px) 100vw, 762px\" \/><figcaption>7 uker<br><\/figcaption><\/figure>\n\n\n\n<figure class=\"wp-block-image\"><img loading=\"lazy\" width=\"832\" height=\"1024\" src=\"http:\/\/kichiko.net\/wp-content\/uploads\/2019\/10\/IMG_1087-1-832x1024.jpg\" alt=\"\" class=\"wp-image-2375\" srcset=\"https:\/\/kichiko.net\/wp-content\/uploads\/2019\/10\/IMG_1087-1-832x1024.jpg 832w, https:\/\/kichiko.net\/wp-content\/uploads\/2019\/10\/IMG_1087-1-400x492.jpg 400w, https:\/\/kichiko.net\/wp-content\/uploads\/2019\/10\/IMG_1087-1-768x945.jpg 768w, https:\/\/kichiko.net\/wp-content\/uploads\/2019\/10\/IMG_1087-1.jpg 1868w\" sizes=\"(max-width: 832px) 100vw, 832px\" \/><figcaption>8 uker<br><\/figcaption><\/figure>\n\n\n\n<figure class=\"wp-block-image\"><img loading=\"lazy\" width=\"1024\" height=\"581\" src=\"http:\/\/kichiko.net\/wp-content\/uploads\/2019\/10\/IMG_1120-1024x581.jpg\" alt=\"\" class=\"wp-image-2385\" srcset=\"https:\/\/kichiko.net\/wp-content\/uploads\/2019\/10\/IMG_1120-1024x581.jpg 1024w, https:\/\/kichiko.net\/wp-content\/uploads\/2019\/10\/IMG_1120-400x227.jpg 400w, https:\/\/kichiko.net\/wp-content\/uploads\/2019\/10\/IMG_1120-768x436.jpg 768w\" sizes=\"(max-width: 1024px) 100vw, 1024px\" \/><figcaption>Kiara med sine nye eiere, Irene, Iselin, Madelen og Benjamin <\/figcaption><\/figure>\n","protected":false},"excerpt":{"rendered":"<p>Kl. 22:25 . Nr.1 ble en r\u00f8d tispe som veide 215 gr.&nbsp;&nbsp;Hun fikk navnet : Kichiko`s&nbsp; Ureshii Yuri. Det betyr : Lykkelig Lilje Nick : KiaraRase : ShibaKj\u00f8nn : TispeFarge : R\u00f8dF\u00f8dt : 14\/8-2019Reg.nr : NO52900\/18HD :AD :Patella :&nbsp; Eier :&nbsp;Irene sundbrei, Askim Nyf\u00f8dt 1 uke 2 uker<\/p>\n","protected":false},"author":2,"featured_media":0,"parent":2259,"menu_order":2,"comment_status":"closed","ping_status":"closed","template":"","meta":[],"_links":{"self":[{"href":"https:\/\/kichiko.net\/index.php?rest_route=\/wp\/v2\/pages\/2265"}],"collection":[{"href":"https:\/\/kichiko.net\/index.php?rest_route=\/wp\/v2\/pages"}],"about":[{"href":"https:\/\/kichiko.net\/index.php?rest_route=\/wp\/v2\/types\/page"}],"author":[{"embeddable":true,"href":"https:\/\/kichiko.net\/index.php?rest_route=\/wp\/v2\/users\/2"}],"replies":[{"embeddable":true,"href":"https:\/\/kichiko.net\/index.php?rest_route=%2Fwp%2Fv2%2Fcomments&post=2265"}],"version-history":[{"count":16,"href":"https:\/\/kichiko.net\/index.php?rest_route=\/wp\/v2\/pages\/2265\/revisions"}],"predecessor-version":[{"id":2386,"href":"https:\/\/kichiko.net\/index.php?rest_route=\/wp\/v2\/pages\/2265\/revisions\/2386"}],"up":[{"embeddable":true,"href":"https:\/\/kichiko.net\/index.php?rest_route=\/wp\/v2\/pages\/2259"}],"wp:attachment":[{"href":"https:\/\/kichiko.net\/index.php?rest_route=%2Fwp%2Fv2%2Fmedia&parent=2265"}],"curies":[{"name":"wp","href":"https:\/\/api.w.org\/{rel}","templated":true}]}}