{"id":223,"date":"2016-10-02T21:18:08","date_gmt":"2016-10-02T20:18:08","guid":{"rendered":"http:\/\/kichiko.net\/?page_id=223"},"modified":"2018-02-13T21:45:12","modified_gmt":"2018-02-13T20:45:12","slug":"katsu-kage","status":"publish","type":"page","link":"https:\/\/kichiko.net\/?page_id=223","title":{"rendered":"Katsu Kage"},"content":{"rendered":"<p>Kl. 16:05 ble det f\u00f8dt en r\u00f8d hann p\u00e5 201 gram. Han fikk navnet Kichiko`s Katsu Kage\u00a0som betyr\u00a0 <span class=\"rtb4\">Seier Skygge<\/span><\/p>\n<hr \/>\n<div class=\"tmpMainPicBox\">\n<div class=\"tmpMainPicSubBox\">\n<div class=\"tmpMainRich\">\n<p>Nick : Kage<br \/>\nRase : Shiba<br \/>\nKj\u00f8nn : Hann<br \/>\nFarge : R\u00f8d<br \/>\nF\u00f8dt : 31\/8-2016<br \/>\nReg.nr : NO 51207\/16<br \/>\nHD : A\/A<br \/>\nAD : 0\/0<br \/>\nPatella :<br \/>\nBitt:<\/p>\n<p>Eier : Eirik og Gullborg Knudsen ( Kennel Shibatroll ), Paradis, Bergen<\/p>\n<p><img loading=\"lazy\" class=\"wp-image-636 aligncenter\" src=\"http:\/\/kichiko.net\/wp-content\/uploads\/2016\/10\/jhka-400x369.jpg\" alt=\"jhka\" width=\"395\" height=\"364\" srcset=\"https:\/\/kichiko.net\/wp-content\/uploads\/2016\/10\/jhka-400x369.jpg 400w, https:\/\/kichiko.net\/wp-content\/uploads\/2016\/10\/jhka-768x709.jpg 768w, https:\/\/kichiko.net\/wp-content\/uploads\/2016\/10\/jhka-1024x946.jpg 1024w, https:\/\/kichiko.net\/wp-content\/uploads\/2016\/10\/jhka.jpg 1279w\" sizes=\"(max-width: 395px) 100vw, 395px\" \/><\/p>\n<p style=\"text-align: center;\">1 uke<\/p>\n<\/div>\n<\/div>\n<\/div>\n<div id=\"attachment_225\" style=\"width: 410px\" class=\"wp-caption aligncenter\"><img aria-describedby=\"caption-attachment-225\" loading=\"lazy\" class=\" wp-image-225\" src=\"http:\/\/kichiko.net\/wp-content\/uploads\/2016\/10\/1-282x300.jpg\" alt=\"4 uker \" width=\"400\" height=\"426\" srcset=\"https:\/\/kichiko.net\/wp-content\/uploads\/2016\/10\/1-282x300.jpg 282w, https:\/\/kichiko.net\/wp-content\/uploads\/2016\/10\/1-768x817.jpg 768w, https:\/\/kichiko.net\/wp-content\/uploads\/2016\/10\/1-962x1024.jpg 962w, https:\/\/kichiko.net\/wp-content\/uploads\/2016\/10\/1.jpg 2045w\" sizes=\"(max-width: 400px) 100vw, 400px\" \/><p id=\"caption-attachment-225\" class=\"wp-caption-text\">4 uker<\/p><\/div>\n<div id=\"attachment_722\" style=\"width: 404px\" class=\"wp-caption aligncenter\"><img aria-describedby=\"caption-attachment-722\" loading=\"lazy\" class=\"size-medium wp-image-722\" src=\"http:\/\/kichiko.net\/wp-content\/uploads\/2016\/10\/Kage1-394x600.jpg\" alt=\"5 uker\" width=\"394\" height=\"600\" srcset=\"https:\/\/kichiko.net\/wp-content\/uploads\/2016\/10\/Kage1-394x600.jpg 394w, https:\/\/kichiko.net\/wp-content\/uploads\/2016\/10\/Kage1.jpg 631w\" sizes=\"(max-width: 394px) 100vw, 394px\" \/><p id=\"caption-attachment-722\" class=\"wp-caption-text\">5 uker<\/p><\/div>\n<div id=\"attachment_755\" style=\"width: 410px\" class=\"wp-caption aligncenter\"><img aria-describedby=\"caption-attachment-755\" loading=\"lazy\" class=\"size-medium wp-image-755\" src=\"http:\/\/kichiko.net\/wp-content\/uploads\/2016\/10\/1-3-400x532.jpg\" alt=\"6 uker\" width=\"400\" height=\"532\" srcset=\"https:\/\/kichiko.net\/wp-content\/uploads\/2016\/10\/1-3-400x532.jpg 400w, https:\/\/kichiko.net\/wp-content\/uploads\/2016\/10\/1-3-768x1022.jpg 768w, https:\/\/kichiko.net\/wp-content\/uploads\/2016\/10\/1-3-770x1024.jpg 770w, https:\/\/kichiko.net\/wp-content\/uploads\/2016\/10\/1-3.jpg 1528w\" sizes=\"(max-width: 400px) 100vw, 400px\" \/><p id=\"caption-attachment-755\" class=\"wp-caption-text\">6 uker<\/p><\/div>\n<div id=\"attachment_797\" style=\"width: 410px\" class=\"wp-caption aligncenter\"><img aria-describedby=\"caption-attachment-797\" loading=\"lazy\" class=\"size-medium wp-image-797\" src=\"http:\/\/kichiko.net\/wp-content\/uploads\/2016\/09\/1-Kopi-400x593.jpg\" alt=\"Kage, 7 uker\" width=\"400\" height=\"593\" srcset=\"https:\/\/kichiko.net\/wp-content\/uploads\/2016\/09\/1-Kopi-400x593.jpg 400w, https:\/\/kichiko.net\/wp-content\/uploads\/2016\/09\/1-Kopi-768x1138.jpg 768w, https:\/\/kichiko.net\/wp-content\/uploads\/2016\/09\/1-Kopi-691x1024.jpg 691w, https:\/\/kichiko.net\/wp-content\/uploads\/2016\/09\/1-Kopi.jpg 1487w\" sizes=\"(max-width: 400px) 100vw, 400px\" \/><p id=\"caption-attachment-797\" class=\"wp-caption-text\">Kage, 7 uker<\/p><\/div>\n<div id=\"attachment_805\" style=\"width: 410px\" class=\"wp-caption aligncenter\"><img aria-describedby=\"caption-attachment-805\" loading=\"lazy\" class=\"size-medium wp-image-805\" src=\"http:\/\/kichiko.net\/wp-content\/uploads\/2016\/10\/1-4-400x567.jpg\" alt=\"Kage, 8 uker \" width=\"400\" height=\"567\" srcset=\"https:\/\/kichiko.net\/wp-content\/uploads\/2016\/10\/1-4-400x567.jpg 400w, https:\/\/kichiko.net\/wp-content\/uploads\/2016\/10\/1-4-768x1089.jpg 768w, https:\/\/kichiko.net\/wp-content\/uploads\/2016\/10\/1-4-722x1024.jpg 722w, https:\/\/kichiko.net\/wp-content\/uploads\/2016\/10\/1-4.jpg 1502w\" sizes=\"(max-width: 400px) 100vw, 400px\" \/><p id=\"caption-attachment-805\" class=\"wp-caption-text\">Kage, 8 uker<\/p><\/div>\n<div id=\"attachment_819\" style=\"width: 410px\" class=\"wp-caption aligncenter\"><img aria-describedby=\"caption-attachment-819\" loading=\"lazy\" class=\"size-medium wp-image-819\" src=\"http:\/\/kichiko.net\/wp-content\/uploads\/2016\/10\/14632994_10154642294221241_7534105299098620889_n-400x370.jpg\" alt=\"Kage med sin nye eier, Eirik\" width=\"400\" height=\"370\" srcset=\"https:\/\/kichiko.net\/wp-content\/uploads\/2016\/10\/14632994_10154642294221241_7534105299098620889_n-400x370.jpg 400w, https:\/\/kichiko.net\/wp-content\/uploads\/2016\/10\/14632994_10154642294221241_7534105299098620889_n-768x711.jpg 768w, https:\/\/kichiko.net\/wp-content\/uploads\/2016\/10\/14632994_10154642294221241_7534105299098620889_n.jpg 960w\" sizes=\"(max-width: 400px) 100vw, 400px\" \/><p id=\"caption-attachment-819\" class=\"wp-caption-text\">Kage med sin nye eier, Eirik<\/p><\/div>\n<p><img loading=\"lazy\" class=\"alignnone wp-image-1217 aligncenter\" src=\"http:\/\/kichiko.net\/wp-content\/uploads\/2016\/10\/KichikosKatsuKage-.jpg\" alt=\"KichikosKatsuKage\" width=\"400\" height=\"280\" \/><\/p>\n<p>&nbsp;<\/p>\n","protected":false},"excerpt":{"rendered":"<p>Kl. 16:05 ble det f\u00f8dt en r\u00f8d hann p\u00e5 201 gram. Han fikk navnet Kichiko`s Katsu Kage\u00a0som betyr\u00a0 Seier Skygge Nick : Kage Rase : Shiba Kj\u00f8nn : Hann Farge : R\u00f8d F\u00f8dt : 31\/8-2016 Reg.nr : NO 51207\/16 HD : A\/A AD : 0\/0 Patella : Bitt: Eier : Eirik og Gullborg Knudsen ( [&hellip;]<\/p>\n","protected":false},"author":2,"featured_media":0,"parent":137,"menu_order":1,"comment_status":"closed","ping_status":"closed","template":"","meta":[],"_links":{"self":[{"href":"https:\/\/kichiko.net\/index.php?rest_route=\/wp\/v2\/pages\/223"}],"collection":[{"href":"https:\/\/kichiko.net\/index.php?rest_route=\/wp\/v2\/pages"}],"about":[{"href":"https:\/\/kichiko.net\/index.php?rest_route=\/wp\/v2\/types\/page"}],"author":[{"embeddable":true,"href":"https:\/\/kichiko.net\/index.php?rest_route=\/wp\/v2\/users\/2"}],"replies":[{"embeddable":true,"href":"https:\/\/kichiko.net\/index.php?rest_route=%2Fwp%2Fv2%2Fcomments&post=223"}],"version-history":[{"count":17,"href":"https:\/\/kichiko.net\/index.php?rest_route=\/wp\/v2\/pages\/223\/revisions"}],"predecessor-version":[{"id":1327,"href":"https:\/\/kichiko.net\/index.php?rest_route=\/wp\/v2\/pages\/223\/revisions\/1327"}],"up":[{"embeddable":true,"href":"https:\/\/kichiko.net\/index.php?rest_route=\/wp\/v2\/pages\/137"}],"wp:attachment":[{"href":"https:\/\/kichiko.net\/index.php?rest_route=%2Fwp%2Fv2%2Fmedia&parent=223"}],"curies":[{"name":"wp","href":"https:\/\/api.w.org\/{rel}","templated":true}]}}