{"id":2065,"date":"2019-03-15T22:32:13","date_gmt":"2019-03-15T21:32:13","guid":{"rendered":"http:\/\/kichiko.net\/?page_id=2065"},"modified":"2020-09-30T18:53:10","modified_gmt":"2020-09-30T17:53:10","slug":"kichikos-t-2","status":"publish","type":"page","link":"https:\/\/kichiko.net\/?page_id=2065","title":{"rendered":"Tada Hisoku"},"content":{"rendered":"<p>Kl. 20:45 . Nr.2 ble en r\u00f8d\u00a0hann som veide 270 gr.\u00a0\u00a0<span class=\"rtb4\">Han fikk navnet : Kichiko`s\u00a0 Tada Hisoku. Det betyr : \u00c6rlig Oppr\u00f8rer<\/span><\/p>\n<div class=\"tmpMainPicBox\">\n<div class=\"tmpMainPicSubBox\">\n<div class=\"tmpMainRich\">\n<p><span class=\"rtb4\">Nick : Ruby ( betyr &laquo;Fox&raquo; p\u00e5 Persisk )<br \/>\nRase : Shiba<br \/>\nKj\u00f8nn :\u00a0Hann<br \/>\nFarge : R\u00f8d<br \/>\nF\u00f8dt : 15\/3-2019<br \/>\nReg.nr : NO38367\/19<br \/>\nHD : C\/C<br \/>\nAD : 0\/0<br \/>\n<\/span><\/p>\n<p><strong><span class=\"rtb4\"><br \/>\n<\/span><\/strong><span class=\"rtb4\">Eier : Homan Mousavi og Sara Jalali, Oslo<\/span><\/p>\n<div id=\"attachment_2058\" style=\"width: 410px\" class=\"wp-caption alignnone\"><img aria-describedby=\"caption-attachment-2058\" loading=\"lazy\" class=\"size-medium wp-image-2058\" src=\"http:\/\/kichiko.net\/wp-content\/uploads\/2019\/03\/53860987_2294031527354175_5440457875824574464_n-400x512.jpg\" alt=\"Nyf\u00f8dt\" width=\"400\" height=\"512\" srcset=\"https:\/\/kichiko.net\/wp-content\/uploads\/2019\/03\/53860987_2294031527354175_5440457875824574464_n-400x512.jpg 400w, https:\/\/kichiko.net\/wp-content\/uploads\/2019\/03\/53860987_2294031527354175_5440457875824574464_n.jpg 563w\" sizes=\"(max-width: 400px) 100vw, 400px\" \/><p id=\"caption-attachment-2058\" class=\"wp-caption-text\">Nyf\u00f8dt<\/p><\/div>\n<div id=\"attachment_2082\" style=\"width: 410px\" class=\"wp-caption alignnone\"><img aria-describedby=\"caption-attachment-2082\" loading=\"lazy\" class=\"size-medium wp-image-2082\" src=\"http:\/\/kichiko.net\/wp-content\/uploads\/2019\/03\/IMG_0623-400x406.jpg\" alt=\"1 uke\" width=\"400\" height=\"406\" srcset=\"https:\/\/kichiko.net\/wp-content\/uploads\/2019\/03\/IMG_0623-400x406.jpg 400w, https:\/\/kichiko.net\/wp-content\/uploads\/2019\/03\/IMG_0623-768x780.jpg 768w, https:\/\/kichiko.net\/wp-content\/uploads\/2019\/03\/IMG_0623-1008x1024.jpg 1008w, https:\/\/kichiko.net\/wp-content\/uploads\/2019\/03\/IMG_0623.jpg 1416w\" sizes=\"(max-width: 400px) 100vw, 400px\" \/><p id=\"caption-attachment-2082\" class=\"wp-caption-text\">1 uke<\/p><\/div>\n<div id=\"attachment_2094\" style=\"width: 410px\" class=\"wp-caption alignnone\"><img aria-describedby=\"caption-attachment-2094\" loading=\"lazy\" class=\"size-medium wp-image-2094\" src=\"http:\/\/kichiko.net\/wp-content\/uploads\/2019\/03\/IMG_0643-400x363.jpg\" alt=\"2 uker\" width=\"400\" height=\"363\" srcset=\"https:\/\/kichiko.net\/wp-content\/uploads\/2019\/03\/IMG_0643-400x363.jpg 400w, https:\/\/kichiko.net\/wp-content\/uploads\/2019\/03\/IMG_0643-768x696.jpg 768w, https:\/\/kichiko.net\/wp-content\/uploads\/2019\/03\/IMG_0643-1024x928.jpg 1024w, https:\/\/kichiko.net\/wp-content\/uploads\/2019\/03\/IMG_0643.jpg 1692w\" sizes=\"(max-width: 400px) 100vw, 400px\" \/><p id=\"caption-attachment-2094\" class=\"wp-caption-text\">2 uker<\/p><\/div>\n<div id=\"attachment_2103\" style=\"width: 410px\" class=\"wp-caption alignnone\"><img aria-describedby=\"caption-attachment-2103\" loading=\"lazy\" class=\"size-medium wp-image-2103\" src=\"http:\/\/kichiko.net\/wp-content\/uploads\/2019\/03\/IMG_0664-400x417.jpg\" alt=\"3 uker\" width=\"400\" height=\"417\" srcset=\"https:\/\/kichiko.net\/wp-content\/uploads\/2019\/03\/IMG_0664-400x417.jpg 400w, https:\/\/kichiko.net\/wp-content\/uploads\/2019\/03\/IMG_0664-768x800.jpg 768w, https:\/\/kichiko.net\/wp-content\/uploads\/2019\/03\/IMG_0664-983x1024.jpg 983w, https:\/\/kichiko.net\/wp-content\/uploads\/2019\/03\/IMG_0664.jpg 1591w\" sizes=\"(max-width: 400px) 100vw, 400px\" \/><p id=\"caption-attachment-2103\" class=\"wp-caption-text\">3 uker<\/p><\/div>\n<div id=\"attachment_2112\" style=\"width: 410px\" class=\"wp-caption alignnone\"><img aria-describedby=\"caption-attachment-2112\" loading=\"lazy\" class=\"size-medium wp-image-2112\" src=\"http:\/\/kichiko.net\/wp-content\/uploads\/2019\/03\/IMG_0691-400x474.jpg\" alt=\"4 uker\" width=\"400\" height=\"474\" srcset=\"https:\/\/kichiko.net\/wp-content\/uploads\/2019\/03\/IMG_0691-400x474.jpg 400w, https:\/\/kichiko.net\/wp-content\/uploads\/2019\/03\/IMG_0691-768x910.jpg 768w, https:\/\/kichiko.net\/wp-content\/uploads\/2019\/03\/IMG_0691-864x1024.jpg 864w, https:\/\/kichiko.net\/wp-content\/uploads\/2019\/03\/IMG_0691.jpg 1758w\" sizes=\"(max-width: 400px) 100vw, 400px\" \/><p id=\"caption-attachment-2112\" class=\"wp-caption-text\">4 uker<\/p><\/div>\n<div id=\"attachment_2147\" style=\"width: 410px\" class=\"wp-caption alignnone\"><img aria-describedby=\"caption-attachment-2147\" loading=\"lazy\" class=\"size-medium wp-image-2147\" src=\"http:\/\/kichiko.net\/wp-content\/uploads\/2019\/03\/IMG_0720-400x422.jpg\" alt=\"5 uker\" width=\"400\" height=\"422\" srcset=\"https:\/\/kichiko.net\/wp-content\/uploads\/2019\/03\/IMG_0720-400x422.jpg 400w, https:\/\/kichiko.net\/wp-content\/uploads\/2019\/03\/IMG_0720-768x810.jpg 768w, https:\/\/kichiko.net\/wp-content\/uploads\/2019\/03\/IMG_0720-971x1024.jpg 971w\" sizes=\"(max-width: 400px) 100vw, 400px\" \/><p id=\"caption-attachment-2147\" class=\"wp-caption-text\">5 uker<\/p><\/div>\n<div id=\"attachment_2139\" style=\"width: 410px\" class=\"wp-caption alignnone\"><img aria-describedby=\"caption-attachment-2139\" loading=\"lazy\" class=\"size-medium wp-image-2139\" src=\"http:\/\/kichiko.net\/wp-content\/uploads\/2019\/03\/IMG_0744-400x459.jpg\" alt=\"6 uker\" width=\"400\" height=\"459\" srcset=\"https:\/\/kichiko.net\/wp-content\/uploads\/2019\/03\/IMG_0744-400x459.jpg 400w, https:\/\/kichiko.net\/wp-content\/uploads\/2019\/03\/IMG_0744-768x882.jpg 768w, https:\/\/kichiko.net\/wp-content\/uploads\/2019\/03\/IMG_0744-892x1024.jpg 892w, https:\/\/kichiko.net\/wp-content\/uploads\/2019\/03\/IMG_0744.jpg 1468w\" sizes=\"(max-width: 400px) 100vw, 400px\" \/><p id=\"caption-attachment-2139\" class=\"wp-caption-text\">6 uker<\/p><\/div>\n<div id=\"attachment_2161\" style=\"width: 410px\" class=\"wp-caption alignnone\"><img aria-describedby=\"caption-attachment-2161\" loading=\"lazy\" class=\"size-medium wp-image-2161\" src=\"http:\/\/kichiko.net\/wp-content\/uploads\/2019\/03\/IMG_0776-400x406.jpg\" alt=\"7 uker\" width=\"400\" height=\"406\" srcset=\"https:\/\/kichiko.net\/wp-content\/uploads\/2019\/03\/IMG_0776-400x406.jpg 400w, https:\/\/kichiko.net\/wp-content\/uploads\/2019\/03\/IMG_0776-768x780.jpg 768w, https:\/\/kichiko.net\/wp-content\/uploads\/2019\/03\/IMG_0776-1008x1024.jpg 1008w, https:\/\/kichiko.net\/wp-content\/uploads\/2019\/03\/IMG_0776.jpg 1968w\" sizes=\"(max-width: 400px) 100vw, 400px\" \/><p id=\"caption-attachment-2161\" class=\"wp-caption-text\">7 uker<\/p><\/div>\n<div id=\"attachment_2185\" style=\"width: 410px\" class=\"wp-caption alignnone\"><img aria-describedby=\"caption-attachment-2185\" loading=\"lazy\" class=\"size-medium wp-image-2185\" src=\"http:\/\/kichiko.net\/wp-content\/uploads\/2019\/03\/IMG_0869-400x574.jpg\" alt=\"8 uker\" width=\"400\" height=\"574\" srcset=\"https:\/\/kichiko.net\/wp-content\/uploads\/2019\/03\/IMG_0869-400x574.jpg 400w, https:\/\/kichiko.net\/wp-content\/uploads\/2019\/03\/IMG_0869-768x1102.jpg 768w, https:\/\/kichiko.net\/wp-content\/uploads\/2019\/03\/IMG_0869-714x1024.jpg 714w, https:\/\/kichiko.net\/wp-content\/uploads\/2019\/03\/IMG_0869.jpg 1537w\" sizes=\"(max-width: 400px) 100vw, 400px\" \/><p id=\"caption-attachment-2185\" class=\"wp-caption-text\">8 uker<\/p><\/div>\n<div id=\"attachment_2192\" style=\"width: 410px\" class=\"wp-caption alignnone\"><img aria-describedby=\"caption-attachment-2192\" loading=\"lazy\" class=\"size-medium wp-image-2192\" src=\"http:\/\/kichiko.net\/wp-content\/uploads\/2019\/03\/IMG_0887-400x365.jpg\" alt=\"Ruby med sine nye eiere, Sara og Homan\" width=\"400\" height=\"365\" srcset=\"https:\/\/kichiko.net\/wp-content\/uploads\/2019\/03\/IMG_0887-400x365.jpg 400w, https:\/\/kichiko.net\/wp-content\/uploads\/2019\/03\/IMG_0887-768x701.jpg 768w, https:\/\/kichiko.net\/wp-content\/uploads\/2019\/03\/IMG_0887-1024x935.jpg 1024w\" sizes=\"(max-width: 400px) 100vw, 400px\" \/><p id=\"caption-attachment-2192\" class=\"wp-caption-text\">Ruby med sine nye eiere, Sara og Homan<\/p><\/div>\n<\/div>\n<\/div>\n<\/div>\n","protected":false},"excerpt":{"rendered":"<p>Kl. 20:45 . Nr.2 ble en r\u00f8d\u00a0hann som veide 270 gr.\u00a0\u00a0Han fikk navnet : Kichiko`s\u00a0 Tada Hisoku. Det betyr : \u00c6rlig Oppr\u00f8rer Nick : Ruby ( betyr &laquo;Fox&raquo; p\u00e5 Persisk ) Rase : Shiba Kj\u00f8nn :\u00a0Hann Farge : R\u00f8d F\u00f8dt : 15\/3-2019 Reg.nr : NO38367\/19 HD : C\/C AD : 0\/0 Eier : Homan Mousavi [&hellip;]<\/p>\n","protected":false},"author":2,"featured_media":0,"parent":2057,"menu_order":2,"comment_status":"closed","ping_status":"closed","template":"","meta":[],"_links":{"self":[{"href":"https:\/\/kichiko.net\/index.php?rest_route=\/wp\/v2\/pages\/2065"}],"collection":[{"href":"https:\/\/kichiko.net\/index.php?rest_route=\/wp\/v2\/pages"}],"about":[{"href":"https:\/\/kichiko.net\/index.php?rest_route=\/wp\/v2\/types\/page"}],"author":[{"embeddable":true,"href":"https:\/\/kichiko.net\/index.php?rest_route=\/wp\/v2\/users\/2"}],"replies":[{"embeddable":true,"href":"https:\/\/kichiko.net\/index.php?rest_route=%2Fwp%2Fv2%2Fcomments&post=2065"}],"version-history":[{"count":15,"href":"https:\/\/kichiko.net\/index.php?rest_route=\/wp\/v2\/pages\/2065\/revisions"}],"predecessor-version":[{"id":3059,"href":"https:\/\/kichiko.net\/index.php?rest_route=\/wp\/v2\/pages\/2065\/revisions\/3059"}],"up":[{"embeddable":true,"href":"https:\/\/kichiko.net\/index.php?rest_route=\/wp\/v2\/pages\/2057"}],"wp:attachment":[{"href":"https:\/\/kichiko.net\/index.php?rest_route=%2Fwp%2Fv2%2Fmedia&parent=2065"}],"curies":[{"name":"wp","href":"https:\/\/api.w.org\/{rel}","templated":true}]}}