{"id":1984,"date":"2018-12-19T21:08:44","date_gmt":"2018-12-19T20:08:44","guid":{"rendered":"http:\/\/kichiko.net\/?page_id=1984"},"modified":"2021-11-18T22:29:45","modified_gmt":"2021-11-18T21:29:45","slug":"saki","status":"publish","type":"page","link":"https:\/\/kichiko.net\/?page_id=1984","title":{"rendered":"Saki"},"content":{"rendered":"\n<figure class=\"wp-block-image\"><img loading=\"lazy\" width=\"1000\" height=\"698\" src=\"http:\/\/kichiko.net\/wp-content\/uploads\/2019\/07\/Saki2019.jpg\" alt=\"\" class=\"wp-image-2232\" srcset=\"https:\/\/kichiko.net\/wp-content\/uploads\/2019\/07\/Saki2019.jpg 1000w, https:\/\/kichiko.net\/wp-content\/uploads\/2019\/07\/Saki2019-400x279.jpg 400w, https:\/\/kichiko.net\/wp-content\/uploads\/2019\/07\/Saki2019-768x536.jpg 768w\" sizes=\"(max-width: 1000px) 100vw, 1000px\" \/><figcaption>Saki, Japanspesialen 2019<\/figcaption><\/figure>\n\n\n<p>\u00a0<\/p>\n<p><span class=\"rtb3\">Navn : Taihei No Saki Go Sapporo Kagasou<\/span><span class=\"rtb3\"><br \/>Nick :\u00a0Saki<br \/>Rase : Shiba<br \/>Kj\u00f8nn: Tispe<br \/>Farge : R\u00f8d<br \/>F\u00f8dt: 28\/6-2018<br \/><\/span>Reg.nr :\u00a0JKCJS 09878\/18-0, NP\/H30-18941<br \/>Oppdretter : Shuichi Kaga, Sapporoshi, Japan<br \/>HD : A\/A<br \/>AD: 0\/0<br \/>Patella : 0\/0<br \/>Bitt : Korrekt<br \/>\u00d8yenlyst m\/gonioskopi: Intet p\u00e5vist<\/p>\n<p>Titler: NUCH<br \/>Premieringer valp : 2 X HP, 2 X BIR, 2 X 4. BIG<\/p>\n<p>Premieringer voksen: 8 X CK, 3 X CERT<\/p>\n<p>Eiere: Hilde Schyttelvik, \u00c5ros og Wenche Ulleberg-B\u00f8hmer, Nannestad<\/p>\n<div id=\"attachment_2027\" style=\"width: 361px\" class=\"wp-caption alignnone\"><img aria-describedby=\"caption-attachment-2027\" loading=\"lazy\" class=\"size-full wp-image-2027\" src=\"http:\/\/kichiko.net\/wp-content\/uploads\/2018\/12\/Sakibig42001.jpg\" alt=\"20\/1-19\" width=\"351\" height=\"388\" \/><p id=\"caption-attachment-2027\" class=\"wp-caption-text\">20\/1-19<\/p><\/div>\n<p>\u00a0<\/p>\n<div id=\"attachment_2023\" style=\"width: 410px\" class=\"wp-caption alignnone\"><img aria-describedby=\"caption-attachment-2023\" loading=\"lazy\" class=\"size-medium wp-image-2023\" src=\"http:\/\/kichiko.net\/wp-content\/uploads\/2018\/12\/Saki20.01-400x407.jpg\" alt=\"20.01.2019\" width=\"400\" height=\"407\" srcset=\"https:\/\/kichiko.net\/wp-content\/uploads\/2018\/12\/Saki20.01-400x407.jpg 400w, https:\/\/kichiko.net\/wp-content\/uploads\/2018\/12\/Saki20.01-768x782.jpg 768w, https:\/\/kichiko.net\/wp-content\/uploads\/2018\/12\/Saki20.01-1006x1024.jpg 1006w, https:\/\/kichiko.net\/wp-content\/uploads\/2018\/12\/Saki20.01.jpg 1476w\" sizes=\"(max-width: 400px) 100vw, 400px\" \/><p id=\"caption-attachment-2023\" class=\"wp-caption-text\">20.01.2019<\/p><\/div>\n<div id=\"attachment_2000\" style=\"width: 410px\" class=\"wp-caption alignnone\"><img aria-describedby=\"caption-attachment-2000\" loading=\"lazy\" class=\"size-medium wp-image-2000\" src=\"http:\/\/kichiko.net\/wp-content\/uploads\/2018\/12\/Sakibig4-400x274.jpg\" alt=\"28\/12-18 Saki, 4. BIG\" width=\"400\" height=\"274\" srcset=\"https:\/\/kichiko.net\/wp-content\/uploads\/2018\/12\/Sakibig4-400x274.jpg 400w, https:\/\/kichiko.net\/wp-content\/uploads\/2018\/12\/Sakibig4-768x526.jpg 768w, https:\/\/kichiko.net\/wp-content\/uploads\/2018\/12\/Sakibig4.jpg 960w\" sizes=\"(max-width: 400px) 100vw, 400px\" \/><p id=\"caption-attachment-2000\" class=\"wp-caption-text\">28\/12-18 Saki, 4. BIG valp<\/p><\/div>\n<p>\u00a0<\/p>\n<div id=\"attachment_1999\" style=\"width: 410px\" class=\"wp-caption alignnone\"><img aria-describedby=\"caption-attachment-1999\" loading=\"lazy\" class=\"size-medium wp-image-1999\" src=\"http:\/\/kichiko.net\/wp-content\/uploads\/2018\/12\/SakiBIR-400x495.jpg\" alt=\"28\/12-18 Saki, BIR valp\" width=\"400\" height=\"495\" srcset=\"https:\/\/kichiko.net\/wp-content\/uploads\/2018\/12\/SakiBIR-400x495.jpg 400w, https:\/\/kichiko.net\/wp-content\/uploads\/2018\/12\/SakiBIR-768x950.jpg 768w, https:\/\/kichiko.net\/wp-content\/uploads\/2018\/12\/SakiBIR.jpg 776w\" sizes=\"(max-width: 400px) 100vw, 400px\" \/><p id=\"caption-attachment-1999\" class=\"wp-caption-text\">28\/12-18 Saki, BIR valp<\/p><\/div>","protected":false},"excerpt":{"rendered":"<p>\u00a0 Navn : Taihei No Saki Go Sapporo KagasouNick :\u00a0SakiRase : ShibaKj\u00f8nn: TispeFarge : R\u00f8dF\u00f8dt: 28\/6-2018Reg.nr :\u00a0JKCJS 09878\/18-0, NP\/H30-18941Oppdretter : Shuichi Kaga, Sapporoshi, JapanHD : A\/AAD: 0\/0Patella : 0\/0Bitt : Korrekt\u00d8yenlyst m\/gonioskopi: Intet p\u00e5vist Titler: NUCHPremieringer valp : 2 X HP, 2 X BIR, 2 X 4. BIG Premieringer voksen: 8 X CK, 3 X [&hellip;]<\/p>\n","protected":false},"author":2,"featured_media":0,"parent":862,"menu_order":14,"comment_status":"closed","ping_status":"closed","template":"","meta":[],"_links":{"self":[{"href":"https:\/\/kichiko.net\/index.php?rest_route=\/wp\/v2\/pages\/1984"}],"collection":[{"href":"https:\/\/kichiko.net\/index.php?rest_route=\/wp\/v2\/pages"}],"about":[{"href":"https:\/\/kichiko.net\/index.php?rest_route=\/wp\/v2\/types\/page"}],"author":[{"embeddable":true,"href":"https:\/\/kichiko.net\/index.php?rest_route=\/wp\/v2\/users\/2"}],"replies":[{"embeddable":true,"href":"https:\/\/kichiko.net\/index.php?rest_route=%2Fwp%2Fv2%2Fcomments&post=1984"}],"version-history":[{"count":14,"href":"https:\/\/kichiko.net\/index.php?rest_route=\/wp\/v2\/pages\/1984\/revisions"}],"predecessor-version":[{"id":3992,"href":"https:\/\/kichiko.net\/index.php?rest_route=\/wp\/v2\/pages\/1984\/revisions\/3992"}],"up":[{"embeddable":true,"href":"https:\/\/kichiko.net\/index.php?rest_route=\/wp\/v2\/pages\/862"}],"wp:attachment":[{"href":"https:\/\/kichiko.net\/index.php?rest_route=%2Fwp%2Fv2%2Fmedia&parent=1984"}],"curies":[{"name":"wp","href":"https:\/\/api.w.org\/{rel}","templated":true}]}}