{"id":1661,"date":"2018-09-01T15:28:46","date_gmt":"2018-09-01T14:28:46","guid":{"rendered":"http:\/\/kichiko.net\/?page_id=1661"},"modified":"2019-12-04T20:02:38","modified_gmt":"2019-12-04T19:02:38","slug":"kichikos-r-2","status":"publish","type":"page","link":"https:\/\/kichiko.net\/?page_id=1661","title":{"rendered":"Rinji Akikaze"},"content":{"rendered":"<p>Kl. 05:10\u00a0 Nr .2\u00a0 ble en r\u00f8d\u00a0hann som veide 255 gr.\u00a0\u00a0<span class=\"rtb4\">Han fikk navnet : Kichiko`s\u00a0 Rinji Akikaze.\u00a0 Det betyr : Spesiell H\u00f8stvind<\/span><\/p>\n<p><span class=\"rtb4\">Nick: Bror<br \/>\n<\/span><span class=\"rtb4\">Rase : Shiba<br \/>\nKj\u00f8nn : Hann<br \/>\nFarge : R\u00f8d<br \/>\nF\u00f8dt : 1\/9-2018<br \/>\nReg.nr : NO54504\/18<br \/>\nHD : A\/A<br \/>\nAD : 0\/0<\/p>\n<p><\/span><\/p>\n<p><strong><span class=\"rtb4\"><br \/>\n<\/span><\/strong><span class=\"rtb4\">Eiere :\u00a0Monica Bodin Sundet og Eirik Moen Eilertsen, Hagan<\/span><\/p>\n<div id=\"attachment_1665\" style=\"width: 410px\" class=\"wp-caption alignnone\"><img aria-describedby=\"caption-attachment-1665\" loading=\"lazy\" class=\"size-medium wp-image-1665\" src=\"http:\/\/kichiko.net\/wp-content\/uploads\/2018\/09\/2-400x390.jpg\" alt=\"Nyf\u00f8dt\" width=\"400\" height=\"390\" srcset=\"https:\/\/kichiko.net\/wp-content\/uploads\/2018\/09\/2-400x390.jpg 400w, https:\/\/kichiko.net\/wp-content\/uploads\/2018\/09\/2-768x749.jpg 768w, https:\/\/kichiko.net\/wp-content\/uploads\/2018\/09\/2-1024x998.jpg 1024w, https:\/\/kichiko.net\/wp-content\/uploads\/2018\/09\/2.jpg 2048w\" sizes=\"(max-width: 400px) 100vw, 400px\" \/><p id=\"caption-attachment-1665\" class=\"wp-caption-text\">Nyf\u00f8dt<\/p><\/div>\n<div id=\"attachment_1701\" style=\"width: 410px\" class=\"wp-caption alignnone\"><img aria-describedby=\"caption-attachment-1701\" loading=\"lazy\" class=\"size-medium wp-image-1701\" src=\"http:\/\/kichiko.net\/wp-content\/uploads\/2018\/09\/IMG_9949-400x321.jpg\" alt=\"1 uke \" width=\"400\" height=\"321\" srcset=\"https:\/\/kichiko.net\/wp-content\/uploads\/2018\/09\/IMG_9949-400x321.jpg 400w, https:\/\/kichiko.net\/wp-content\/uploads\/2018\/09\/IMG_9949-768x615.jpg 768w, https:\/\/kichiko.net\/wp-content\/uploads\/2018\/09\/IMG_9949-1024x821.jpg 1024w\" sizes=\"(max-width: 400px) 100vw, 400px\" \/><p id=\"caption-attachment-1701\" class=\"wp-caption-text\">1 uke<\/p><\/div>\n<div id=\"attachment_1731\" style=\"width: 410px\" class=\"wp-caption alignnone\"><img aria-describedby=\"caption-attachment-1731\" loading=\"lazy\" class=\"size-medium wp-image-1731\" src=\"http:\/\/kichiko.net\/wp-content\/uploads\/2018\/09\/IMG_9985-400x387.jpg\" alt=\"2 uker\" width=\"400\" height=\"387\" srcset=\"https:\/\/kichiko.net\/wp-content\/uploads\/2018\/09\/IMG_9985-400x387.jpg 400w, https:\/\/kichiko.net\/wp-content\/uploads\/2018\/09\/IMG_9985-768x743.jpg 768w, https:\/\/kichiko.net\/wp-content\/uploads\/2018\/09\/IMG_9985-1024x990.jpg 1024w, https:\/\/kichiko.net\/wp-content\/uploads\/2018\/09\/IMG_9985.jpg 2020w\" sizes=\"(max-width: 400px) 100vw, 400px\" \/><p id=\"caption-attachment-1731\" class=\"wp-caption-text\">2 uker<\/p><\/div>\n<div id=\"attachment_1761\" style=\"width: 410px\" class=\"wp-caption alignnone\"><img aria-describedby=\"caption-attachment-1761\" loading=\"lazy\" class=\"size-medium wp-image-1761\" src=\"http:\/\/kichiko.net\/wp-content\/uploads\/2018\/09\/IMG_0053-400x444.jpg\" alt=\"3 uker\" width=\"400\" height=\"444\" srcset=\"https:\/\/kichiko.net\/wp-content\/uploads\/2018\/09\/IMG_0053-400x444.jpg 400w, https:\/\/kichiko.net\/wp-content\/uploads\/2018\/09\/IMG_0053-768x852.jpg 768w, https:\/\/kichiko.net\/wp-content\/uploads\/2018\/09\/IMG_0053-924x1024.jpg 924w, https:\/\/kichiko.net\/wp-content\/uploads\/2018\/09\/IMG_0053.jpg 1599w\" sizes=\"(max-width: 400px) 100vw, 400px\" \/><p id=\"caption-attachment-1761\" class=\"wp-caption-text\">3 uker<\/p><\/div>\n<div id=\"attachment_1788\" style=\"width: 410px\" class=\"wp-caption alignnone\"><img aria-describedby=\"caption-attachment-1788\" loading=\"lazy\" class=\"size-medium wp-image-1788\" src=\"http:\/\/kichiko.net\/wp-content\/uploads\/2018\/09\/IMG_0127-400x433.jpg\" alt=\"4 uker\" width=\"400\" height=\"433\" srcset=\"https:\/\/kichiko.net\/wp-content\/uploads\/2018\/09\/IMG_0127-400x433.jpg 400w, https:\/\/kichiko.net\/wp-content\/uploads\/2018\/09\/IMG_0127-768x832.jpg 768w, https:\/\/kichiko.net\/wp-content\/uploads\/2018\/09\/IMG_0127-945x1024.jpg 945w, https:\/\/kichiko.net\/wp-content\/uploads\/2018\/09\/IMG_0127.jpg 1600w\" sizes=\"(max-width: 400px) 100vw, 400px\" \/><p id=\"caption-attachment-1788\" class=\"wp-caption-text\">4 uker<\/p><\/div>\n<div id=\"attachment_1817\" style=\"width: 410px\" class=\"wp-caption alignnone\"><img aria-describedby=\"caption-attachment-1817\" loading=\"lazy\" class=\"size-medium wp-image-1817\" src=\"http:\/\/kichiko.net\/wp-content\/uploads\/2018\/09\/IMG_0230-400x533.jpg\" alt=\"5 uker\" width=\"400\" height=\"533\" srcset=\"https:\/\/kichiko.net\/wp-content\/uploads\/2018\/09\/IMG_0230-400x533.jpg 400w, https:\/\/kichiko.net\/wp-content\/uploads\/2018\/09\/IMG_0230-768x1023.jpg 768w, https:\/\/kichiko.net\/wp-content\/uploads\/2018\/09\/IMG_0230-769x1024.jpg 769w, https:\/\/kichiko.net\/wp-content\/uploads\/2018\/09\/IMG_0230.jpg 1385w\" sizes=\"(max-width: 400px) 100vw, 400px\" \/><p id=\"caption-attachment-1817\" class=\"wp-caption-text\">5 uker<\/p><\/div>\n<div id=\"attachment_1869\" style=\"width: 410px\" class=\"wp-caption alignnone\"><img aria-describedby=\"caption-attachment-1869\" loading=\"lazy\" class=\"size-medium wp-image-1869\" src=\"http:\/\/kichiko.net\/wp-content\/uploads\/2018\/09\/IMG_0324-400x577.jpg\" alt=\"6 uker\" width=\"400\" height=\"577\" srcset=\"https:\/\/kichiko.net\/wp-content\/uploads\/2018\/09\/IMG_0324-400x577.jpg 400w, https:\/\/kichiko.net\/wp-content\/uploads\/2018\/09\/IMG_0324-768x1107.jpg 768w, https:\/\/kichiko.net\/wp-content\/uploads\/2018\/09\/IMG_0324-710x1024.jpg 710w, https:\/\/kichiko.net\/wp-content\/uploads\/2018\/09\/IMG_0324.jpg 1500w\" sizes=\"(max-width: 400px) 100vw, 400px\" \/><p id=\"caption-attachment-1869\" class=\"wp-caption-text\">6 uker<\/p><\/div>\n<div id=\"attachment_1897\" style=\"width: 410px\" class=\"wp-caption alignnone\"><img aria-describedby=\"caption-attachment-1897\" loading=\"lazy\" class=\"size-medium wp-image-1897\" src=\"http:\/\/kichiko.net\/wp-content\/uploads\/2018\/09\/IMG_0400-400x463.jpg\" alt=\"7 uker \" width=\"400\" height=\"463\" srcset=\"https:\/\/kichiko.net\/wp-content\/uploads\/2018\/09\/IMG_0400-400x463.jpg 400w, https:\/\/kichiko.net\/wp-content\/uploads\/2018\/09\/IMG_0400-768x888.jpg 768w, https:\/\/kichiko.net\/wp-content\/uploads\/2018\/09\/IMG_0400-886x1024.jpg 886w, https:\/\/kichiko.net\/wp-content\/uploads\/2018\/09\/IMG_0400.jpg 1811w\" sizes=\"(max-width: 400px) 100vw, 400px\" \/><p id=\"caption-attachment-1897\" class=\"wp-caption-text\">7 uker<\/p><\/div>\n<div id=\"attachment_1923\" style=\"width: 410px\" class=\"wp-caption alignnone\"><img aria-describedby=\"caption-attachment-1923\" loading=\"lazy\" class=\"size-medium wp-image-1923\" src=\"http:\/\/kichiko.net\/wp-content\/uploads\/2018\/09\/IMG_0547-400x330.jpg\" alt=\"Bror med sine nye eiere, Monica og Eirik\" width=\"400\" height=\"330\" srcset=\"https:\/\/kichiko.net\/wp-content\/uploads\/2018\/09\/IMG_0547-400x330.jpg 400w, https:\/\/kichiko.net\/wp-content\/uploads\/2018\/09\/IMG_0547-768x633.jpg 768w, https:\/\/kichiko.net\/wp-content\/uploads\/2018\/09\/IMG_0547-1024x844.jpg 1024w\" sizes=\"(max-width: 400px) 100vw, 400px\" \/><p id=\"caption-attachment-1923\" class=\"wp-caption-text\">Bror med sine nye eiere, Monica og Eirik<\/p><\/div>\n<div id=\"attachment_1924\" style=\"width: 410px\" class=\"wp-caption alignnone\"><img aria-describedby=\"caption-attachment-1924\" loading=\"lazy\" class=\"size-medium wp-image-1924\" src=\"http:\/\/kichiko.net\/wp-content\/uploads\/2018\/09\/IMG_0546-400x364.jpg\" alt=\"Begge ville holde godgutten p\u00e5 bildene\" width=\"400\" height=\"364\" srcset=\"https:\/\/kichiko.net\/wp-content\/uploads\/2018\/09\/IMG_0546-400x364.jpg 400w, https:\/\/kichiko.net\/wp-content\/uploads\/2018\/09\/IMG_0546-768x698.jpg 768w, https:\/\/kichiko.net\/wp-content\/uploads\/2018\/09\/IMG_0546-1024x931.jpg 1024w\" sizes=\"(max-width: 400px) 100vw, 400px\" \/><p id=\"caption-attachment-1924\" class=\"wp-caption-text\">Begge ville holde godgutten p\u00e5 bildene<\/p><\/div>\n","protected":false},"excerpt":{"rendered":"<p>Kl. 05:10\u00a0 Nr .2\u00a0 ble en r\u00f8d\u00a0hann som veide 255 gr.\u00a0\u00a0Han fikk navnet : Kichiko`s\u00a0 Rinji Akikaze.\u00a0 Det betyr : Spesiell H\u00f8stvind Nick: Bror Rase : Shiba Kj\u00f8nn : Hann Farge : R\u00f8d F\u00f8dt : 1\/9-2018 Reg.nr : NO54504\/18 HD : A\/A AD : 0\/0 Eiere :\u00a0Monica Bodin Sundet og Eirik Moen Eilertsen, Hagan<\/p>\n","protected":false},"author":2,"featured_media":0,"parent":1657,"menu_order":2,"comment_status":"closed","ping_status":"closed","template":"","meta":[],"_links":{"self":[{"href":"https:\/\/kichiko.net\/index.php?rest_route=\/wp\/v2\/pages\/1661"}],"collection":[{"href":"https:\/\/kichiko.net\/index.php?rest_route=\/wp\/v2\/pages"}],"about":[{"href":"https:\/\/kichiko.net\/index.php?rest_route=\/wp\/v2\/types\/page"}],"author":[{"embeddable":true,"href":"https:\/\/kichiko.net\/index.php?rest_route=\/wp\/v2\/users\/2"}],"replies":[{"embeddable":true,"href":"https:\/\/kichiko.net\/index.php?rest_route=%2Fwp%2Fv2%2Fcomments&post=1661"}],"version-history":[{"count":14,"href":"https:\/\/kichiko.net\/index.php?rest_route=\/wp\/v2\/pages\/1661\/revisions"}],"predecessor-version":[{"id":2497,"href":"https:\/\/kichiko.net\/index.php?rest_route=\/wp\/v2\/pages\/1661\/revisions\/2497"}],"up":[{"embeddable":true,"href":"https:\/\/kichiko.net\/index.php?rest_route=\/wp\/v2\/pages\/1657"}],"wp:attachment":[{"href":"https:\/\/kichiko.net\/index.php?rest_route=%2Fwp%2Fv2%2Fmedia&parent=1661"}],"curies":[{"name":"wp","href":"https:\/\/api.w.org\/{rel}","templated":true}]}}