{"id":1659,"date":"2018-09-01T15:28:13","date_gmt":"2018-09-01T14:28:13","guid":{"rendered":"http:\/\/kichiko.net\/?page_id=1659"},"modified":"2020-01-16T17:28:48","modified_gmt":"2020-01-16T16:28:48","slug":"kichikos-r","status":"publish","type":"page","link":"https:\/\/kichiko.net\/?page_id=1659","title":{"rendered":"Rinji Benitaro"},"content":{"rendered":"<p>Kl. 05:10\u00a0 Nr .1\u00a0 ble en r\u00f8d\u00a0hann som veide 275 gr.\u00a0\u00a0<span class=\"rtb4\">Han fikk navnet : Kichiko`s\u00a0 Rinji. Benitaro. Det betyr :\u00a0 Spesiell R\u00f8d Gutt<\/span><\/p>\n<p><span class=\"rtb4\">Nick: Cody<br \/>\n<\/span><span class=\"rtb4\">Rase : Shiba<br \/>\nKj\u00f8nn : Hann<br \/>\nFarge : R\u00f8d<br \/>\nF\u00f8dt : 1\/9-2018<br \/>\nReg.nr : NO54503\/18<br \/>\nHD : D\/D<br \/>\nAD : 0\/0<\/span><\/p>\n<p><strong><span class=\"rtb4\"><br \/>\n<\/span><\/strong><span class=\"rtb4\">Eiere : Iren Langseth og Richard Simensen,Brandbu<\/span><\/p>\n<div id=\"attachment_1664\" style=\"width: 410px\" class=\"wp-caption alignnone\"><img aria-describedby=\"caption-attachment-1664\" loading=\"lazy\" class=\"size-medium wp-image-1664\" src=\"http:\/\/kichiko.net\/wp-content\/uploads\/2018\/09\/1-400x429.jpg\" alt=\"Nyf\u00f8dt\" width=\"400\" height=\"429\" srcset=\"https:\/\/kichiko.net\/wp-content\/uploads\/2018\/09\/1-400x429.jpg 400w, https:\/\/kichiko.net\/wp-content\/uploads\/2018\/09\/1-768x823.jpg 768w, https:\/\/kichiko.net\/wp-content\/uploads\/2018\/09\/1-956x1024.jpg 956w, https:\/\/kichiko.net\/wp-content\/uploads\/2018\/09\/1.jpg 1911w\" sizes=\"(max-width: 400px) 100vw, 400px\" \/><p id=\"caption-attachment-1664\" class=\"wp-caption-text\">Nyf\u00f8dt<\/p><\/div>\n<div id=\"attachment_1700\" style=\"width: 410px\" class=\"wp-caption alignnone\"><img aria-describedby=\"caption-attachment-1700\" loading=\"lazy\" class=\"size-medium wp-image-1700\" src=\"http:\/\/kichiko.net\/wp-content\/uploads\/2018\/09\/IMG_9946-400x256.jpg\" alt=\"1 uke \" width=\"400\" height=\"256\" srcset=\"https:\/\/kichiko.net\/wp-content\/uploads\/2018\/09\/IMG_9946-400x256.jpg 400w, https:\/\/kichiko.net\/wp-content\/uploads\/2018\/09\/IMG_9946-768x492.jpg 768w, https:\/\/kichiko.net\/wp-content\/uploads\/2018\/09\/IMG_9946-1024x656.jpg 1024w\" sizes=\"(max-width: 400px) 100vw, 400px\" \/><p id=\"caption-attachment-1700\" class=\"wp-caption-text\">1 uke<\/p><\/div>\n<div id=\"attachment_1730\" style=\"width: 410px\" class=\"wp-caption alignnone\"><img aria-describedby=\"caption-attachment-1730\" loading=\"lazy\" class=\"size-medium wp-image-1730\" src=\"http:\/\/kichiko.net\/wp-content\/uploads\/2018\/09\/IMG_9982-400x388.jpg\" alt=\"2 uker\" width=\"400\" height=\"388\" srcset=\"https:\/\/kichiko.net\/wp-content\/uploads\/2018\/09\/IMG_9982-400x388.jpg 400w, https:\/\/kichiko.net\/wp-content\/uploads\/2018\/09\/IMG_9982-768x745.jpg 768w, https:\/\/kichiko.net\/wp-content\/uploads\/2018\/09\/IMG_9982-1024x993.jpg 1024w, https:\/\/kichiko.net\/wp-content\/uploads\/2018\/09\/IMG_9982.jpg 1886w\" sizes=\"(max-width: 400px) 100vw, 400px\" \/><p id=\"caption-attachment-1730\" class=\"wp-caption-text\">2 uker<\/p><\/div>\n<div id=\"attachment_1760\" style=\"width: 410px\" class=\"wp-caption alignnone\"><img aria-describedby=\"caption-attachment-1760\" loading=\"lazy\" class=\"size-medium wp-image-1760\" src=\"http:\/\/kichiko.net\/wp-content\/uploads\/2018\/09\/IMG_0051-400x335.jpg\" alt=\"3 uker \" width=\"400\" height=\"335\" srcset=\"https:\/\/kichiko.net\/wp-content\/uploads\/2018\/09\/IMG_0051-400x335.jpg 400w, https:\/\/kichiko.net\/wp-content\/uploads\/2018\/09\/IMG_0051-768x643.jpg 768w, https:\/\/kichiko.net\/wp-content\/uploads\/2018\/09\/IMG_0051-1024x857.jpg 1024w, https:\/\/kichiko.net\/wp-content\/uploads\/2018\/09\/IMG_0051.jpg 1850w\" sizes=\"(max-width: 400px) 100vw, 400px\" \/><p id=\"caption-attachment-1760\" class=\"wp-caption-text\">3 uker<\/p><\/div>\n<div id=\"attachment_1789\" style=\"width: 410px\" class=\"wp-caption alignnone\"><img aria-describedby=\"caption-attachment-1789\" loading=\"lazy\" class=\"size-medium wp-image-1789\" src=\"http:\/\/kichiko.net\/wp-content\/uploads\/2018\/09\/IMG_0131-400x580.jpg\" alt=\"4 uker\" width=\"400\" height=\"580\" srcset=\"https:\/\/kichiko.net\/wp-content\/uploads\/2018\/09\/IMG_0131-400x580.jpg 400w, https:\/\/kichiko.net\/wp-content\/uploads\/2018\/09\/IMG_0131-768x1113.jpg 768w, https:\/\/kichiko.net\/wp-content\/uploads\/2018\/09\/IMG_0131-706x1024.jpg 706w, https:\/\/kichiko.net\/wp-content\/uploads\/2018\/09\/IMG_0131.jpg 832w\" sizes=\"(max-width: 400px) 100vw, 400px\" \/><p id=\"caption-attachment-1789\" class=\"wp-caption-text\">4 uker<\/p><\/div>\n<div id=\"attachment_1816\" style=\"width: 410px\" class=\"wp-caption alignnone\"><img aria-describedby=\"caption-attachment-1816\" loading=\"lazy\" class=\"size-medium wp-image-1816\" src=\"http:\/\/kichiko.net\/wp-content\/uploads\/2018\/09\/IMG_0227-400x478.jpg\" alt=\"5 uker\" width=\"400\" height=\"478\" srcset=\"https:\/\/kichiko.net\/wp-content\/uploads\/2018\/09\/IMG_0227-400x478.jpg 400w, https:\/\/kichiko.net\/wp-content\/uploads\/2018\/09\/IMG_0227-768x917.jpg 768w, https:\/\/kichiko.net\/wp-content\/uploads\/2018\/09\/IMG_0227-858x1024.jpg 858w, https:\/\/kichiko.net\/wp-content\/uploads\/2018\/09\/IMG_0227.jpg 1253w\" sizes=\"(max-width: 400px) 100vw, 400px\" \/><p id=\"caption-attachment-1816\" class=\"wp-caption-text\">5 uker<\/p><\/div>\n<div id=\"attachment_1868\" style=\"width: 410px\" class=\"wp-caption alignnone\"><img aria-describedby=\"caption-attachment-1868\" loading=\"lazy\" class=\"size-medium wp-image-1868\" src=\"http:\/\/kichiko.net\/wp-content\/uploads\/2018\/09\/IMG_0320-400x542.jpg\" alt=\"6 uker\" width=\"400\" height=\"542\" srcset=\"https:\/\/kichiko.net\/wp-content\/uploads\/2018\/09\/IMG_0320-400x542.jpg 400w, https:\/\/kichiko.net\/wp-content\/uploads\/2018\/09\/IMG_0320-768x1040.jpg 768w, https:\/\/kichiko.net\/wp-content\/uploads\/2018\/09\/IMG_0320-756x1024.jpg 756w, https:\/\/kichiko.net\/wp-content\/uploads\/2018\/09\/IMG_0320.jpg 1695w\" sizes=\"(max-width: 400px) 100vw, 400px\" \/><p id=\"caption-attachment-1868\" class=\"wp-caption-text\">6 uker<\/p><\/div>\n<div id=\"attachment_1896\" style=\"width: 410px\" class=\"wp-caption alignnone\"><img aria-describedby=\"caption-attachment-1896\" loading=\"lazy\" class=\"size-medium wp-image-1896\" src=\"http:\/\/kichiko.net\/wp-content\/uploads\/2018\/09\/IMG_0397-400x522.jpg\" alt=\"7 uker \" width=\"400\" height=\"522\" srcset=\"https:\/\/kichiko.net\/wp-content\/uploads\/2018\/09\/IMG_0397-400x522.jpg 400w, https:\/\/kichiko.net\/wp-content\/uploads\/2018\/09\/IMG_0397-768x1001.jpg 768w, https:\/\/kichiko.net\/wp-content\/uploads\/2018\/09\/IMG_0397-785x1024.jpg 785w, https:\/\/kichiko.net\/wp-content\/uploads\/2018\/09\/IMG_0397.jpg 1494w\" sizes=\"(max-width: 400px) 100vw, 400px\" \/><p id=\"caption-attachment-1896\" class=\"wp-caption-text\">7 uker<\/p><\/div>\n","protected":false},"excerpt":{"rendered":"<p>Kl. 05:10\u00a0 Nr .1\u00a0 ble en r\u00f8d\u00a0hann som veide 275 gr.\u00a0\u00a0Han fikk navnet : Kichiko`s\u00a0 Rinji. Benitaro. Det betyr :\u00a0 Spesiell R\u00f8d Gutt Nick: Cody Rase : Shiba Kj\u00f8nn : Hann Farge : R\u00f8d F\u00f8dt : 1\/9-2018 Reg.nr : NO54503\/18 HD : D\/D AD : 0\/0 Eiere : Iren Langseth og Richard Simensen,Brandbu<\/p>\n","protected":false},"author":2,"featured_media":0,"parent":1657,"menu_order":1,"comment_status":"closed","ping_status":"closed","template":"","meta":[],"_links":{"self":[{"href":"https:\/\/kichiko.net\/index.php?rest_route=\/wp\/v2\/pages\/1659"}],"collection":[{"href":"https:\/\/kichiko.net\/index.php?rest_route=\/wp\/v2\/pages"}],"about":[{"href":"https:\/\/kichiko.net\/index.php?rest_route=\/wp\/v2\/types\/page"}],"author":[{"embeddable":true,"href":"https:\/\/kichiko.net\/index.php?rest_route=\/wp\/v2\/users\/2"}],"replies":[{"embeddable":true,"href":"https:\/\/kichiko.net\/index.php?rest_route=%2Fwp%2Fv2%2Fcomments&post=1659"}],"version-history":[{"count":17,"href":"https:\/\/kichiko.net\/index.php?rest_route=\/wp\/v2\/pages\/1659\/revisions"}],"predecessor-version":[{"id":2615,"href":"https:\/\/kichiko.net\/index.php?rest_route=\/wp\/v2\/pages\/1659\/revisions\/2615"}],"up":[{"embeddable":true,"href":"https:\/\/kichiko.net\/index.php?rest_route=\/wp\/v2\/pages\/1657"}],"wp:attachment":[{"href":"https:\/\/kichiko.net\/index.php?rest_route=%2Fwp%2Fv2%2Fmedia&parent=1659"}],"curies":[{"name":"wp","href":"https:\/\/api.w.org\/{rel}","templated":true}]}}