{"id":1628,"date":"2018-08-14T20:55:14","date_gmt":"2018-08-14T19:55:14","guid":{"rendered":"http:\/\/kichiko.net\/?page_id=1628"},"modified":"2021-08-15T22:51:52","modified_gmt":"2021-08-15T21:51:52","slug":"kichikos-q-2","status":"publish","type":"page","link":"https:\/\/kichiko.net\/?page_id=1628","title":{"rendered":"Quite Arai Yamahime"},"content":{"rendered":"<p>Kl.\u00a021:30 . Nr.2 ble en r\u00f8d tispe som veide 230\u00a0gr.\u00a0\u00a0<span class=\"rtb4\">Hun fikk navnet : Kichiko`s\u00a0 Quite Arai Yamahime. Det betyr :\u00a0 Ganske Vill Fjellprinsesse<\/span><\/p>\n<div class=\"tmpMainPicBox\">\n<div class=\"tmpMainPicSubBox\">\n<div class=\"tmpMainRich\">\n<p><span class=\"rtb4\">Nick : Tia<br \/>Rase : Shiba<br \/>Kj\u00f8nn :\u00a0Tispe<br \/>Farge : R\u00f8d<br \/>F\u00f8dt :\u00a031\/8-2018<br \/>Reg.nr : NO54500\/18<br \/>HD : A\/A<br \/>AD : 0\/0<br \/>Patella : 0\/0<\/span><\/p>\n<p>Premieringer valp: 6 X HP, 4X BIR valp, 1 X 1.BIG valp, 2 X 2.BIG valp, 1 X 1. BEST IN SHOW valp<\/p>\n<p>Premieringer voksen: 12 X CK, 4 X res.cert, 4 X CERT, 4 X BIM, 2 X res.cacib<\/p>\n<p>Titler: NUCH<\/p>\n<p><strong><span class=\"rtb4\"><br \/><\/span><\/strong><span class=\"rtb4\">Eiere : Svein-Thore, Wenche og Svein Ulleberg-B\u00f8hmer, Nannestad<\/span><\/p>\n<div id=\"attachment_1639\" style=\"width: 410px\" class=\"wp-caption alignnone\"><img aria-describedby=\"caption-attachment-1639\" loading=\"lazy\" class=\"size-medium wp-image-1639\" src=\"http:\/\/kichiko.net\/wp-content\/uploads\/2018\/08\/2-400x358.jpg\" alt=\"Nyf\u00f8dt\" width=\"400\" height=\"358\" srcset=\"https:\/\/kichiko.net\/wp-content\/uploads\/2018\/08\/2-400x358.jpg 400w, https:\/\/kichiko.net\/wp-content\/uploads\/2018\/08\/2-768x688.jpg 768w, https:\/\/kichiko.net\/wp-content\/uploads\/2018\/08\/2-1024x917.jpg 1024w, https:\/\/kichiko.net\/wp-content\/uploads\/2018\/08\/2.jpg 2048w\" sizes=\"(max-width: 400px) 100vw, 400px\" \/><p id=\"caption-attachment-1639\" class=\"wp-caption-text\">Nyf\u00f8dt<\/p><\/div>\n<div id=\"attachment_1692\" style=\"width: 410px\" class=\"wp-caption alignnone\"><img aria-describedby=\"caption-attachment-1692\" loading=\"lazy\" class=\"size-medium wp-image-1692\" src=\"http:\/\/kichiko.net\/wp-content\/uploads\/2018\/08\/IMG_9937-400x330.jpg\" alt=\"1 uke \" width=\"400\" height=\"330\" srcset=\"https:\/\/kichiko.net\/wp-content\/uploads\/2018\/08\/IMG_9937-400x330.jpg 400w, https:\/\/kichiko.net\/wp-content\/uploads\/2018\/08\/IMG_9937-768x634.jpg 768w, https:\/\/kichiko.net\/wp-content\/uploads\/2018\/08\/IMG_9937-1024x845.jpg 1024w\" sizes=\"(max-width: 400px) 100vw, 400px\" \/><p id=\"caption-attachment-1692\" class=\"wp-caption-text\">1 uke<\/p><\/div>\n<div id=\"attachment_1724\" style=\"width: 410px\" class=\"wp-caption alignnone\"><img aria-describedby=\"caption-attachment-1724\" loading=\"lazy\" class=\"size-medium wp-image-1724\" src=\"http:\/\/kichiko.net\/wp-content\/uploads\/2018\/08\/IMG_9959-400x397.jpg\" alt=\"2 uker \" width=\"400\" height=\"397\" srcset=\"https:\/\/kichiko.net\/wp-content\/uploads\/2018\/08\/IMG_9959-400x397.jpg 400w, https:\/\/kichiko.net\/wp-content\/uploads\/2018\/08\/IMG_9959-150x150.jpg 150w, https:\/\/kichiko.net\/wp-content\/uploads\/2018\/08\/IMG_9959-768x763.jpg 768w, https:\/\/kichiko.net\/wp-content\/uploads\/2018\/08\/IMG_9959-1024x1017.jpg 1024w, https:\/\/kichiko.net\/wp-content\/uploads\/2018\/08\/IMG_9959.jpg 1870w\" sizes=\"(max-width: 400px) 100vw, 400px\" \/><p id=\"caption-attachment-1724\" class=\"wp-caption-text\">2 uker<\/p><\/div>\n<div id=\"attachment_1751\" style=\"width: 410px\" class=\"wp-caption alignnone\"><img aria-describedby=\"caption-attachment-1751\" loading=\"lazy\" class=\"size-medium wp-image-1751\" src=\"http:\/\/kichiko.net\/wp-content\/uploads\/2018\/08\/IMG_0032-400x360.jpg\" alt=\"3 uker\" width=\"400\" height=\"360\" srcset=\"https:\/\/kichiko.net\/wp-content\/uploads\/2018\/08\/IMG_0032-400x360.jpg 400w, https:\/\/kichiko.net\/wp-content\/uploads\/2018\/08\/IMG_0032-768x691.jpg 768w, https:\/\/kichiko.net\/wp-content\/uploads\/2018\/08\/IMG_0032-1024x921.jpg 1024w\" sizes=\"(max-width: 400px) 100vw, 400px\" \/><p id=\"caption-attachment-1751\" class=\"wp-caption-text\">3 uker<\/p><\/div>\n<div id=\"attachment_1779\" style=\"width: 410px\" class=\"wp-caption alignnone\"><img aria-describedby=\"caption-attachment-1779\" loading=\"lazy\" class=\"size-medium wp-image-1779\" src=\"http:\/\/kichiko.net\/wp-content\/uploads\/2018\/08\/IMG_0089-400x351.jpg\" alt=\"4 uker\" width=\"400\" height=\"351\" srcset=\"https:\/\/kichiko.net\/wp-content\/uploads\/2018\/08\/IMG_0089-400x351.jpg 400w, https:\/\/kichiko.net\/wp-content\/uploads\/2018\/08\/IMG_0089-768x673.jpg 768w, https:\/\/kichiko.net\/wp-content\/uploads\/2018\/08\/IMG_0089-1024x898.jpg 1024w, https:\/\/kichiko.net\/wp-content\/uploads\/2018\/08\/IMG_0089.jpg 1506w\" sizes=\"(max-width: 400px) 100vw, 400px\" \/><p id=\"caption-attachment-1779\" class=\"wp-caption-text\">4 uker<\/p><\/div>\n<div id=\"attachment_1808\" style=\"width: 410px\" class=\"wp-caption alignnone\"><img aria-describedby=\"caption-attachment-1808\" loading=\"lazy\" class=\"size-medium wp-image-1808\" src=\"http:\/\/kichiko.net\/wp-content\/uploads\/2018\/08\/IMG_0188-400x372.jpg\" alt=\"5 uker \" width=\"400\" height=\"372\" srcset=\"https:\/\/kichiko.net\/wp-content\/uploads\/2018\/08\/IMG_0188-400x372.jpg 400w, https:\/\/kichiko.net\/wp-content\/uploads\/2018\/08\/IMG_0188-768x715.jpg 768w, https:\/\/kichiko.net\/wp-content\/uploads\/2018\/08\/IMG_0188-1024x953.jpg 1024w, https:\/\/kichiko.net\/wp-content\/uploads\/2018\/08\/IMG_0188.jpg 1916w\" sizes=\"(max-width: 400px) 100vw, 400px\" \/><p id=\"caption-attachment-1808\" class=\"wp-caption-text\">5 uker<\/p><\/div>\n<div id=\"attachment_1861\" style=\"width: 410px\" class=\"wp-caption alignnone\"><img aria-describedby=\"caption-attachment-1861\" loading=\"lazy\" class=\"size-medium wp-image-1861\" src=\"http:\/\/kichiko.net\/wp-content\/uploads\/2018\/08\/IMG_0316-400x523.jpg\" alt=\"6 uker\" width=\"400\" height=\"523\" srcset=\"https:\/\/kichiko.net\/wp-content\/uploads\/2018\/08\/IMG_0316-400x523.jpg 400w, https:\/\/kichiko.net\/wp-content\/uploads\/2018\/08\/IMG_0316-768x1004.jpg 768w, https:\/\/kichiko.net\/wp-content\/uploads\/2018\/08\/IMG_0316-783x1024.jpg 783w, https:\/\/kichiko.net\/wp-content\/uploads\/2018\/08\/IMG_0316.jpg 1553w\" sizes=\"(max-width: 400px) 100vw, 400px\" \/><p id=\"caption-attachment-1861\" class=\"wp-caption-text\">6 uker<\/p><\/div>\n<div id=\"attachment_1887\" style=\"width: 410px\" class=\"wp-caption alignnone\"><img aria-describedby=\"caption-attachment-1887\" loading=\"lazy\" class=\"size-medium wp-image-1887\" src=\"http:\/\/kichiko.net\/wp-content\/uploads\/2018\/08\/IMG_0373-400x557.jpg\" alt=\"7 uker\" width=\"400\" height=\"557\" srcset=\"https:\/\/kichiko.net\/wp-content\/uploads\/2018\/08\/IMG_0373-400x557.jpg 400w, https:\/\/kichiko.net\/wp-content\/uploads\/2018\/08\/IMG_0373-768x1069.jpg 768w, https:\/\/kichiko.net\/wp-content\/uploads\/2018\/08\/IMG_0373-736x1024.jpg 736w, https:\/\/kichiko.net\/wp-content\/uploads\/2018\/08\/IMG_0373.jpg 1349w\" sizes=\"(max-width: 400px) 100vw, 400px\" \/><p id=\"caption-attachment-1887\" class=\"wp-caption-text\">7 uker<\/p><\/div>\n<div id=\"attachment_1914\" style=\"width: 410px\" class=\"wp-caption alignnone\"><img aria-describedby=\"caption-attachment-1914\" loading=\"lazy\" class=\"size-medium wp-image-1914\" src=\"http:\/\/kichiko.net\/wp-content\/uploads\/2018\/08\/IMG_0529-400x499.jpg\" alt=\"Tia med sin nye eier, Svein-Thore\" width=\"400\" height=\"499\" srcset=\"https:\/\/kichiko.net\/wp-content\/uploads\/2018\/08\/IMG_0529-400x499.jpg 400w, https:\/\/kichiko.net\/wp-content\/uploads\/2018\/08\/IMG_0529-768x958.jpg 768w, https:\/\/kichiko.net\/wp-content\/uploads\/2018\/08\/IMG_0529-821x1024.jpg 821w, https:\/\/kichiko.net\/wp-content\/uploads\/2018\/08\/IMG_0529.jpg 1958w\" sizes=\"(max-width: 400px) 100vw, 400px\" \/><p id=\"caption-attachment-1914\" class=\"wp-caption-text\">Tia med sin nye eier, Svein-Thore<\/p><\/div>\n<div id=\"attachment_2120\" style=\"width: 410px\" class=\"wp-caption alignnone\"><img aria-describedby=\"caption-attachment-2120\" loading=\"lazy\" class=\"size-medium wp-image-2120\" src=\"http:\/\/kichiko.net\/wp-content\/uploads\/2018\/08\/TIA-400x545.jpg\" alt=\"Tia og Svein-Thore, P\u00e5skeutstillingen 20\/4-2019 ( BIS valp )\" width=\"400\" height=\"545\" srcset=\"https:\/\/kichiko.net\/wp-content\/uploads\/2018\/08\/TIA-400x545.jpg 400w, https:\/\/kichiko.net\/wp-content\/uploads\/2018\/08\/TIA.jpg 528w\" sizes=\"(max-width: 400px) 100vw, 400px\" \/><p id=\"caption-attachment-2120\" class=\"wp-caption-text\">Tia og Svein-Thore, P\u00e5skeutstillingen 20\/4-2019 ( BIS valp )<\/p><\/div>\n<div id=\"attachment_2125\" style=\"width: 410px\" class=\"wp-caption alignnone\"><img aria-describedby=\"caption-attachment-2125\" loading=\"lazy\" class=\"size-medium wp-image-2125\" src=\"http:\/\/kichiko.net\/wp-content\/uploads\/2018\/08\/57536310_10157132169586241_2048497974815752192_n-400x359.jpg\" alt=\"P\u00e5skeshow, Klubben for g\u00e5rds og fjellhunder, 21\/4-19, Svein-Thore og Tia, 2.BIG\" width=\"400\" height=\"359\" srcset=\"https:\/\/kichiko.net\/wp-content\/uploads\/2018\/08\/57536310_10157132169586241_2048497974815752192_n-400x359.jpg 400w, https:\/\/kichiko.net\/wp-content\/uploads\/2018\/08\/57536310_10157132169586241_2048497974815752192_n-768x690.jpg 768w, https:\/\/kichiko.net\/wp-content\/uploads\/2018\/08\/57536310_10157132169586241_2048497974815752192_n.jpg 960w\" sizes=\"(max-width: 400px) 100vw, 400px\" \/><p id=\"caption-attachment-2125\" class=\"wp-caption-text\">P\u00e5skeshow, Klubben for g\u00e5rds og fjellhunder, 21\/4-19, Svein-Thore og Tia, 2.BIG<\/p><\/div>\n<div id=\"attachment_2126\" style=\"width: 410px\" class=\"wp-caption alignnone\"><img aria-describedby=\"caption-attachment-2126\" loading=\"lazy\" class=\"size-medium wp-image-2126\" src=\"http:\/\/kichiko.net\/wp-content\/uploads\/2018\/08\/57602796_10157132169636241_6282500069769871360_n-400x415.jpg\" alt=\"Stolr viser Svein-Thore frem sin &quot;Tia&quot;! 2.BIG i en sterk gruppe 5!! S\u00c5\u00c5\u00c5 stolt oppdretter\" width=\"400\" height=\"415\" srcset=\"https:\/\/kichiko.net\/wp-content\/uploads\/2018\/08\/57602796_10157132169636241_6282500069769871360_n-400x415.jpg 400w, https:\/\/kichiko.net\/wp-content\/uploads\/2018\/08\/57602796_10157132169636241_6282500069769871360_n-768x796.jpg 768w, https:\/\/kichiko.net\/wp-content\/uploads\/2018\/08\/57602796_10157132169636241_6282500069769871360_n.jpg 926w\" sizes=\"(max-width: 400px) 100vw, 400px\" \/><p id=\"caption-attachment-2126\" class=\"wp-caption-text\">Stolr viser Svein-Thore frem sin &laquo;Tia&raquo;! 2.BIG i en sterk gruppe 5!! S\u00c5\u00c5\u00c5 stolt oppdretter<\/p><\/div>\n<div id=\"attachment_2173\" style=\"width: 371px\" class=\"wp-caption alignnone\"><img aria-describedby=\"caption-attachment-2173\" loading=\"lazy\" class=\"size-full wp-image-2173\" src=\"http:\/\/kichiko.net\/wp-content\/uploads\/2018\/08\/2.big_.jpg\" alt=\"NKK, \u00c5lesund 05.05.2019 Tia 2.BIG valp\" width=\"361\" height=\"310\" \/><p id=\"caption-attachment-2173\" class=\"wp-caption-text\">NKK, \u00c5lesund 05.05.2019<br \/>Tia 2.BIG valp<\/p><\/div>\n<div id=\"attachment_2174\" style=\"width: 400px\" class=\"wp-caption alignnone\"><img aria-describedby=\"caption-attachment-2174\" loading=\"lazy\" class=\"size-full wp-image-2174\" src=\"http:\/\/kichiko.net\/wp-content\/uploads\/2018\/08\/2.gruppe.jpg\" alt=\"NKK, \u00c5lesund 05.05.2019 Tia 2.BIG valp\" width=\"390\" height=\"444\" \/><p id=\"caption-attachment-2174\" class=\"wp-caption-text\">NKK, \u00c5lesund 05.05.2019<br \/>Tia 2.BIG valp<\/p><\/div>\n<\/div>\n<\/div>\n<\/div>\n\n\n<figure class=\"wp-block-image\"><img loading=\"lazy\" width=\"1000\" height=\"716\" src=\"http:\/\/kichiko.net\/wp-content\/uploads\/2019\/07\/Tia2019.jpg\" alt=\"\" class=\"wp-image-2242\" srcset=\"https:\/\/kichiko.net\/wp-content\/uploads\/2019\/07\/Tia2019.jpg 1000w, https:\/\/kichiko.net\/wp-content\/uploads\/2019\/07\/Tia2019-400x286.jpg 400w, https:\/\/kichiko.net\/wp-content\/uploads\/2019\/07\/Tia2019-768x550.jpg 768w\" sizes=\"(max-width: 1000px) 100vw, 1000px\" \/><figcaption>Tia, Japanspesialen 2019<\/figcaption><\/figure>\n","protected":false},"excerpt":{"rendered":"<p>Kl.\u00a021:30 . Nr.2 ble en r\u00f8d tispe som veide 230\u00a0gr.\u00a0\u00a0Hun fikk navnet : Kichiko`s\u00a0 Quite Arai Yamahime. Det betyr :\u00a0 Ganske Vill Fjellprinsesse Nick : TiaRase : ShibaKj\u00f8nn :\u00a0TispeFarge : R\u00f8dF\u00f8dt :\u00a031\/8-2018Reg.nr : NO54500\/18HD : A\/AAD : 0\/0Patella : 0\/0 Premieringer valp: 6 X HP, 4X BIR valp, 1 X 1.BIG valp, 2 X 2.BIG [&hellip;]<\/p>\n","protected":false},"author":2,"featured_media":0,"parent":1624,"menu_order":3,"comment_status":"closed","ping_status":"closed","template":"","meta":[],"_links":{"self":[{"href":"https:\/\/kichiko.net\/index.php?rest_route=\/wp\/v2\/pages\/1628"}],"collection":[{"href":"https:\/\/kichiko.net\/index.php?rest_route=\/wp\/v2\/pages"}],"about":[{"href":"https:\/\/kichiko.net\/index.php?rest_route=\/wp\/v2\/types\/page"}],"author":[{"embeddable":true,"href":"https:\/\/kichiko.net\/index.php?rest_route=\/wp\/v2\/users\/2"}],"replies":[{"embeddable":true,"href":"https:\/\/kichiko.net\/index.php?rest_route=%2Fwp%2Fv2%2Fcomments&post=1628"}],"version-history":[{"count":30,"href":"https:\/\/kichiko.net\/index.php?rest_route=\/wp\/v2\/pages\/1628\/revisions"}],"predecessor-version":[{"id":3688,"href":"https:\/\/kichiko.net\/index.php?rest_route=\/wp\/v2\/pages\/1628\/revisions\/3688"}],"up":[{"embeddable":true,"href":"https:\/\/kichiko.net\/index.php?rest_route=\/wp\/v2\/pages\/1624"}],"wp:attachment":[{"href":"https:\/\/kichiko.net\/index.php?rest_route=%2Fwp%2Fv2%2Fmedia&parent=1628"}],"curies":[{"name":"wp","href":"https:\/\/api.w.org\/{rel}","templated":true}]}}