{"id":160,"date":"2016-09-29T22:55:50","date_gmt":"2016-09-29T21:55:50","guid":{"rendered":"http:\/\/kichiko.net\/?page_id=160"},"modified":"2017-09-02T19:07:54","modified_gmt":"2017-09-02T18:07:54","slug":"ji-akane","status":"publish","type":"page","link":"https:\/\/kichiko.net\/?page_id=160","title":{"rendered":"Ji Akane"},"content":{"rendered":"<p>Kl. 06:30 ble det f\u00f8dt en bl\/t tispe p\u00e5 206 gram. Hun fikk navnet Kichiko`s Ji Akane som betyr Naturlig Soloppgangsfarge<\/p>\n<hr \/>\n<div class=\"tmpMainPicBox\">\n<div class=\"tmpMainPicSubBox\">\n<div class=\"tmpMainRich\">\n<p>Nick :\u00a0Kajsa<br \/>\nRase : Shiba<br \/>\nKj\u00f8nn : Tispe<br \/>\nFarge : Black\/Tan<br \/>\nF\u00f8dt : 16\/8-2016<br \/>\nReg.nr : NO 51206\/16<br \/>\nMedf\u00f8dt kneskade<\/p>\n<p>Eier : Joakim \u00d8verland Sch\u00f8ning, Oslo<\/p>\n<div id=\"attachment_629\" style=\"width: 410px\" class=\"wp-caption aligncenter\"><img aria-describedby=\"caption-attachment-629\" loading=\"lazy\" class=\" wp-image-629\" src=\"http:\/\/kichiko.net\/wp-content\/uploads\/2016\/09\/hjak-400x393.jpg\" alt=\"1 uke\" width=\"400\" height=\"393\" srcset=\"https:\/\/kichiko.net\/wp-content\/uploads\/2016\/09\/hjak-400x393.jpg 400w, https:\/\/kichiko.net\/wp-content\/uploads\/2016\/09\/hjak-768x755.jpg 768w, https:\/\/kichiko.net\/wp-content\/uploads\/2016\/09\/hjak-1024x1006.jpg 1024w, https:\/\/kichiko.net\/wp-content\/uploads\/2016\/09\/hjak.jpg 1280w\" sizes=\"(max-width: 400px) 100vw, 400px\" \/><p id=\"caption-attachment-629\" class=\"wp-caption-text\">1 uke<\/p><\/div>\n<\/div>\n<\/div>\n<\/div>\n<p><img loading=\"lazy\" class=\"wp-image-157 aligncenter\" src=\"http:\/\/kichiko.net\/wp-content\/uploads\/2016\/09\/i283726789535576132__szw1280h1280_-871x1024.jpg\" alt=\"i283726789535576132__szw1280h1280_\" width=\"400\" height=\"470\" srcset=\"https:\/\/kichiko.net\/wp-content\/uploads\/2016\/09\/i283726789535576132__szw1280h1280_-871x1024.jpg 871w, https:\/\/kichiko.net\/wp-content\/uploads\/2016\/09\/i283726789535576132__szw1280h1280_-255x300.jpg 255w, https:\/\/kichiko.net\/wp-content\/uploads\/2016\/09\/i283726789535576132__szw1280h1280_-768x903.jpg 768w, https:\/\/kichiko.net\/wp-content\/uploads\/2016\/09\/i283726789535576132__szw1280h1280_.jpg 1089w\" sizes=\"(max-width: 400px) 100vw, 400px\" \/><\/p>\n<p style=\"text-align: center;\">6 uker<\/p>\n<div id=\"attachment_668\" style=\"width: 410px\" class=\"wp-caption aligncenter\"><img aria-describedby=\"caption-attachment-668\" loading=\"lazy\" class=\"size-medium wp-image-668\" src=\"http:\/\/kichiko.net\/wp-content\/uploads\/2016\/09\/akane-400x551.jpg\" alt=\"7 uker\" width=\"400\" height=\"551\" srcset=\"https:\/\/kichiko.net\/wp-content\/uploads\/2016\/09\/akane-400x551.jpg 400w, https:\/\/kichiko.net\/wp-content\/uploads\/2016\/09\/akane.jpg 697w\" sizes=\"(max-width: 400px) 100vw, 400px\" \/><p id=\"caption-attachment-668\" class=\"wp-caption-text\">7 uker<\/p><\/div>\n<div id=\"attachment_746\" style=\"width: 404px\" class=\"wp-caption aligncenter\"><img aria-describedby=\"caption-attachment-746\" loading=\"lazy\" class=\"size-medium wp-image-746\" src=\"http:\/\/kichiko.net\/wp-content\/uploads\/2016\/09\/14641948_10154587954961241_130658081149349675_n-394x600.jpg\" alt=\"8 uker\" width=\"394\" height=\"600\" srcset=\"https:\/\/kichiko.net\/wp-content\/uploads\/2016\/09\/14641948_10154587954961241_130658081149349675_n-394x600.jpg 394w, https:\/\/kichiko.net\/wp-content\/uploads\/2016\/09\/14641948_10154587954961241_130658081149349675_n.jpg 630w\" sizes=\"(max-width: 394px) 100vw, 394px\" \/><p id=\"caption-attachment-746\" class=\"wp-caption-text\">8 uker<\/p><\/div>\n<div class=\"tmpMainPicBox\">\n<div id=\"attachment_790\" style=\"width: 410px\" class=\"wp-caption aligncenter\"><img aria-describedby=\"caption-attachment-790\" loading=\"lazy\" class=\"size-medium wp-image-790\" src=\"http:\/\/kichiko.net\/wp-content\/uploads\/2016\/09\/14702234_10154594889871241_496752424927382244_n-400x385.jpg\" alt=\"Fia med sin nye eier, Joakim \u00d8verland Sch\u00f8ning\" width=\"400\" height=\"385\" srcset=\"https:\/\/kichiko.net\/wp-content\/uploads\/2016\/09\/14702234_10154594889871241_496752424927382244_n-400x385.jpg 400w, https:\/\/kichiko.net\/wp-content\/uploads\/2016\/09\/14702234_10154594889871241_496752424927382244_n-768x740.jpg 768w, https:\/\/kichiko.net\/wp-content\/uploads\/2016\/09\/14702234_10154594889871241_496752424927382244_n.jpg 960w\" sizes=\"(max-width: 400px) 100vw, 400px\" \/><p id=\"caption-attachment-790\" class=\"wp-caption-text\">Kajsa\u00a0med sin nye eier, Joakim \u00d8verland Sch\u00f8ning<\/p><\/div>\n<p>&nbsp;<\/p>\n<div id=\"attachment_1076\" style=\"width: 408px\" class=\"wp-caption aligncenter\"><img aria-describedby=\"caption-attachment-1076\" loading=\"lazy\" class=\"size-medium wp-image-1076\" src=\"http:\/\/kichiko.net\/wp-content\/uploads\/2016\/09\/Kajsa-1-398x600.jpg\" alt=\"Kajsa\" width=\"398\" height=\"600\" srcset=\"https:\/\/kichiko.net\/wp-content\/uploads\/2016\/09\/Kajsa-1-398x600.jpg 398w, https:\/\/kichiko.net\/wp-content\/uploads\/2016\/09\/Kajsa-1.jpg 636w\" sizes=\"(max-width: 398px) 100vw, 398px\" \/><p id=\"caption-attachment-1076\" class=\"wp-caption-text\">Kajsa<\/p><\/div>\n<\/div>\n","protected":false},"excerpt":{"rendered":"<p>Kl. 06:30 ble det f\u00f8dt en bl\/t tispe p\u00e5 206 gram. Hun fikk navnet Kichiko`s Ji Akane som betyr Naturlig Soloppgangsfarge Nick :\u00a0Kajsa Rase : Shiba Kj\u00f8nn : Tispe Farge : Black\/Tan F\u00f8dt : 16\/8-2016 Reg.nr : NO 51206\/16 Medf\u00f8dt kneskade Eier : Joakim \u00d8verland Sch\u00f8ning, Oslo 6 uker &nbsp;<\/p>\n","protected":false},"author":2,"featured_media":0,"parent":135,"menu_order":0,"comment_status":"closed","ping_status":"closed","template":"","meta":[],"_links":{"self":[{"href":"https:\/\/kichiko.net\/index.php?rest_route=\/wp\/v2\/pages\/160"}],"collection":[{"href":"https:\/\/kichiko.net\/index.php?rest_route=\/wp\/v2\/pages"}],"about":[{"href":"https:\/\/kichiko.net\/index.php?rest_route=\/wp\/v2\/types\/page"}],"author":[{"embeddable":true,"href":"https:\/\/kichiko.net\/index.php?rest_route=\/wp\/v2\/users\/2"}],"replies":[{"embeddable":true,"href":"https:\/\/kichiko.net\/index.php?rest_route=%2Fwp%2Fv2%2Fcomments&post=160"}],"version-history":[{"count":17,"href":"https:\/\/kichiko.net\/index.php?rest_route=\/wp\/v2\/pages\/160\/revisions"}],"predecessor-version":[{"id":1077,"href":"https:\/\/kichiko.net\/index.php?rest_route=\/wp\/v2\/pages\/160\/revisions\/1077"}],"up":[{"embeddable":true,"href":"https:\/\/kichiko.net\/index.php?rest_route=\/wp\/v2\/pages\/135"}],"wp:attachment":[{"href":"https:\/\/kichiko.net\/index.php?rest_route=%2Fwp%2Fv2%2Fmedia&parent=160"}],"curies":[{"name":"wp","href":"https:\/\/api.w.org\/{rel}","templated":true}]}}