{"id":1545,"date":"2018-05-12T14:58:18","date_gmt":"2018-05-12T13:58:18","guid":{"rendered":"http:\/\/kichiko.net\/?page_id=1545"},"modified":"2019-05-29T11:38:51","modified_gmt":"2019-05-29T10:38:51","slug":"kichikos-p","status":"publish","type":"page","link":"https:\/\/kichiko.net\/?page_id=1545","title":{"rendered":"PrettyAwesome Chibi-Fuku"},"content":{"rendered":"<p>Kl.\u00a021:50 . Nr.1 ble en r\u00f8d tispe som veide 140 gr.\u00a0\u00a0<span class=\"rtb4\">Hun fikk navnet : Kichiko`s PrettyAwesome Chibi-Fuku\u00a0 som betyr Ganske utrolig Liten Lykke<\/span><\/p>\n<div class=\"tmpMainPicBox\">\n<div class=\"tmpMainPicSubBox\">\n<div class=\"tmpMainRich\">\n<p><span class=\"rtb4\">Nick : Nova<br \/>\nRase : Shiba<br \/>\nKj\u00f8nn : Tispe<br \/>\nFarge : R\u00f8d<br \/>\nF\u00f8dt : 12\/5-2018<br \/>\nReg.nr : NO45177\/18<br \/>\nHD : A\/A<br \/>\nAD : 0\/0<\/span><\/p>\n<p><span class=\"rtb4\">Eier : Celine Hammer\u00e5s Gr\u00f8dahl og Fredrik Mathisen Samuelsson, Kristiansund<\/span><\/p>\n<div id=\"attachment_1562\" style=\"width: 410px\" class=\"wp-caption alignnone\"><img aria-describedby=\"caption-attachment-1562\" loading=\"lazy\" class=\"size-medium wp-image-1562\" src=\"http:\/\/kichiko.net\/wp-content\/uploads\/2018\/05\/34214927_10156358401466241_4469501229172523008_n-400x362.jpg\" alt=\"Nyf\u00f8dt\" width=\"400\" height=\"362\" srcset=\"https:\/\/kichiko.net\/wp-content\/uploads\/2018\/05\/34214927_10156358401466241_4469501229172523008_n-400x362.jpg 400w, https:\/\/kichiko.net\/wp-content\/uploads\/2018\/05\/34214927_10156358401466241_4469501229172523008_n.jpg 496w\" sizes=\"(max-width: 400px) 100vw, 400px\" \/><p id=\"caption-attachment-1562\" class=\"wp-caption-text\">Nyf\u00f8dt<\/p><\/div>\n<div id=\"attachment_1559\" style=\"width: 410px\" class=\"wp-caption alignnone\"><img aria-describedby=\"caption-attachment-1559\" loading=\"lazy\" class=\"size-medium wp-image-1559\" src=\"http:\/\/kichiko.net\/wp-content\/uploads\/2018\/05\/34102346_10156358400186241_6965939249006772224_n-400x434.jpg\" alt=\"2 uker\" width=\"400\" height=\"434\" srcset=\"https:\/\/kichiko.net\/wp-content\/uploads\/2018\/05\/34102346_10156358400186241_6965939249006772224_n-400x434.jpg 400w, https:\/\/kichiko.net\/wp-content\/uploads\/2018\/05\/34102346_10156358400186241_6965939249006772224_n-768x833.jpg 768w, https:\/\/kichiko.net\/wp-content\/uploads\/2018\/05\/34102346_10156358400186241_6965939249006772224_n.jpg 885w\" sizes=\"(max-width: 400px) 100vw, 400px\" \/><p id=\"caption-attachment-1559\" class=\"wp-caption-text\">2 uker<\/p><\/div>\n<div id=\"attachment_1558\" style=\"width: 410px\" class=\"wp-caption alignnone\"><img aria-describedby=\"caption-attachment-1558\" loading=\"lazy\" class=\"size-medium wp-image-1558\" src=\"http:\/\/kichiko.net\/wp-content\/uploads\/2018\/05\/34086037_10156358399696241_7964061632525500416_n-400x533.jpg\" alt=\"3 uker\" width=\"400\" height=\"533\" srcset=\"https:\/\/kichiko.net\/wp-content\/uploads\/2018\/05\/34086037_10156358399696241_7964061632525500416_n-400x533.jpg 400w, https:\/\/kichiko.net\/wp-content\/uploads\/2018\/05\/34086037_10156358399696241_7964061632525500416_n.jpg 720w\" sizes=\"(max-width: 400px) 100vw, 400px\" \/><p id=\"caption-attachment-1558\" class=\"wp-caption-text\">3 uker<\/p><\/div>\n<div id=\"attachment_1570\" style=\"width: 410px\" class=\"wp-caption alignnone\"><img aria-describedby=\"caption-attachment-1570\" loading=\"lazy\" class=\"size-medium wp-image-1570\" src=\"http:\/\/kichiko.net\/wp-content\/uploads\/2018\/05\/IMG_9732-400x347.jpg\" alt=\"4 uker\" width=\"400\" height=\"347\" srcset=\"https:\/\/kichiko.net\/wp-content\/uploads\/2018\/05\/IMG_9732-400x347.jpg 400w, https:\/\/kichiko.net\/wp-content\/uploads\/2018\/05\/IMG_9732-768x665.jpg 768w, https:\/\/kichiko.net\/wp-content\/uploads\/2018\/05\/IMG_9732-1024x887.jpg 1024w, https:\/\/kichiko.net\/wp-content\/uploads\/2018\/05\/IMG_9732.jpg 1760w\" sizes=\"(max-width: 400px) 100vw, 400px\" \/><p id=\"caption-attachment-1570\" class=\"wp-caption-text\">4 uker<\/p><\/div>\n<div id=\"attachment_1578\" style=\"width: 410px\" class=\"wp-caption alignnone\"><img aria-describedby=\"caption-attachment-1578\" loading=\"lazy\" class=\"size-medium wp-image-1578\" src=\"http:\/\/kichiko.net\/wp-content\/uploads\/2018\/05\/IMG_9768-400x498.jpg\" alt=\"5 uker\" width=\"400\" height=\"498\" srcset=\"https:\/\/kichiko.net\/wp-content\/uploads\/2018\/05\/IMG_9768-400x498.jpg 400w, https:\/\/kichiko.net\/wp-content\/uploads\/2018\/05\/IMG_9768-768x955.jpg 768w, https:\/\/kichiko.net\/wp-content\/uploads\/2018\/05\/IMG_9768-823x1024.jpg 823w, https:\/\/kichiko.net\/wp-content\/uploads\/2018\/05\/IMG_9768.jpg 1181w\" sizes=\"(max-width: 400px) 100vw, 400px\" \/><p id=\"caption-attachment-1578\" class=\"wp-caption-text\">5 uker<\/p><\/div>\n<div id=\"attachment_1583\" style=\"width: 410px\" class=\"wp-caption alignnone\"><img aria-describedby=\"caption-attachment-1583\" loading=\"lazy\" class=\"size-medium wp-image-1583\" src=\"http:\/\/kichiko.net\/wp-content\/uploads\/2018\/05\/IMG_9787-400x477.jpg\" alt=\"6 uker\" width=\"400\" height=\"477\" srcset=\"https:\/\/kichiko.net\/wp-content\/uploads\/2018\/05\/IMG_9787-400x477.jpg 400w, https:\/\/kichiko.net\/wp-content\/uploads\/2018\/05\/IMG_9787-768x915.jpg 768w, https:\/\/kichiko.net\/wp-content\/uploads\/2018\/05\/IMG_9787-859x1024.jpg 859w, https:\/\/kichiko.net\/wp-content\/uploads\/2018\/05\/IMG_9787.jpg 1360w\" sizes=\"(max-width: 400px) 100vw, 400px\" \/><p id=\"caption-attachment-1583\" class=\"wp-caption-text\">6 uker<\/p><\/div>\n<div id=\"attachment_1590\" style=\"width: 410px\" class=\"wp-caption alignnone\"><img aria-describedby=\"caption-attachment-1590\" loading=\"lazy\" class=\"size-medium wp-image-1590\" src=\"http:\/\/kichiko.net\/wp-content\/uploads\/2018\/05\/IMG_9857-400x507.jpg\" alt=\"7 uker\" width=\"400\" height=\"507\" srcset=\"https:\/\/kichiko.net\/wp-content\/uploads\/2018\/05\/IMG_9857-400x507.jpg 400w, https:\/\/kichiko.net\/wp-content\/uploads\/2018\/05\/IMG_9857-768x974.jpg 768w, https:\/\/kichiko.net\/wp-content\/uploads\/2018\/05\/IMG_9857-807x1024.jpg 807w, https:\/\/kichiko.net\/wp-content\/uploads\/2018\/05\/IMG_9857.jpg 1661w\" sizes=\"(max-width: 400px) 100vw, 400px\" \/><p id=\"caption-attachment-1590\" class=\"wp-caption-text\">7 uker<\/p><\/div>\n<div id=\"attachment_1605\" style=\"width: 410px\" class=\"wp-caption alignnone\"><img aria-describedby=\"caption-attachment-1605\" loading=\"lazy\" class=\"size-medium wp-image-1605\" src=\"http:\/\/kichiko.net\/wp-content\/uploads\/2018\/05\/IMG_9902-2-400x500.jpg\" alt=\"8 uker \" width=\"400\" height=\"500\" srcset=\"https:\/\/kichiko.net\/wp-content\/uploads\/2018\/05\/IMG_9902-2-400x500.jpg 400w, https:\/\/kichiko.net\/wp-content\/uploads\/2018\/05\/IMG_9902-2-768x961.jpg 768w, https:\/\/kichiko.net\/wp-content\/uploads\/2018\/05\/IMG_9902-2-819x1024.jpg 819w, https:\/\/kichiko.net\/wp-content\/uploads\/2018\/05\/IMG_9902-2.jpg 1371w\" sizes=\"(max-width: 400px) 100vw, 400px\" \/><p id=\"caption-attachment-1605\" class=\"wp-caption-text\">8 uker<\/p><\/div>\n<div id=\"attachment_1604\" style=\"width: 410px\" class=\"wp-caption alignnone\"><img aria-describedby=\"caption-attachment-1604\" loading=\"lazy\" class=\"size-medium wp-image-1604\" src=\"http:\/\/kichiko.net\/wp-content\/uploads\/2018\/05\/IMG_9924-400x451.jpg\" alt=\"Nova med sine nye eiere\" width=\"400\" height=\"451\" srcset=\"https:\/\/kichiko.net\/wp-content\/uploads\/2018\/05\/IMG_9924-400x451.jpg 400w, https:\/\/kichiko.net\/wp-content\/uploads\/2018\/05\/IMG_9924-768x866.jpg 768w, https:\/\/kichiko.net\/wp-content\/uploads\/2018\/05\/IMG_9924-908x1024.jpg 908w, https:\/\/kichiko.net\/wp-content\/uploads\/2018\/05\/IMG_9924.jpg 1874w\" sizes=\"(max-width: 400px) 100vw, 400px\" \/><p id=\"caption-attachment-1604\" class=\"wp-caption-text\">Nova med sine nye eiere<\/p><\/div>\n<\/div>\n<\/div>\n<\/div>\n","protected":false},"excerpt":{"rendered":"<p>Kl.\u00a021:50 . Nr.1 ble en r\u00f8d tispe som veide 140 gr.\u00a0\u00a0Hun fikk navnet : Kichiko`s PrettyAwesome Chibi-Fuku\u00a0 som betyr Ganske utrolig Liten Lykke Nick : Nova Rase : Shiba Kj\u00f8nn : Tispe Farge : R\u00f8d F\u00f8dt : 12\/5-2018 Reg.nr : NO45177\/18 HD : A\/A AD : 0\/0 Eier : Celine Hammer\u00e5s Gr\u00f8dahl og Fredrik Mathisen [&hellip;]<\/p>\n","protected":false},"author":2,"featured_media":0,"parent":1543,"menu_order":2,"comment_status":"closed","ping_status":"closed","template":"","meta":[],"_links":{"self":[{"href":"https:\/\/kichiko.net\/index.php?rest_route=\/wp\/v2\/pages\/1545"}],"collection":[{"href":"https:\/\/kichiko.net\/index.php?rest_route=\/wp\/v2\/pages"}],"about":[{"href":"https:\/\/kichiko.net\/index.php?rest_route=\/wp\/v2\/types\/page"}],"author":[{"embeddable":true,"href":"https:\/\/kichiko.net\/index.php?rest_route=\/wp\/v2\/users\/2"}],"replies":[{"embeddable":true,"href":"https:\/\/kichiko.net\/index.php?rest_route=%2Fwp%2Fv2%2Fcomments&post=1545"}],"version-history":[{"count":11,"href":"https:\/\/kichiko.net\/index.php?rest_route=\/wp\/v2\/pages\/1545\/revisions"}],"predecessor-version":[{"id":2202,"href":"https:\/\/kichiko.net\/index.php?rest_route=\/wp\/v2\/pages\/1545\/revisions\/2202"}],"up":[{"embeddable":true,"href":"https:\/\/kichiko.net\/index.php?rest_route=\/wp\/v2\/pages\/1543"}],"wp:attachment":[{"href":"https:\/\/kichiko.net\/index.php?rest_route=%2Fwp%2Fv2%2Fmedia&parent=1545"}],"curies":[{"name":"wp","href":"https:\/\/api.w.org\/{rel}","templated":true}]}}