{"id":1451,"date":"2018-04-02T10:42:45","date_gmt":"2018-04-02T09:42:45","guid":{"rendered":"http:\/\/kichiko.net\/?page_id=1451"},"modified":"2019-07-02T21:58:58","modified_gmt":"2019-07-02T20:58:58","slug":"juna","status":"publish","type":"page","link":"https:\/\/kichiko.net\/?page_id=1451","title":{"rendered":"Juna"},"content":{"rendered":"<p><img loading=\"lazy\" class=\"alignnone size-medium wp-image-1505\" src=\"http:\/\/kichiko.net\/wp-content\/uploads\/2018\/04\/Junanytt-400x322.jpg\" alt=\"Junanytt\" width=\"400\" height=\"322\" srcset=\"https:\/\/kichiko.net\/wp-content\/uploads\/2018\/04\/Junanytt-400x322.jpg 400w, https:\/\/kichiko.net\/wp-content\/uploads\/2018\/04\/Junanytt.jpg 414w\" sizes=\"(max-width: 400px) 100vw, 400px\" \/><\/p>\n<p><span class=\"rtb3\">Navn : Juna Go Fuji Hachimansou<\/span><span class=\"rtb3\"><br \/>\nNick :\u00a0Juna<br \/>\nRase : Shiba<br \/>\n<\/span><span class=\"rtb3\">Reg.nr : JKC-JS-03014\/18-0, NP\/H29-15502<br \/>\nKj\u00f8nn: Tispe<br \/>\nFarge : R\u00f8d<br \/>\nF\u00f8dt: 21\/2-2017<br \/>\n<\/span><span class=\"rtb3\">Oppdretter :\u00a0 Yoshiko Sano Fujishi, Japan<br \/>\nHD: E\/E<br \/>\nAD: 0\/0<br \/>\nPatella: 0\/0<br \/>\nBitt: Korrekt og fulltannet<br \/>\n<\/span><\/p>\n","protected":false},"excerpt":{"rendered":"<p>Navn : Juna Go Fuji Hachimansou Nick :\u00a0Juna Rase : Shiba Reg.nr : JKC-JS-03014\/18-0, NP\/H29-15502 Kj\u00f8nn: Tispe Farge : R\u00f8d F\u00f8dt: 21\/2-2017 Oppdretter :\u00a0 Yoshiko Sano Fujishi, Japan HD: E\/E AD: 0\/0 Patella: 0\/0 Bitt: Korrekt og fulltannet<\/p>\n","protected":false},"author":2,"featured_media":0,"parent":862,"menu_order":9,"comment_status":"closed","ping_status":"closed","template":"","meta":[],"_links":{"self":[{"href":"https:\/\/kichiko.net\/index.php?rest_route=\/wp\/v2\/pages\/1451"}],"collection":[{"href":"https:\/\/kichiko.net\/index.php?rest_route=\/wp\/v2\/pages"}],"about":[{"href":"https:\/\/kichiko.net\/index.php?rest_route=\/wp\/v2\/types\/page"}],"author":[{"embeddable":true,"href":"https:\/\/kichiko.net\/index.php?rest_route=\/wp\/v2\/users\/2"}],"replies":[{"embeddable":true,"href":"https:\/\/kichiko.net\/index.php?rest_route=%2Fwp%2Fv2%2Fcomments&post=1451"}],"version-history":[{"count":5,"href":"https:\/\/kichiko.net\/index.php?rest_route=\/wp\/v2\/pages\/1451\/revisions"}],"predecessor-version":[{"id":2230,"href":"https:\/\/kichiko.net\/index.php?rest_route=\/wp\/v2\/pages\/1451\/revisions\/2230"}],"up":[{"embeddable":true,"href":"https:\/\/kichiko.net\/index.php?rest_route=\/wp\/v2\/pages\/862"}],"wp:attachment":[{"href":"https:\/\/kichiko.net\/index.php?rest_route=%2Fwp%2Fv2%2Fmedia&parent=1451"}],"curies":[{"name":"wp","href":"https:\/\/api.w.org\/{rel}","templated":true}]}}