{"id":1407,"date":"2018-03-18T22:49:25","date_gmt":"2018-03-18T21:49:25","guid":{"rendered":"http:\/\/kichiko.net\/?page_id=1407"},"modified":"2025-02-09T17:15:02","modified_gmt":"2025-02-09T16:15:02","slug":"planlagte-kull","status":"publish","type":"page","link":"https:\/\/kichiko.net\/?page_id=1407","title":{"rendered":"Sch\u00e4ferhund"},"content":{"rendered":"\n<figure class=\"wp-block-image size-full\"><img loading=\"lazy\" width=\"1024\" height=\"683\" src=\"https:\/\/kichiko.net\/wp-content\/uploads\/2025\/02\/d268e57a-82b4-42ee-8645-cfd60537ae0a.jpg\" alt=\"\" class=\"wp-image-5614\" srcset=\"https:\/\/kichiko.net\/wp-content\/uploads\/2025\/02\/d268e57a-82b4-42ee-8645-cfd60537ae0a.jpg 1024w, https:\/\/kichiko.net\/wp-content\/uploads\/2025\/02\/d268e57a-82b4-42ee-8645-cfd60537ae0a-400x267.jpg 400w, https:\/\/kichiko.net\/wp-content\/uploads\/2025\/02\/d268e57a-82b4-42ee-8645-cfd60537ae0a-768x512.jpg 768w\" sizes=\"(max-width: 1024px) 100vw, 1024px\" \/><\/figure>\n\n\n\n<p>I oktober 2024 hadde kennelen sitt f\u00f8rste langh\u00e5r sch\u00e4ferhundkull.<\/p>\n\n\n\n<p>Det blir et nytt kull i 2026<\/p>\n\n\n\n<p>Med tiden blir det ogs\u00e5 kull med normalh\u00e5r<\/p>\n\n\n\n<figure class=\"wp-block-image size-full\"><img loading=\"lazy\" width=\"683\" height=\"1024\" src=\"https:\/\/kichiko.net\/wp-content\/uploads\/2025\/02\/cfa68c6c-30cf-48dd-98f0-ff55395f3535.jpg\" alt=\"\" class=\"wp-image-5615\" srcset=\"https:\/\/kichiko.net\/wp-content\/uploads\/2025\/02\/cfa68c6c-30cf-48dd-98f0-ff55395f3535.jpg 683w, https:\/\/kichiko.net\/wp-content\/uploads\/2025\/02\/cfa68c6c-30cf-48dd-98f0-ff55395f3535-400x600.jpg 400w\" sizes=\"(max-width: 683px) 100vw, 683px\" \/><figcaption>Lizzie og Bailey<\/figcaption><\/figure>\n\n\n\n<figure class=\"wp-block-image size-full\"><img loading=\"lazy\" width=\"1024\" height=\"683\" src=\"https:\/\/kichiko.net\/wp-content\/uploads\/2025\/02\/2df5b0b4-b35a-410a-86a2-c987af9b40a5.jpg\" alt=\"\" class=\"wp-image-5616\" srcset=\"https:\/\/kichiko.net\/wp-content\/uploads\/2025\/02\/2df5b0b4-b35a-410a-86a2-c987af9b40a5.jpg 1024w, https:\/\/kichiko.net\/wp-content\/uploads\/2025\/02\/2df5b0b4-b35a-410a-86a2-c987af9b40a5-400x267.jpg 400w, https:\/\/kichiko.net\/wp-content\/uploads\/2025\/02\/2df5b0b4-b35a-410a-86a2-c987af9b40a5-768x512.jpg 768w\" sizes=\"(max-width: 1024px) 100vw, 1024px\" \/><figcaption>Link og Kenai, 7 uker ( 2 gr\u00e5 f\u00f8dt i 2024 )<\/figcaption><\/figure>\n\n\n\n<p><\/p>\n\n\n\n<figure class=\"wp-block-image size-full\"><img loading=\"lazy\" width=\"1024\" height=\"621\" src=\"https:\/\/kichiko.net\/wp-content\/uploads\/2025\/02\/674d48e9-b836-48b6-af52-a1353ac83b49.jpg\" alt=\"\" class=\"wp-image-5611\" srcset=\"https:\/\/kichiko.net\/wp-content\/uploads\/2025\/02\/674d48e9-b836-48b6-af52-a1353ac83b49.jpg 1024w, https:\/\/kichiko.net\/wp-content\/uploads\/2025\/02\/674d48e9-b836-48b6-af52-a1353ac83b49-400x243.jpg 400w, https:\/\/kichiko.net\/wp-content\/uploads\/2025\/02\/674d48e9-b836-48b6-af52-a1353ac83b49-768x466.jpg 768w\" sizes=\"(max-width: 1024px) 100vw, 1024px\" \/><figcaption>Kull f\u00f8dt i 2024 ( hannhunder )<\/figcaption><\/figure>\n\n\n\n<figure class=\"wp-block-image size-full\"><img loading=\"lazy\" width=\"1024\" height=\"876\" src=\"https:\/\/kichiko.net\/wp-content\/uploads\/2025\/02\/18dc5159-2d7c-4543-9282-c56d4ce0d8be.jpg\" alt=\"\" class=\"wp-image-5612\" srcset=\"https:\/\/kichiko.net\/wp-content\/uploads\/2025\/02\/18dc5159-2d7c-4543-9282-c56d4ce0d8be.jpg 1024w, https:\/\/kichiko.net\/wp-content\/uploads\/2025\/02\/18dc5159-2d7c-4543-9282-c56d4ce0d8be-400x342.jpg 400w, https:\/\/kichiko.net\/wp-content\/uploads\/2025\/02\/18dc5159-2d7c-4543-9282-c56d4ce0d8be-768x657.jpg 768w\" sizes=\"(max-width: 1024px) 100vw, 1024px\" \/><figcaption>Kull f\u00f8rst i 2024 ( Tisper )<\/figcaption><\/figure>\n\n\n<h1 style=\"text-align: center;\">\u00a0<\/h1>\n<p>\u00a0<\/p>\n<p>\u00a0<\/p>\n<p>\u00a0<\/p>\n<p>\u00a0<\/p>\n<p>\u00a0<\/p>\n<p>\u00a0<\/p>","protected":false},"excerpt":{"rendered":"<p>I oktober 2024 hadde kennelen sitt f\u00f8rste langh\u00e5r sch\u00e4ferhundkull. Det blir et nytt kull i 2026 Med tiden blir det ogs\u00e5 kull med normalh\u00e5r \u00a0 \u00a0 \u00a0 \u00a0 \u00a0 \u00a0 \u00a0<\/p>\n","protected":false},"author":2,"featured_media":0,"parent":0,"menu_order":0,"comment_status":"closed","ping_status":"closed","template":"","meta":[],"_links":{"self":[{"href":"https:\/\/kichiko.net\/index.php?rest_route=\/wp\/v2\/pages\/1407"}],"collection":[{"href":"https:\/\/kichiko.net\/index.php?rest_route=\/wp\/v2\/pages"}],"about":[{"href":"https:\/\/kichiko.net\/index.php?rest_route=\/wp\/v2\/types\/page"}],"author":[{"embeddable":true,"href":"https:\/\/kichiko.net\/index.php?rest_route=\/wp\/v2\/users\/2"}],"replies":[{"embeddable":true,"href":"https:\/\/kichiko.net\/index.php?rest_route=%2Fwp%2Fv2%2Fcomments&post=1407"}],"version-history":[{"count":14,"href":"https:\/\/kichiko.net\/index.php?rest_route=\/wp\/v2\/pages\/1407\/revisions"}],"predecessor-version":[{"id":5617,"href":"https:\/\/kichiko.net\/index.php?rest_route=\/wp\/v2\/pages\/1407\/revisions\/5617"}],"wp:attachment":[{"href":"https:\/\/kichiko.net\/index.php?rest_route=%2Fwp%2Fv2%2Fmedia&parent=1407"}],"curies":[{"name":"wp","href":"https:\/\/api.w.org\/{rel}","templated":true}]}}