{"id":1225,"date":"2018-01-06T23:25:12","date_gmt":"2018-01-06T22:25:12","guid":{"rendered":"http:\/\/kichiko.net\/?page_id=1225"},"modified":"2019-03-04T22:45:01","modified_gmt":"2019-03-04T21:45:01","slug":"kichikos-n-3","status":"publish","type":"page","link":"https:\/\/kichiko.net\/?page_id=1225","title":{"rendered":"Kichiko`s Nobuetsu"},"content":{"rendered":"<p>Kl.\u00a023:45 ble det f\u00f8dt en\u00a0r\u00f8d hann p\u00e5 265 gram. Han fikk navnet Kichiko`s Nobuetsu som betyr &raquo; Tro (p\u00e5) glede\/fryd&raquo;<\/p>\n<div class=\"tmpMainPicBox\">\n<div class=\"tmpMainPicSubBox\">\n<div class=\"tmpMainRich\">\n<p>Nick : Nori<br \/>\nRase : Shiba<br \/>\nKj\u00f8nn : Hann<br \/>\nFarge : R\u00f8d<br \/>\nF\u00f8dt :\u00a06\/1-18<br \/>\nReg.nr : NO33212\/18<br \/>\nHD : C\/C<br \/>\nAD : 0\/0<br \/>\nPatella : 0\/0<br \/>\nBitt :<\/p>\n<p>Eier : Monika, Tommy og Thalia Steinholm, Troms\u00f8<\/p>\n<div id=\"attachment_1233\" style=\"width: 410px\" class=\"wp-caption alignnone\"><img aria-describedby=\"caption-attachment-1233\" loading=\"lazy\" class=\"size-medium wp-image-1233\" src=\"http:\/\/kichiko.net\/wp-content\/uploads\/2018\/01\/2-L-H-400x533.jpg\" alt=\"Nyf\u00f8dt\" width=\"400\" height=\"533\" srcset=\"https:\/\/kichiko.net\/wp-content\/uploads\/2018\/01\/2-L-H-400x533.jpg 400w, https:\/\/kichiko.net\/wp-content\/uploads\/2018\/01\/2-L-H.jpg 720w\" sizes=\"(max-width: 400px) 100vw, 400px\" \/><p id=\"caption-attachment-1233\" class=\"wp-caption-text\">Nyf\u00f8dt<\/p><\/div>\n<div id=\"attachment_1246\" style=\"width: 410px\" class=\"wp-caption alignnone\"><img aria-describedby=\"caption-attachment-1246\" loading=\"lazy\" class=\"size-medium wp-image-1246\" src=\"http:\/\/kichiko.net\/wp-content\/uploads\/2018\/01\/IMG_9192-400x356.jpg\" alt=\"1 uke\" width=\"400\" height=\"356\" srcset=\"https:\/\/kichiko.net\/wp-content\/uploads\/2018\/01\/IMG_9192-400x356.jpg 400w, https:\/\/kichiko.net\/wp-content\/uploads\/2018\/01\/IMG_9192-768x684.jpg 768w, https:\/\/kichiko.net\/wp-content\/uploads\/2018\/01\/IMG_9192-1024x912.jpg 1024w, https:\/\/kichiko.net\/wp-content\/uploads\/2018\/01\/IMG_9192.jpg 1886w\" sizes=\"(max-width: 400px) 100vw, 400px\" \/><p id=\"caption-attachment-1246\" class=\"wp-caption-text\">1 uke<\/p><\/div>\n<div id=\"attachment_1264\" style=\"width: 410px\" class=\"wp-caption alignnone\"><img aria-describedby=\"caption-attachment-1264\" loading=\"lazy\" class=\"size-medium wp-image-1264\" src=\"http:\/\/kichiko.net\/wp-content\/uploads\/2018\/01\/IMG_9235-400x418.jpg\" alt=\"2 uker\" width=\"400\" height=\"418\" srcset=\"https:\/\/kichiko.net\/wp-content\/uploads\/2018\/01\/IMG_9235-400x418.jpg 400w, https:\/\/kichiko.net\/wp-content\/uploads\/2018\/01\/IMG_9235-768x802.jpg 768w, https:\/\/kichiko.net\/wp-content\/uploads\/2018\/01\/IMG_9235-980x1024.jpg 980w, https:\/\/kichiko.net\/wp-content\/uploads\/2018\/01\/IMG_9235.jpg 1374w\" sizes=\"(max-width: 400px) 100vw, 400px\" \/><p id=\"caption-attachment-1264\" class=\"wp-caption-text\">2 uker<\/p><\/div>\n<div id=\"attachment_1278\" style=\"width: 408px\" class=\"wp-caption alignnone\"><img aria-describedby=\"caption-attachment-1278\" loading=\"lazy\" class=\"size-medium wp-image-1278\" src=\"http:\/\/kichiko.net\/wp-content\/uploads\/2018\/01\/N23-398x600.jpg\" alt=\"3 uker\" width=\"398\" height=\"600\" srcset=\"https:\/\/kichiko.net\/wp-content\/uploads\/2018\/01\/N23-398x600.jpg 398w, https:\/\/kichiko.net\/wp-content\/uploads\/2018\/01\/N23.jpg 636w\" sizes=\"(max-width: 398px) 100vw, 398px\" \/><p id=\"caption-attachment-1278\" class=\"wp-caption-text\">3 uker<\/p><\/div>\n<div id=\"attachment_1289\" style=\"width: 410px\" class=\"wp-caption alignnone\"><img aria-describedby=\"caption-attachment-1289\" loading=\"lazy\" class=\"size-medium wp-image-1289\" src=\"http:\/\/kichiko.net\/wp-content\/uploads\/2018\/01\/IMG_9279-400x581.jpg\" alt=\"4 uker \" width=\"400\" height=\"581\" srcset=\"https:\/\/kichiko.net\/wp-content\/uploads\/2018\/01\/IMG_9279-400x581.jpg 400w, https:\/\/kichiko.net\/wp-content\/uploads\/2018\/01\/IMG_9279-768x1115.jpg 768w, https:\/\/kichiko.net\/wp-content\/uploads\/2018\/01\/IMG_9279-705x1024.jpg 705w, https:\/\/kichiko.net\/wp-content\/uploads\/2018\/01\/IMG_9279.jpg 1282w\" sizes=\"(max-width: 400px) 100vw, 400px\" \/><p id=\"caption-attachment-1289\" class=\"wp-caption-text\">4 uker<\/p><\/div>\n<div id=\"attachment_1303\" style=\"width: 410px\" class=\"wp-caption alignnone\"><img aria-describedby=\"caption-attachment-1303\" loading=\"lazy\" class=\"size-medium wp-image-1303\" src=\"http:\/\/kichiko.net\/wp-content\/uploads\/2018\/01\/H25-400x565.jpg\" alt=\"5 uker \" width=\"400\" height=\"565\" srcset=\"https:\/\/kichiko.net\/wp-content\/uploads\/2018\/01\/H25-400x565.jpg 400w, https:\/\/kichiko.net\/wp-content\/uploads\/2018\/01\/H25.jpg 680w\" sizes=\"(max-width: 400px) 100vw, 400px\" \/><p id=\"caption-attachment-1303\" class=\"wp-caption-text\">5 uker<\/p><\/div>\n<div id=\"attachment_1332\" style=\"width: 410px\" class=\"wp-caption alignnone\"><img aria-describedby=\"caption-attachment-1332\" loading=\"lazy\" class=\"size-medium wp-image-1332\" src=\"http:\/\/kichiko.net\/wp-content\/uploads\/2018\/01\/IMG_9378-400x531.jpg\" alt=\"6 uker\" width=\"400\" height=\"531\" srcset=\"https:\/\/kichiko.net\/wp-content\/uploads\/2018\/01\/IMG_9378-400x531.jpg 400w, https:\/\/kichiko.net\/wp-content\/uploads\/2018\/01\/IMG_9378-768x1020.jpg 768w, https:\/\/kichiko.net\/wp-content\/uploads\/2018\/01\/IMG_9378-771x1024.jpg 771w, https:\/\/kichiko.net\/wp-content\/uploads\/2018\/01\/IMG_9378.jpg 1605w\" sizes=\"(max-width: 400px) 100vw, 400px\" \/><p id=\"caption-attachment-1332\" class=\"wp-caption-text\">6 uker<\/p><\/div>\n<div id=\"attachment_1362\" style=\"width: 410px\" class=\"wp-caption alignnone\"><img aria-describedby=\"caption-attachment-1362\" loading=\"lazy\" class=\"size-medium wp-image-1362\" src=\"http:\/\/kichiko.net\/wp-content\/uploads\/2018\/01\/IMG_9413-400x459.jpg\" alt=\"7 uker\" width=\"400\" height=\"459\" srcset=\"https:\/\/kichiko.net\/wp-content\/uploads\/2018\/01\/IMG_9413-400x459.jpg 400w, https:\/\/kichiko.net\/wp-content\/uploads\/2018\/01\/IMG_9413-768x882.jpg 768w, https:\/\/kichiko.net\/wp-content\/uploads\/2018\/01\/IMG_9413-892x1024.jpg 892w, https:\/\/kichiko.net\/wp-content\/uploads\/2018\/01\/IMG_9413.jpg 1877w\" sizes=\"(max-width: 400px) 100vw, 400px\" \/><p id=\"caption-attachment-1362\" class=\"wp-caption-text\">7 uker<\/p><\/div>\n<div id=\"attachment_1370\" style=\"width: 410px\" class=\"wp-caption alignnone\"><img aria-describedby=\"caption-attachment-1370\" loading=\"lazy\" class=\"size-medium wp-image-1370\" src=\"http:\/\/kichiko.net\/wp-content\/uploads\/2018\/01\/IMG_9435-400x531.jpg\" alt=\"8 uker\" width=\"400\" height=\"531\" srcset=\"https:\/\/kichiko.net\/wp-content\/uploads\/2018\/01\/IMG_9435-400x531.jpg 400w, https:\/\/kichiko.net\/wp-content\/uploads\/2018\/01\/IMG_9435-768x1019.jpg 768w, https:\/\/kichiko.net\/wp-content\/uploads\/2018\/01\/IMG_9435-772x1024.jpg 772w, https:\/\/kichiko.net\/wp-content\/uploads\/2018\/01\/IMG_9435.jpg 1403w\" sizes=\"(max-width: 400px) 100vw, 400px\" \/><p id=\"caption-attachment-1370\" class=\"wp-caption-text\">8 uker<\/p><\/div>\n<div id=\"attachment_1385\" style=\"width: 410px\" class=\"wp-caption alignnone\"><img aria-describedby=\"caption-attachment-1385\" loading=\"lazy\" class=\"size-medium wp-image-1385\" src=\"http:\/\/kichiko.net\/wp-content\/uploads\/2018\/01\/28576152_10156118299696241_2162405993148296233_n-400x466.jpg\" alt=\"Nori med sin nye eier, Monika\" width=\"400\" height=\"466\" srcset=\"https:\/\/kichiko.net\/wp-content\/uploads\/2018\/01\/28576152_10156118299696241_2162405993148296233_n-400x466.jpg 400w, https:\/\/kichiko.net\/wp-content\/uploads\/2018\/01\/28576152_10156118299696241_2162405993148296233_n-768x895.jpg 768w, https:\/\/kichiko.net\/wp-content\/uploads\/2018\/01\/28576152_10156118299696241_2162405993148296233_n.jpg 824w\" sizes=\"(max-width: 400px) 100vw, 400px\" \/><p id=\"caption-attachment-1385\" class=\"wp-caption-text\">Nori med sin nye eier, Monika<\/p><\/div>\n<\/div>\n<\/div>\n<\/div>\n","protected":false},"excerpt":{"rendered":"<p>Kl.\u00a023:45 ble det f\u00f8dt en\u00a0r\u00f8d hann p\u00e5 265 gram. Han fikk navnet Kichiko`s Nobuetsu som betyr &raquo; Tro (p\u00e5) glede\/fryd&raquo; Nick : Nori Rase : Shiba Kj\u00f8nn : Hann Farge : R\u00f8d F\u00f8dt :\u00a06\/1-18 Reg.nr : NO33212\/18 HD : C\/C AD : 0\/0 Patella : 0\/0 Bitt : Eier : Monika, Tommy og Thalia Steinholm, [&hellip;]<\/p>\n","protected":false},"author":2,"featured_media":0,"parent":1219,"menu_order":4,"comment_status":"closed","ping_status":"closed","template":"","meta":[],"_links":{"self":[{"href":"https:\/\/kichiko.net\/index.php?rest_route=\/wp\/v2\/pages\/1225"}],"collection":[{"href":"https:\/\/kichiko.net\/index.php?rest_route=\/wp\/v2\/pages"}],"about":[{"href":"https:\/\/kichiko.net\/index.php?rest_route=\/wp\/v2\/types\/page"}],"author":[{"embeddable":true,"href":"https:\/\/kichiko.net\/index.php?rest_route=\/wp\/v2\/users\/2"}],"replies":[{"embeddable":true,"href":"https:\/\/kichiko.net\/index.php?rest_route=%2Fwp%2Fv2%2Fcomments&post=1225"}],"version-history":[{"count":20,"href":"https:\/\/kichiko.net\/index.php?rest_route=\/wp\/v2\/pages\/1225\/revisions"}],"predecessor-version":[{"id":2054,"href":"https:\/\/kichiko.net\/index.php?rest_route=\/wp\/v2\/pages\/1225\/revisions\/2054"}],"up":[{"embeddable":true,"href":"https:\/\/kichiko.net\/index.php?rest_route=\/wp\/v2\/pages\/1219"}],"wp:attachment":[{"href":"https:\/\/kichiko.net\/index.php?rest_route=%2Fwp%2Fv2%2Fmedia&parent=1225"}],"curies":[{"name":"wp","href":"https:\/\/api.w.org\/{rel}","templated":true}]}}