{"id":121,"date":"2016-09-29T18:07:22","date_gmt":"2016-09-29T17:07:22","guid":{"rendered":"http:\/\/kichiko.net\/?page_id=121"},"modified":"2023-08-28T22:25:34","modified_gmt":"2023-08-28T21:25:34","slug":"lala","status":"publish","type":"page","link":"https:\/\/kichiko.net\/?page_id=121","title":{"rendered":"Lala"},"content":{"rendered":"<p>&nbsp;<\/p>\n<p><img loading=\"lazy\" class=\"wp-image-658 aligncenter\" src=\"http:\/\/kichiko.net\/wp-content\/uploads\/2016\/09\/Lala-400x398.jpg\" alt=\"lala\" width=\"400\" height=\"398\" srcset=\"https:\/\/kichiko.net\/wp-content\/uploads\/2016\/09\/Lala-400x398.jpg 400w, https:\/\/kichiko.net\/wp-content\/uploads\/2016\/09\/Lala-150x150.jpg 150w, https:\/\/kichiko.net\/wp-content\/uploads\/2016\/09\/Lala-768x765.jpg 768w, https:\/\/kichiko.net\/wp-content\/uploads\/2016\/09\/Lala.jpg 960w\" sizes=\"(max-width: 400px) 100vw, 400px\" \/><\/p>\n<p>Navn : Handzimemaiste Sekiko<br \/>\nNick : Lala<br \/>\n<span class=\"rtb3\">Rase : Shiba<br \/>\n<\/span><span class=\"rtb3\">Kj\u00f8nn : Tispe<br \/>\n<\/span><span class=\"rtb3\">Farge : R\u00f8d<br \/>\n<\/span>F\u00f8dt : 1\/1-2016<br \/>\nReg.nr : RKF4407131<br \/>\nTatoveringsnr : ACQ 288<br \/>\nOppdretter : Elena Zakamskaja, St.Petersburg, Russland<br \/>\nHD : B\/C<br \/>\nAD : 0\/0<br \/>\n\u00d8yenlyst : Intet p\u00e5vist<\/p>\n<p>Eier: Hilde Schyttelvik<\/p>\n<p>&nbsp;<\/p>\n<div id=\"attachment_704\" style=\"width: 410px\" class=\"wp-caption aligncenter\"><img aria-describedby=\"caption-attachment-704\" loading=\"lazy\" class=\" wp-image-704\" src=\"http:\/\/kichiko.net\/wp-content\/uploads\/2016\/09\/lala-og-kris-400x585.jpg\" alt=\"Lala og Kristine p\u00e5 Hobbydag p\u00e5 skolen 1\/6-16\" width=\"400\" height=\"585\" srcset=\"https:\/\/kichiko.net\/wp-content\/uploads\/2016\/09\/lala-og-kris-400x585.jpg 400w, https:\/\/kichiko.net\/wp-content\/uploads\/2016\/09\/lala-og-kris.jpg 656w\" sizes=\"(max-width: 400px) 100vw, 400px\" \/><p id=\"caption-attachment-704\" class=\"wp-caption-text\">Lala og Kristine p\u00e5 Hobbydag p\u00e5 skolen 1\/6-16<\/p><\/div>\n<p><img loading=\"lazy\" class=\"size-medium wp-image-661 aligncenter\" src=\"http:\/\/kichiko.net\/wp-content\/uploads\/2016\/09\/lala1-400x400.jpg\" alt=\"lala1\" width=\"400\" height=\"400\" srcset=\"https:\/\/kichiko.net\/wp-content\/uploads\/2016\/09\/lala1-400x400.jpg 400w, https:\/\/kichiko.net\/wp-content\/uploads\/2016\/09\/lala1-150x150.jpg 150w, https:\/\/kichiko.net\/wp-content\/uploads\/2016\/09\/lala1-768x768.jpg 768w, https:\/\/kichiko.net\/wp-content\/uploads\/2016\/09\/lala1.jpg 960w\" sizes=\"(max-width: 400px) 100vw, 400px\" \/><\/p>\n<p><img loading=\"lazy\" class=\"size-medium wp-image-662 aligncenter\" src=\"http:\/\/kichiko.net\/wp-content\/uploads\/2016\/09\/lala2-400x358.jpg\" alt=\"lala2\" width=\"400\" height=\"358\" srcset=\"https:\/\/kichiko.net\/wp-content\/uploads\/2016\/09\/lala2-400x358.jpg 400w, https:\/\/kichiko.net\/wp-content\/uploads\/2016\/09\/lala2.jpg 628w\" sizes=\"(max-width: 400px) 100vw, 400px\" \/><\/p>\n<p style=\"text-align: center;\">Lala p\u00e5 17.mai<\/p>\n<div id=\"attachment_659\" style=\"width: 410px\" class=\"wp-caption aligncenter\"><img aria-describedby=\"caption-attachment-659\" loading=\"lazy\" class=\"size-medium wp-image-659\" src=\"http:\/\/kichiko.net\/wp-content\/uploads\/2016\/09\/lala3-400x475.jpg\" alt=\"Strax klare for avreise fra Russland\" width=\"400\" height=\"475\" srcset=\"https:\/\/kichiko.net\/wp-content\/uploads\/2016\/09\/lala3-400x475.jpg 400w, https:\/\/kichiko.net\/wp-content\/uploads\/2016\/09\/lala3-768x912.jpg 768w, https:\/\/kichiko.net\/wp-content\/uploads\/2016\/09\/lala3.jpg 808w\" sizes=\"(max-width: 400px) 100vw, 400px\" \/><p id=\"caption-attachment-659\" class=\"wp-caption-text\">Strax klare for avreise fra Russland<\/p><\/div>\n<p><img loading=\"lazy\" class=\"wp-image-140 aligncenter\" src=\"http:\/\/kichiko.net\/wp-content\/uploads\/2016\/09\/i283726789530081201__szw565h2600_.jpg\" alt=\"\" width=\"400\" height=\"317\" srcset=\"https:\/\/kichiko.net\/wp-content\/uploads\/2016\/09\/i283726789530081201__szw565h2600_.jpg 565w, https:\/\/kichiko.net\/wp-content\/uploads\/2016\/09\/i283726789530081201__szw565h2600_-300x238.jpg 300w\" sizes=\"(max-width: 400px) 100vw, 400px\" \/><\/p>\n<p><img loading=\"lazy\" class=\"wp-image-139 aligncenter\" src=\"http:\/\/kichiko.net\/wp-content\/uploads\/2016\/09\/i283726789530081165__szw565h2600_-300x295.jpg\" alt=\"\" width=\"400\" height=\"393\" srcset=\"https:\/\/kichiko.net\/wp-content\/uploads\/2016\/09\/i283726789530081165__szw565h2600_-300x295.jpg 300w, https:\/\/kichiko.net\/wp-content\/uploads\/2016\/09\/i283726789530081165__szw565h2600_.jpg 565w\" sizes=\"(max-width: 400px) 100vw, 400px\" \/><\/p>\n<p>&nbsp;<\/p>\n","protected":false},"excerpt":{"rendered":"<p>&nbsp; Navn : Handzimemaiste Sekiko Nick : Lala Rase : Shiba Kj\u00f8nn : Tispe Farge : R\u00f8d F\u00f8dt : 1\/1-2016 Reg.nr : RKF4407131 Tatoveringsnr : ACQ 288 Oppdretter : Elena Zakamskaja, St.Petersburg, Russland HD : B\/C AD : 0\/0 \u00d8yenlyst : Intet p\u00e5vist Eier: Hilde Schyttelvik &nbsp; Lala p\u00e5 17.mai &nbsp;<\/p>\n","protected":false},"author":2,"featured_media":0,"parent":61,"menu_order":5,"comment_status":"closed","ping_status":"closed","template":"","meta":[],"_links":{"self":[{"href":"https:\/\/kichiko.net\/index.php?rest_route=\/wp\/v2\/pages\/121"}],"collection":[{"href":"https:\/\/kichiko.net\/index.php?rest_route=\/wp\/v2\/pages"}],"about":[{"href":"https:\/\/kichiko.net\/index.php?rest_route=\/wp\/v2\/types\/page"}],"author":[{"embeddable":true,"href":"https:\/\/kichiko.net\/index.php?rest_route=\/wp\/v2\/users\/2"}],"replies":[{"embeddable":true,"href":"https:\/\/kichiko.net\/index.php?rest_route=%2Fwp%2Fv2%2Fcomments&post=121"}],"version-history":[{"count":11,"href":"https:\/\/kichiko.net\/index.php?rest_route=\/wp\/v2\/pages\/121\/revisions"}],"predecessor-version":[{"id":4738,"href":"https:\/\/kichiko.net\/index.php?rest_route=\/wp\/v2\/pages\/121\/revisions\/4738"}],"up":[{"embeddable":true,"href":"https:\/\/kichiko.net\/index.php?rest_route=\/wp\/v2\/pages\/61"}],"wp:attachment":[{"href":"https:\/\/kichiko.net\/index.php?rest_route=%2Fwp%2Fv2%2Fmedia&parent=121"}],"curies":[{"name":"wp","href":"https:\/\/api.w.org\/{rel}","templated":true}]}}