{"id":115,"date":"2016-09-29T18:05:03","date_gmt":"2016-09-29T17:05:03","guid":{"rendered":"http:\/\/kichiko.net\/?page_id=115"},"modified":"2019-01-19T23:43:43","modified_gmt":"2019-01-19T22:43:43","slug":"lillith","status":"publish","type":"page","link":"https:\/\/kichiko.net\/?page_id=115","title":{"rendered":"Lillith"},"content":{"rendered":"<p><img loading=\"lazy\" class=\"size-large wp-image-196 aligncenter\" src=\"http:\/\/kichiko.net\/wp-content\/uploads\/2016\/09\/i283726789520234874._szw565h2600_.jpg\" alt=\"i283726789520234874-_szw565h2600_\" width=\"438\" height=\"328\" srcset=\"https:\/\/kichiko.net\/wp-content\/uploads\/2016\/09\/i283726789520234874._szw565h2600_.jpg 565w, https:\/\/kichiko.net\/wp-content\/uploads\/2016\/09\/i283726789520234874._szw565h2600_-300x225.jpg 300w\" sizes=\"(max-width: 438px) 100vw, 438px\" \/><\/p>\n<p>&nbsp;<\/p>\n<p><span class=\"rtb3\">Navn : Kichiko`s Ei Katsuko ( Fullkommen seiersbarn )<br \/>\n<\/span><span class=\"rtb3\">Nick : Lillith<br \/>\n<\/span><span class=\"rtb3\">Rase : Shiba<br \/>\n<\/span><span class=\"rtb3\">Kj\u00f8nn : Tispe<br \/>\n<\/span><span class=\"rtb3\">Farge : R\u00f8d<br \/>\n<\/span><span class=\"rtb3\">F\u00f8dt : 7\/10-2013<br \/>\n<\/span><span class=\"rtb3\">HD : A<br \/>\n<\/span><span class=\"rtb3\">AD : A<br \/>\n<\/span><span class=\"rtb3\">Bitt : Fulltannet\/korrekt<br \/>\n<\/span><span class=\"rtb3\">\u00d8yenlyst : UA<br \/>\n<\/span><span class=\"rtb3\">Tittel : NUCH, NJV-14<\/span><\/p>\n<p>Eiere\u00a0: Vetle Edvardsen og Annette Helen Hunt, \u00c5ros<\/p>\n<p>&nbsp;<\/p>\n<hr \/>\n<p><span class=\"rtb3\">Premieringer :\u00a07 X BIR valp,\u00a01 X 1.BIG valp,\u00a02 X 2.BIG valp,2 X 3.BIS valp,\u00a02 X 1.BIS valp<br \/>\n<\/span>6\u00a0X CK,\u00a02 X res.Cert, 4 X CERT,\u00a03 X BIR, 1 X 3. BIG, 1 X 1.BIG, 1 X 3. BIS, 1 X 1. BIS jr.<\/p>\n<p>&nbsp;<\/p>\n<p><img loading=\"lazy\" class=\"size-large wp-image-194 aligncenter\" src=\"http:\/\/kichiko.net\/wp-content\/uploads\/2016\/09\/i283726789501713343._szw565h2600_.jpg\" alt=\"i283726789501713343-_szw565h2600_\" width=\"438\" height=\"423\" srcset=\"https:\/\/kichiko.net\/wp-content\/uploads\/2016\/09\/i283726789501713343._szw565h2600_.jpg 565w, https:\/\/kichiko.net\/wp-content\/uploads\/2016\/09\/i283726789501713343._szw565h2600_-300x290.jpg 300w\" sizes=\"(max-width: 438px) 100vw, 438px\" \/><img loading=\"lazy\" class=\" wp-image-195 aligncenter\" src=\"http:\/\/kichiko.net\/wp-content\/uploads\/2016\/09\/i283726789514535746._szw565h2600_.jpg\" alt=\"i283726789514535746-_szw565h2600_\" width=\"431\" height=\"831\" srcset=\"https:\/\/kichiko.net\/wp-content\/uploads\/2016\/09\/i283726789514535746._szw565h2600_.jpg 498w, https:\/\/kichiko.net\/wp-content\/uploads\/2016\/09\/i283726789514535746._szw565h2600_-156x300.jpg 156w\" sizes=\"(max-width: 431px) 100vw, 431px\" \/><img loading=\"lazy\" class=\"size-large wp-image-193 aligncenter\" src=\"http:\/\/kichiko.net\/wp-content\/uploads\/2016\/09\/i283726789495663824._szw565h2600_.jpg\" alt=\"i283726789495663824-_szw565h2600_\" width=\"438\" height=\"426\" srcset=\"https:\/\/kichiko.net\/wp-content\/uploads\/2016\/09\/i283726789495663824._szw565h2600_.jpg 565w, https:\/\/kichiko.net\/wp-content\/uploads\/2016\/09\/i283726789495663824._szw565h2600_-300x292.jpg 300w\" sizes=\"(max-width: 438px) 100vw, 438px\" \/><img loading=\"lazy\" class=\" wp-image-191 aligncenter\" src=\"http:\/\/kichiko.net\/wp-content\/uploads\/2016\/09\/i283726789492788800._szw565h2600_.jpg\" alt=\"i283726789492788800-_szw565h2600_\" width=\"436\" height=\"441\" srcset=\"https:\/\/kichiko.net\/wp-content\/uploads\/2016\/09\/i283726789492788800._szw565h2600_.jpg 565w, https:\/\/kichiko.net\/wp-content\/uploads\/2016\/09\/i283726789492788800._szw565h2600_-296x300.jpg 296w\" sizes=\"(max-width: 436px) 100vw, 436px\" \/> <img loading=\"lazy\" class=\"size-large wp-image-192 aligncenter\" src=\"http:\/\/kichiko.net\/wp-content\/uploads\/2016\/09\/i283726789492788885._szw565h2600_.jpg\" alt=\"i283726789492788885-_szw565h2600_\" width=\"438\" height=\"427\" srcset=\"https:\/\/kichiko.net\/wp-content\/uploads\/2016\/09\/i283726789492788885._szw565h2600_.jpg 565w, https:\/\/kichiko.net\/wp-content\/uploads\/2016\/09\/i283726789492788885._szw565h2600_-300x293.jpg 300w\" sizes=\"(max-width: 438px) 100vw, 438px\" \/><\/p>\n","protected":false},"excerpt":{"rendered":"<p>&nbsp; Navn : Kichiko`s Ei Katsuko ( Fullkommen seiersbarn ) Nick : Lillith Rase : Shiba Kj\u00f8nn : Tispe Farge : R\u00f8d F\u00f8dt : 7\/10-2013 HD : A AD : A Bitt : Fulltannet\/korrekt \u00d8yenlyst : UA Tittel : NUCH, NJV-14 Eiere\u00a0: Vetle Edvardsen og Annette Helen Hunt, \u00c5ros &nbsp; Premieringer :\u00a07 X BIR valp,\u00a01 [&hellip;]<\/p>\n","protected":false},"author":2,"featured_media":0,"parent":2015,"menu_order":3,"comment_status":"closed","ping_status":"closed","template":"","meta":[],"_links":{"self":[{"href":"https:\/\/kichiko.net\/index.php?rest_route=\/wp\/v2\/pages\/115"}],"collection":[{"href":"https:\/\/kichiko.net\/index.php?rest_route=\/wp\/v2\/pages"}],"about":[{"href":"https:\/\/kichiko.net\/index.php?rest_route=\/wp\/v2\/types\/page"}],"author":[{"embeddable":true,"href":"https:\/\/kichiko.net\/index.php?rest_route=\/wp\/v2\/users\/2"}],"replies":[{"embeddable":true,"href":"https:\/\/kichiko.net\/index.php?rest_route=%2Fwp%2Fv2%2Fcomments&post=115"}],"version-history":[{"count":6,"href":"https:\/\/kichiko.net\/index.php?rest_route=\/wp\/v2\/pages\/115\/revisions"}],"predecessor-version":[{"id":1967,"href":"https:\/\/kichiko.net\/index.php?rest_route=\/wp\/v2\/pages\/115\/revisions\/1967"}],"up":[{"embeddable":true,"href":"https:\/\/kichiko.net\/index.php?rest_route=\/wp\/v2\/pages\/2015"}],"wp:attachment":[{"href":"https:\/\/kichiko.net\/index.php?rest_route=%2Fwp%2Fv2%2Fmedia&parent=115"}],"curies":[{"name":"wp","href":"https:\/\/api.w.org\/{rel}","templated":true}]}}