{"id":1111,"date":"2017-10-09T09:15:37","date_gmt":"2017-10-09T08:15:37","guid":{"rendered":"http:\/\/kichiko.net\/?page_id=1111"},"modified":"2025-02-09T21:54:07","modified_gmt":"2025-02-09T20:54:07","slug":"yuuwa","status":"publish","type":"page","link":"https:\/\/kichiko.net\/?page_id=1111","title":{"rendered":"Yuuwa"},"content":{"rendered":"<p><img loading=\"lazy\" class=\"alignnone size-medium wp-image-1954\" src=\"http:\/\/kichiko.net\/wp-content\/uploads\/2018\/04\/Yuuwanytt-400x367.png\" alt=\"Yuuwanytt\" width=\"400\" height=\"367\" srcset=\"https:\/\/kichiko.net\/wp-content\/uploads\/2018\/04\/Yuuwanytt-400x367.png 400w, https:\/\/kichiko.net\/wp-content\/uploads\/2018\/04\/Yuuwanytt-768x705.png 768w, https:\/\/kichiko.net\/wp-content\/uploads\/2018\/04\/Yuuwanytt-1024x940.png 1024w, https:\/\/kichiko.net\/wp-content\/uploads\/2018\/04\/Yuuwanytt.png 2048w\" sizes=\"(max-width: 400px) 100vw, 400px\" \/><\/p>\n<p><span class=\"rtb3\">Navn : Kaga No Yuuwa Go Sapporo Kagasou<\/span><span class=\"rtb3\"><br \/>\nNick : Yuuwa<br \/>\nRase : Shiba<br \/>\n<\/span><span class=\"rtb3\">Reg.nr : JKC-JS-08871\/17-0 og NIPPO H-29-13657<br \/>\nKj\u00f8nn: Tispe<br \/>\nFarge : R\u00f8d<br \/>\nF\u00f8dt: 25\/4-2017<br \/>\n<\/span><span class=\"rtb3\">Oppdretter : Shuichi Kaga,Sapporoshi, Japan<br \/>\nHD: B\/B<br \/>\nAD: 0\/0<br \/>\nPatella: 0\/0<br \/>\nBitt: Fulltannet og korrekt<br \/>\n\u00d8yenlyst : Intet p\u00e5vist<\/span><\/p>\n<p><span class=\"rtb3\">Eier: Hilde Schyttelvik, Forvert: Lise Schyttelvik Sauer, \u00c5ros<br \/>\nTittel : NUCH<\/span><\/p>\n<p><span class=\"rtb3\">Premieringer: 2 X BIR valp, 1 X BIM valp ( Norsk vinner-17 ), 1 X 3.BIG valp, 1 X 4.BIG valp<\/span><\/p>\n<p>4\u00a0X CK, 3 X CERT, 1 X Nordic Cert,\u00a02 X BIR, 1 X BIM<\/p>\n<p><img loading=\"lazy\" class=\"alignnone size-medium wp-image-1955\" src=\"http:\/\/kichiko.net\/wp-content\/uploads\/2018\/04\/Yuuwanytt1-1-400x409.png\" alt=\"\" width=\"400\" height=\"409\" srcset=\"https:\/\/kichiko.net\/wp-content\/uploads\/2018\/04\/Yuuwanytt1-1-400x409.png 400w, https:\/\/kichiko.net\/wp-content\/uploads\/2018\/04\/Yuuwanytt1-1-768x786.png 768w, https:\/\/kichiko.net\/wp-content\/uploads\/2018\/04\/Yuuwanytt1-1-1001x1024.png 1001w, https:\/\/kichiko.net\/wp-content\/uploads\/2018\/04\/Yuuwanytt1-1.png 1205w\" sizes=\"(max-width: 400px) 100vw, 400px\" \/><\/p>\n<div id=\"attachment_2157\" style=\"width: 383px\" class=\"wp-caption alignnone\"><img aria-describedby=\"caption-attachment-2157\" loading=\"lazy\" class=\"size-full wp-image-2157\" src=\"http:\/\/kichiko.net\/wp-content\/uploads\/2017\/10\/59299309_10157146625406241_378120369459953664_n.jpg\" alt=\"Yuuwa ble ny Norsk champion 27\/4-2019\" width=\"373\" height=\"478\" \/><p id=\"caption-attachment-2157\" class=\"wp-caption-text\">Yuuwa ble ny Norsk champion 27\/4-2019<\/p><\/div>\n<div id=\"attachment_2047\" style=\"width: 410px\" class=\"wp-caption alignnone\"><img aria-describedby=\"caption-attachment-2047\" loading=\"lazy\" class=\"size-medium wp-image-2047\" src=\"http:\/\/kichiko.net\/wp-content\/uploads\/2018\/04\/Jutarobirogyuuwabim-400x339.jpg\" alt=\"2\/3-19, NMHK Letohallen: Yuuwa, BIM Dommer: Ana Beatriz Knoll, Brasil\" width=\"400\" height=\"339\" srcset=\"https:\/\/kichiko.net\/wp-content\/uploads\/2018\/04\/Jutarobirogyuuwabim-400x339.jpg 400w, https:\/\/kichiko.net\/wp-content\/uploads\/2018\/04\/Jutarobirogyuuwabim-768x651.jpg 768w, https:\/\/kichiko.net\/wp-content\/uploads\/2018\/04\/Jutarobirogyuuwabim.jpg 960w\" sizes=\"(max-width: 400px) 100vw, 400px\" \/><p id=\"caption-attachment-2047\" class=\"wp-caption-text\">2\/3-19, NMHK Letohallen: Yuuwa, BIM<br \/>Dommer: Ana Beatriz Knoll, Brasil<\/p><\/div>\n<div id=\"attachment_1346\" style=\"width: 410px\" class=\"wp-caption alignnone\"><img aria-describedby=\"caption-attachment-1346\" loading=\"lazy\" class=\"size-medium wp-image-1346\" src=\"http:\/\/kichiko.net\/wp-content\/uploads\/2017\/10\/28167317_10156078444896241_822172406557899495_n-400x369.jpg\" alt=\"Yuuwa BIR og Hakki BIM NKK B\u00f8\" width=\"400\" height=\"369\" srcset=\"https:\/\/kichiko.net\/wp-content\/uploads\/2017\/10\/28167317_10156078444896241_822172406557899495_n-400x369.jpg 400w, https:\/\/kichiko.net\/wp-content\/uploads\/2017\/10\/28167317_10156078444896241_822172406557899495_n-768x709.jpg 768w, https:\/\/kichiko.net\/wp-content\/uploads\/2017\/10\/28167317_10156078444896241_822172406557899495_n.jpg 960w\" sizes=\"(max-width: 400px) 100vw, 400px\" \/><p id=\"caption-attachment-1346\" class=\"wp-caption-text\">Yuuwa BIR og Hakki BIM<br \/>NKK B\u00f8<\/p><\/div>\n<div id=\"attachment_1342\" style=\"width: 410px\" class=\"wp-caption alignnone\"><img aria-describedby=\"caption-attachment-1342\" loading=\"lazy\" class=\"size-medium wp-image-1342\" src=\"http:\/\/kichiko.net\/wp-content\/uploads\/2017\/10\/26229810_10155980176226241_2184827850550241822_n-400x433.jpg\" alt=\"BIG 4 valp, Sandefjord\" width=\"400\" height=\"433\" srcset=\"https:\/\/kichiko.net\/wp-content\/uploads\/2017\/10\/26229810_10155980176226241_2184827850550241822_n-400x433.jpg 400w, https:\/\/kichiko.net\/wp-content\/uploads\/2017\/10\/26229810_10155980176226241_2184827850550241822_n-768x832.jpg 768w, https:\/\/kichiko.net\/wp-content\/uploads\/2017\/10\/26229810_10155980176226241_2184827850550241822_n.jpg 886w\" sizes=\"(max-width: 400px) 100vw, 400px\" \/><p id=\"caption-attachment-1342\" class=\"wp-caption-text\">BIG 4 valp, Sandefjord<\/p><\/div>\n<div id=\"attachment_1343\" style=\"width: 360px\" class=\"wp-caption alignnone\"><img aria-describedby=\"caption-attachment-1343\" loading=\"lazy\" class=\"size-medium wp-image-1343\" src=\"http:\/\/kichiko.net\/wp-content\/uploads\/2017\/10\/26731013_10155980088566241_1858209429166895609_n-350x600.jpg\" alt=\"BIR valp, Sandefjord\" width=\"350\" height=\"600\" srcset=\"https:\/\/kichiko.net\/wp-content\/uploads\/2017\/10\/26731013_10155980088566241_1858209429166895609_n-350x600.jpg 350w, https:\/\/kichiko.net\/wp-content\/uploads\/2017\/10\/26731013_10155980088566241_1858209429166895609_n.jpg 560w\" sizes=\"(max-width: 350px) 100vw, 350px\" \/><p id=\"caption-attachment-1343\" class=\"wp-caption-text\">BIR valp, Sandefjord<\/p><\/div>\n<div id=\"attachment_1210\" style=\"width: 410px\" class=\"wp-caption alignnone\"><img aria-describedby=\"caption-attachment-1210\" loading=\"lazy\" class=\"size-medium wp-image-1210\" src=\"http:\/\/kichiko.net\/wp-content\/uploads\/2017\/10\/Yuuwa-ogkris-400x484.jpg\" alt=\"Yuuwa og Kristine endte med 3. BIG valp i romjulen 2017\" width=\"400\" height=\"484\" srcset=\"https:\/\/kichiko.net\/wp-content\/uploads\/2017\/10\/Yuuwa-ogkris-400x484.jpg 400w, https:\/\/kichiko.net\/wp-content\/uploads\/2017\/10\/Yuuwa-ogkris-768x929.jpg 768w, https:\/\/kichiko.net\/wp-content\/uploads\/2017\/10\/Yuuwa-ogkris.jpg 794w\" sizes=\"(max-width: 400px) 100vw, 400px\" \/><p id=\"caption-attachment-1210\" class=\"wp-caption-text\">Yuuwa og Kristine endte med 3. BIG valp i romjulen 2017<\/p><\/div>\n<div id=\"attachment_1209\" style=\"width: 410px\" class=\"wp-caption alignnone\"><img aria-describedby=\"caption-attachment-1209\" loading=\"lazy\" class=\"size-medium wp-image-1209\" src=\"http:\/\/kichiko.net\/wp-content\/uploads\/2017\/10\/yuuwa-og-kris-1-400x509.jpg\" alt=\"Yuuwa og Kristine, Letohallen 27\/12-17 BIR valp\" width=\"400\" height=\"509\" srcset=\"https:\/\/kichiko.net\/wp-content\/uploads\/2017\/10\/yuuwa-og-kris-1-400x509.jpg 400w, https:\/\/kichiko.net\/wp-content\/uploads\/2017\/10\/yuuwa-og-kris-1.jpg 754w\" sizes=\"(max-width: 400px) 100vw, 400px\" \/><p id=\"caption-attachment-1209\" class=\"wp-caption-text\">Yuuwa og Kristine, Letohallen 27\/12-17<br \/>BIR valp<\/p><\/div>\n<div id=\"attachment_1179\" style=\"width: 410px\" class=\"wp-caption alignnone\"><img aria-describedby=\"caption-attachment-1179\" loading=\"lazy\" class=\"size-medium wp-image-1179\" src=\"http:\/\/kichiko.net\/wp-content\/uploads\/2017\/05\/23621573_10155833052746241_2234163496557138694_n-400x365.jpg\" alt=\"Yuuwa og Kristine ble BIM valp p\u00e5 Norsk vinner-17\" width=\"400\" height=\"365\" srcset=\"https:\/\/kichiko.net\/wp-content\/uploads\/2017\/05\/23621573_10155833052746241_2234163496557138694_n-400x365.jpg 400w, https:\/\/kichiko.net\/wp-content\/uploads\/2017\/05\/23621573_10155833052746241_2234163496557138694_n-768x701.jpg 768w, https:\/\/kichiko.net\/wp-content\/uploads\/2017\/05\/23621573_10155833052746241_2234163496557138694_n.jpg 960w\" sizes=\"(max-width: 400px) 100vw, 400px\" \/><p id=\"caption-attachment-1179\" class=\"wp-caption-text\">Yuuwa og Kristine ble BIM valp p\u00e5 Norsk vinner-17<\/p><\/div>\n","protected":false},"excerpt":{"rendered":"<p>Navn : Kaga No Yuuwa Go Sapporo Kagasou Nick : Yuuwa Rase : Shiba Reg.nr : JKC-JS-08871\/17-0 og NIPPO H-29-13657 Kj\u00f8nn: Tispe Farge : R\u00f8d F\u00f8dt: 25\/4-2017 Oppdretter : Shuichi Kaga,Sapporoshi, Japan HD: B\/B AD: 0\/0 Patella: 0\/0 Bitt: Fulltannet og korrekt \u00d8yenlyst : Intet p\u00e5vist Eier: Hilde Schyttelvik, Forvert: Lise Schyttelvik Sauer, \u00c5ros Tittel [&hellip;]<\/p>\n","protected":false},"author":2,"featured_media":0,"parent":2015,"menu_order":35,"comment_status":"closed","ping_status":"closed","template":"","meta":[],"_links":{"self":[{"href":"https:\/\/kichiko.net\/index.php?rest_route=\/wp\/v2\/pages\/1111"}],"collection":[{"href":"https:\/\/kichiko.net\/index.php?rest_route=\/wp\/v2\/pages"}],"about":[{"href":"https:\/\/kichiko.net\/index.php?rest_route=\/wp\/v2\/types\/page"}],"author":[{"embeddable":true,"href":"https:\/\/kichiko.net\/index.php?rest_route=\/wp\/v2\/users\/2"}],"replies":[{"embeddable":true,"href":"https:\/\/kichiko.net\/index.php?rest_route=%2Fwp%2Fv2%2Fcomments&post=1111"}],"version-history":[{"count":16,"href":"https:\/\/kichiko.net\/index.php?rest_route=\/wp\/v2\/pages\/1111\/revisions"}],"predecessor-version":[{"id":5710,"href":"https:\/\/kichiko.net\/index.php?rest_route=\/wp\/v2\/pages\/1111\/revisions\/5710"}],"up":[{"embeddable":true,"href":"https:\/\/kichiko.net\/index.php?rest_route=\/wp\/v2\/pages\/2015"}],"wp:attachment":[{"href":"https:\/\/kichiko.net\/index.php?rest_route=%2Fwp%2Fv2%2Fmedia&parent=1111"}],"curies":[{"name":"wp","href":"https:\/\/api.w.org\/{rel}","templated":true}]}}