{"id":111,"date":"2016-09-29T18:03:47","date_gmt":"2016-09-29T17:03:47","guid":{"rendered":"http:\/\/kichiko.net\/?page_id=111"},"modified":"2024-09-01T23:13:51","modified_gmt":"2024-09-01T22:13:51","slug":"kaya","status":"publish","type":"page","link":"https:\/\/kichiko.net\/?page_id=111","title":{"rendered":"Kaya"},"content":{"rendered":"\n<figure class=\"wp-block-image size-large\"><img loading=\"lazy\" width=\"1024\" height=\"683\" src=\"https:\/\/kichiko.net\/wp-content\/uploads\/2024\/09\/kaya-1024x683.jpg\" alt=\"\" class=\"wp-image-5397\" srcset=\"https:\/\/kichiko.net\/wp-content\/uploads\/2024\/09\/kaya-1024x683.jpg 1024w, https:\/\/kichiko.net\/wp-content\/uploads\/2024\/09\/kaya-400x267.jpg 400w, https:\/\/kichiko.net\/wp-content\/uploads\/2024\/09\/kaya-768x512.jpg 768w, https:\/\/kichiko.net\/wp-content\/uploads\/2024\/09\/kaya-1536x1025.jpg 1536w, https:\/\/kichiko.net\/wp-content\/uploads\/2024\/09\/kaya.jpg 2048w\" sizes=\"(max-width: 1024px) 100vw, 1024px\" \/><\/figure>\n\n\n<p style=\"text-align: left;\"><span style=\"color: #000000;\"><span class=\"rtb3\">Navn : Tenka-Chie Go Shun`You Kensha ( Den beste p\u00e5 jorda )<\/span> <\/span><span class=\"rtb3\"><br \/><span style=\"color: #000000;\">Nick : Kaya<br \/>Rase : Shiba<br \/>Kj\u00f8nn: Tispe<br \/>Farge : R\u00f8d<br \/>F\u00f8dt:\u00a028\/8-2010<br \/>HD: A<br \/>AD: A<br \/>Patella: UA<br \/>Bitt: Korrekt<br \/>\u00d8yenlyst : FRI<br \/>Tittel :<\/span><\/span><\/p>\n<p style=\"text-align: left;\"><span class=\"rtb3\"><span style=\"color: #000000;\">Premieringer<\/span><\/span><\/p>\n<p style=\"text-align: left;\"><span class=\"rtb3\"><br \/><span style=\"color: #000000;\">4\u00a0X CK<br \/>2 X Res. Cert<\/span><\/span><\/p>\n<p>\u00a0<\/p>\n<p><img loading=\"lazy\" class=\" wp-image-175 aligncenter\" src=\"http:\/\/kichiko.net\/wp-content\/uploads\/2016\/09\/i283726789447749296._szw530h275_.jpg\" alt=\"i283726789447749296-_szw530h275_\" width=\"400\" height=\"410\" \/> <img loading=\"lazy\" class=\" wp-image-177 aligncenter\" src=\"http:\/\/kichiko.net\/wp-content\/uploads\/2016\/09\/i283726789450076693._szw530h275_.jpg\" alt=\"i283726789450076693-_szw530h275_\" width=\"400\" height=\"329\" srcset=\"https:\/\/kichiko.net\/wp-content\/uploads\/2016\/09\/i283726789450076693._szw530h275_.jpg 335w, https:\/\/kichiko.net\/wp-content\/uploads\/2016\/09\/i283726789450076693._szw530h275_-300x246.jpg 300w\" sizes=\"(max-width: 400px) 100vw, 400px\" \/> <img loading=\"lazy\" class=\" wp-image-176 aligncenter\" src=\"http:\/\/kichiko.net\/wp-content\/uploads\/2016\/09\/i283726789449348406._szw530h275_.jpg\" alt=\"i283726789449348406-_szw530h275_\" width=\"400\" height=\"451\" \/> <img loading=\"lazy\" class=\" wp-image-178 aligncenter\" src=\"http:\/\/kichiko.net\/wp-content\/uploads\/2016\/09\/i283726789451665925._szw530h275_.jpg\" alt=\"i283726789451665925-_szw530h275_\" width=\"400\" height=\"343\" srcset=\"https:\/\/kichiko.net\/wp-content\/uploads\/2016\/09\/i283726789451665925._szw530h275_.jpg 320w, https:\/\/kichiko.net\/wp-content\/uploads\/2016\/09\/i283726789451665925._szw530h275_-300x258.jpg 300w\" sizes=\"(max-width: 400px) 100vw, 400px\" \/><\/p>","protected":false},"excerpt":{"rendered":"<p>Navn : Tenka-Chie Go Shun`You Kensha ( Den beste p\u00e5 jorda ) Nick : KayaRase : ShibaKj\u00f8nn: TispeFarge : R\u00f8dF\u00f8dt:\u00a028\/8-2010HD: AAD: APatella: UABitt: Korrekt\u00d8yenlyst : FRITittel : Premieringer 4\u00a0X CK2 X Res. Cert \u00a0<\/p>\n","protected":false},"author":1,"featured_media":0,"parent":862,"menu_order":1,"comment_status":"closed","ping_status":"closed","template":"","meta":[],"_links":{"self":[{"href":"https:\/\/kichiko.net\/index.php?rest_route=\/wp\/v2\/pages\/111"}],"collection":[{"href":"https:\/\/kichiko.net\/index.php?rest_route=\/wp\/v2\/pages"}],"about":[{"href":"https:\/\/kichiko.net\/index.php?rest_route=\/wp\/v2\/types\/page"}],"author":[{"embeddable":true,"href":"https:\/\/kichiko.net\/index.php?rest_route=\/wp\/v2\/users\/1"}],"replies":[{"embeddable":true,"href":"https:\/\/kichiko.net\/index.php?rest_route=%2Fwp%2Fv2%2Fcomments&post=111"}],"version-history":[{"count":10,"href":"https:\/\/kichiko.net\/index.php?rest_route=\/wp\/v2\/pages\/111\/revisions"}],"predecessor-version":[{"id":5398,"href":"https:\/\/kichiko.net\/index.php?rest_route=\/wp\/v2\/pages\/111\/revisions\/5398"}],"up":[{"embeddable":true,"href":"https:\/\/kichiko.net\/index.php?rest_route=\/wp\/v2\/pages\/862"}],"wp:attachment":[{"href":"https:\/\/kichiko.net\/index.php?rest_route=%2Fwp%2Fv2%2Fmedia&parent=111"}],"curies":[{"name":"wp","href":"https:\/\/api.w.org\/{rel}","templated":true}]}}