{"id":1097,"date":"2017-10-09T08:23:28","date_gmt":"2017-10-09T07:23:28","guid":{"rendered":"http:\/\/kichiko.net\/?page_id=1097"},"modified":"2019-02-04T21:55:21","modified_gmt":"2019-02-04T20:55:21","slug":"kichikos-m","status":"publish","type":"page","link":"https:\/\/kichiko.net\/?page_id=1097","title":{"rendered":"Kichiko`s Makoto Shuko"},"content":{"rendered":"<p>Kl. 11:40 ble det f\u00f8dt en bl\/t hann p\u00e5 225 gram. Han fikk navnet Kichiko`s Makoto Shuko som betyr Opprinnelig h\u00f8stlys<\/p>\n<div class=\"tmpMainPicBox\">\n<div class=\"tmpMainPicSubBox\">\n<div class=\"tmpMainRich\">\n<p>Nick : Teemo<br \/>\nRase : Shiba<br \/>\nKj\u00f8nn : Hann<br \/>\nFarge : Black\/Tan<br \/>\nF\u00f8dt : 2\/10-2017<br \/>\nReg.nr : NO 56459\/17<br \/>\nHD : B\/B<br \/>\nAD : 0\/0<\/p>\n<p>Eier : Ann-Christin Thorkildsen og Bj\u00f8rn Anders Linde Pedersen, Oslo<\/p>\n<\/div>\n<\/div>\n<\/div>\n<p><img loading=\"lazy\" class=\"alignnone size-medium wp-image-1098\" src=\"http:\/\/kichiko.net\/wp-content\/uploads\/2017\/10\/hann-1-1-uke-400x351.jpg\" alt=\"hann 1, 1 uke\" width=\"400\" height=\"351\" srcset=\"https:\/\/kichiko.net\/wp-content\/uploads\/2017\/10\/hann-1-1-uke-400x351.jpg 400w, https:\/\/kichiko.net\/wp-content\/uploads\/2017\/10\/hann-1-1-uke-768x674.jpg 768w, https:\/\/kichiko.net\/wp-content\/uploads\/2017\/10\/hann-1-1-uke-1024x898.jpg 1024w, https:\/\/kichiko.net\/wp-content\/uploads\/2017\/10\/hann-1-1-uke.jpg 1783w\" sizes=\"(max-width: 400px) 100vw, 400px\" \/><\/p>\n<p>1 uke<\/p>\n<div id=\"attachment_1118\" style=\"width: 410px\" class=\"wp-caption alignnone\"><img aria-describedby=\"caption-attachment-1118\" loading=\"lazy\" class=\"size-medium wp-image-1118\" src=\"http:\/\/kichiko.net\/wp-content\/uploads\/2017\/10\/hann1-2-uker-400x421.jpg\" alt=\"2 uker\" width=\"400\" height=\"421\" srcset=\"https:\/\/kichiko.net\/wp-content\/uploads\/2017\/10\/hann1-2-uker-400x421.jpg 400w, https:\/\/kichiko.net\/wp-content\/uploads\/2017\/10\/hann1-2-uker-768x808.jpg 768w, https:\/\/kichiko.net\/wp-content\/uploads\/2017\/10\/hann1-2-uker.jpg 913w\" sizes=\"(max-width: 400px) 100vw, 400px\" \/><p id=\"caption-attachment-1118\" class=\"wp-caption-text\">2 uker<\/p><\/div>\n<div id=\"attachment_1138\" style=\"width: 410px\" class=\"wp-caption alignnone\"><img aria-describedby=\"caption-attachment-1138\" loading=\"lazy\" class=\"size-medium wp-image-1138\" src=\"http:\/\/kichiko.net\/wp-content\/uploads\/2017\/10\/13-400x339.jpg\" alt=\"3 uker\" width=\"400\" height=\"339\" srcset=\"https:\/\/kichiko.net\/wp-content\/uploads\/2017\/10\/13-400x339.jpg 400w, https:\/\/kichiko.net\/wp-content\/uploads\/2017\/10\/13-768x651.jpg 768w, https:\/\/kichiko.net\/wp-content\/uploads\/2017\/10\/13-1024x868.jpg 1024w, https:\/\/kichiko.net\/wp-content\/uploads\/2017\/10\/13.jpg 2048w\" sizes=\"(max-width: 400px) 100vw, 400px\" \/><p id=\"caption-attachment-1138\" class=\"wp-caption-text\">3 uker<\/p><\/div>\n<div id=\"attachment_1139\" style=\"width: 410px\" class=\"wp-caption alignnone\"><img aria-describedby=\"caption-attachment-1139\" loading=\"lazy\" class=\"size-medium wp-image-1139\" src=\"http:\/\/kichiko.net\/wp-content\/uploads\/2017\/10\/131-400x374.jpg\" alt=\"3 uker \" width=\"400\" height=\"374\" srcset=\"https:\/\/kichiko.net\/wp-content\/uploads\/2017\/10\/131-400x374.jpg 400w, https:\/\/kichiko.net\/wp-content\/uploads\/2017\/10\/131-768x718.jpg 768w, https:\/\/kichiko.net\/wp-content\/uploads\/2017\/10\/131.jpg 960w\" sizes=\"(max-width: 400px) 100vw, 400px\" \/><p id=\"caption-attachment-1139\" class=\"wp-caption-text\">3 uker<\/p><\/div>\n<div id=\"attachment_1153\" style=\"width: 410px\" class=\"wp-caption alignnone\"><img aria-describedby=\"caption-attachment-1153\" loading=\"lazy\" class=\"size-medium wp-image-1153\" src=\"http:\/\/kichiko.net\/wp-content\/uploads\/2017\/10\/Hann14-400x469.jpg\" alt=\"4 uker\" width=\"400\" height=\"469\" srcset=\"https:\/\/kichiko.net\/wp-content\/uploads\/2017\/10\/Hann14-400x469.jpg 400w, https:\/\/kichiko.net\/wp-content\/uploads\/2017\/10\/Hann14-768x900.jpg 768w, https:\/\/kichiko.net\/wp-content\/uploads\/2017\/10\/Hann14.jpg 819w\" sizes=\"(max-width: 400px) 100vw, 400px\" \/><p id=\"caption-attachment-1153\" class=\"wp-caption-text\">4 uker<\/p><\/div>\n<div id=\"attachment_1158\" style=\"width: 410px\" class=\"wp-caption alignnone\"><img aria-describedby=\"caption-attachment-1158\" loading=\"lazy\" class=\"size-medium wp-image-1158\" src=\"http:\/\/kichiko.net\/wp-content\/uploads\/2017\/10\/IMG_8824-400x541.jpg\" alt=\"5 uker\" width=\"400\" height=\"541\" srcset=\"https:\/\/kichiko.net\/wp-content\/uploads\/2017\/10\/IMG_8824-400x541.jpg 400w, https:\/\/kichiko.net\/wp-content\/uploads\/2017\/10\/IMG_8824-768x1039.jpg 768w, https:\/\/kichiko.net\/wp-content\/uploads\/2017\/10\/IMG_8824-757x1024.jpg 757w, https:\/\/kichiko.net\/wp-content\/uploads\/2017\/10\/IMG_8824.jpg 1746w\" sizes=\"(max-width: 400px) 100vw, 400px\" \/><p id=\"caption-attachment-1158\" class=\"wp-caption-text\">5 uker<\/p><\/div>\n<div id=\"attachment_1169\" style=\"width: 410px\" class=\"wp-caption alignnone\"><img aria-describedby=\"caption-attachment-1169\" loading=\"lazy\" class=\"size-medium wp-image-1169\" src=\"http:\/\/kichiko.net\/wp-content\/uploads\/2017\/10\/IMG_8894-400x581.jpg\" alt=\"6 uker\" width=\"400\" height=\"581\" srcset=\"https:\/\/kichiko.net\/wp-content\/uploads\/2017\/10\/IMG_8894-400x581.jpg 400w, https:\/\/kichiko.net\/wp-content\/uploads\/2017\/10\/IMG_8894-768x1115.jpg 768w, https:\/\/kichiko.net\/wp-content\/uploads\/2017\/10\/IMG_8894-705x1024.jpg 705w, https:\/\/kichiko.net\/wp-content\/uploads\/2017\/10\/IMG_8894.jpg 1293w\" sizes=\"(max-width: 400px) 100vw, 400px\" \/><p id=\"caption-attachment-1169\" class=\"wp-caption-text\">6 uker<\/p><\/div>\n<div id=\"attachment_1176\" style=\"width: 389px\" class=\"wp-caption alignnone\"><img aria-describedby=\"caption-attachment-1176\" loading=\"lazy\" class=\"size-medium wp-image-1176\" src=\"http:\/\/kichiko.net\/wp-content\/uploads\/2017\/05\/IMG_8976-379x600.jpg\" alt=\"7 uker\" width=\"379\" height=\"600\" srcset=\"https:\/\/kichiko.net\/wp-content\/uploads\/2017\/05\/IMG_8976-379x600.jpg 379w, https:\/\/kichiko.net\/wp-content\/uploads\/2017\/05\/IMG_8976-768x1217.jpg 768w, https:\/\/kichiko.net\/wp-content\/uploads\/2017\/05\/IMG_8976-646x1024.jpg 646w, https:\/\/kichiko.net\/wp-content\/uploads\/2017\/05\/IMG_8976.jpg 1449w\" sizes=\"(max-width: 379px) 100vw, 379px\" \/><p id=\"caption-attachment-1176\" class=\"wp-caption-text\">7 uker<\/p><\/div>\n<div id=\"attachment_1189\" style=\"width: 410px\" class=\"wp-caption alignnone\"><img aria-describedby=\"caption-attachment-1189\" loading=\"lazy\" class=\"size-medium wp-image-1189\" src=\"http:\/\/kichiko.net\/wp-content\/uploads\/2017\/10\/IMG_9150-400x490.jpg\" alt=\"8 uker \" width=\"400\" height=\"490\" srcset=\"https:\/\/kichiko.net\/wp-content\/uploads\/2017\/10\/IMG_9150-400x490.jpg 400w, https:\/\/kichiko.net\/wp-content\/uploads\/2017\/10\/IMG_9150-768x941.jpg 768w, https:\/\/kichiko.net\/wp-content\/uploads\/2017\/10\/IMG_9150-836x1024.jpg 836w, https:\/\/kichiko.net\/wp-content\/uploads\/2017\/10\/IMG_9150.jpg 1651w\" sizes=\"(max-width: 400px) 100vw, 400px\" \/><p id=\"caption-attachment-1189\" class=\"wp-caption-text\">8 uker<\/p><\/div>\n<div id=\"attachment_1190\" style=\"width: 410px\" class=\"wp-caption alignnone\"><img aria-describedby=\"caption-attachment-1190\" loading=\"lazy\" class=\"size-medium wp-image-1190\" src=\"http:\/\/kichiko.net\/wp-content\/uploads\/2017\/10\/IMG_9155-400x344.jpg\" alt=\"8 uker \" width=\"400\" height=\"344\" srcset=\"https:\/\/kichiko.net\/wp-content\/uploads\/2017\/10\/IMG_9155-400x344.jpg 400w, https:\/\/kichiko.net\/wp-content\/uploads\/2017\/10\/IMG_9155-768x661.jpg 768w, https:\/\/kichiko.net\/wp-content\/uploads\/2017\/10\/IMG_9155-1024x881.jpg 1024w\" sizes=\"(max-width: 400px) 100vw, 400px\" \/><p id=\"caption-attachment-1190\" class=\"wp-caption-text\">8 uker<\/p><\/div>\n<div id=\"attachment_1203\" style=\"width: 410px\" class=\"wp-caption alignnone\"><img aria-describedby=\"caption-attachment-1203\" loading=\"lazy\" class=\"size-medium wp-image-1203\" src=\"http:\/\/kichiko.net\/wp-content\/uploads\/2017\/10\/IMG_9185-400x278.jpg\" alt=\"Teemo med sine nye eiere, Ann-Christin og Bj\u00f8rn Anders\" width=\"400\" height=\"278\" srcset=\"https:\/\/kichiko.net\/wp-content\/uploads\/2017\/10\/IMG_9185-400x278.jpg 400w, https:\/\/kichiko.net\/wp-content\/uploads\/2017\/10\/IMG_9185-768x534.jpg 768w, https:\/\/kichiko.net\/wp-content\/uploads\/2017\/10\/IMG_9185-1024x712.jpg 1024w\" sizes=\"(max-width: 400px) 100vw, 400px\" \/><p id=\"caption-attachment-1203\" class=\"wp-caption-text\">Teemo med sine nye eiere, Ann-Christin og Bj\u00f8rn Anders<\/p><\/div>\n<div id=\"attachment_1201\" style=\"width: 410px\" class=\"wp-caption alignnone\"><img aria-describedby=\"caption-attachment-1201\" loading=\"lazy\" class=\"size-medium wp-image-1201\" src=\"http:\/\/kichiko.net\/wp-content\/uploads\/2017\/10\/IMG_9187-400x282.jpg\" alt=\"Teemo med sine nye eiere, Ann-Christin og Bj\u00f8rn Anders\" width=\"400\" height=\"282\" srcset=\"https:\/\/kichiko.net\/wp-content\/uploads\/2017\/10\/IMG_9187-400x282.jpg 400w, https:\/\/kichiko.net\/wp-content\/uploads\/2017\/10\/IMG_9187-768x542.jpg 768w, https:\/\/kichiko.net\/wp-content\/uploads\/2017\/10\/IMG_9187-1024x722.jpg 1024w\" sizes=\"(max-width: 400px) 100vw, 400px\" \/><p id=\"caption-attachment-1201\" class=\"wp-caption-text\">Teemo med sine nye eiere, Ann-Christin og Bj\u00f8rn Anders<\/p><\/div>\n<div id=\"attachment_1457\" style=\"width: 410px\" class=\"wp-caption alignnone\"><img aria-describedby=\"caption-attachment-1457\" loading=\"lazy\" class=\"size-medium wp-image-1457\" src=\"http:\/\/kichiko.net\/wp-content\/uploads\/2018\/01\/teemo6mnd-400x451.jpg\" alt=\"6 mnd \" width=\"400\" height=\"451\" srcset=\"https:\/\/kichiko.net\/wp-content\/uploads\/2018\/01\/teemo6mnd-400x451.jpg 400w, https:\/\/kichiko.net\/wp-content\/uploads\/2018\/01\/teemo6mnd.jpg 528w\" sizes=\"(max-width: 400px) 100vw, 400px\" \/><p id=\"caption-attachment-1457\" class=\"wp-caption-text\">6 mnd<\/p><\/div>\n","protected":false},"excerpt":{"rendered":"<p>Kl. 11:40 ble det f\u00f8dt en bl\/t hann p\u00e5 225 gram. Han fikk navnet Kichiko`s Makoto Shuko som betyr Opprinnelig h\u00f8stlys Nick : Teemo Rase : Shiba Kj\u00f8nn : Hann Farge : Black\/Tan F\u00f8dt : 2\/10-2017 Reg.nr : NO 56459\/17 HD : B\/B AD : 0\/0 Eier : Ann-Christin Thorkildsen og Bj\u00f8rn Anders Linde Pedersen, [&hellip;]<\/p>\n","protected":false},"author":2,"featured_media":0,"parent":1094,"menu_order":0,"comment_status":"closed","ping_status":"closed","template":"","meta":[],"_links":{"self":[{"href":"https:\/\/kichiko.net\/index.php?rest_route=\/wp\/v2\/pages\/1097"}],"collection":[{"href":"https:\/\/kichiko.net\/index.php?rest_route=\/wp\/v2\/pages"}],"about":[{"href":"https:\/\/kichiko.net\/index.php?rest_route=\/wp\/v2\/types\/page"}],"author":[{"embeddable":true,"href":"https:\/\/kichiko.net\/index.php?rest_route=\/wp\/v2\/users\/2"}],"replies":[{"embeddable":true,"href":"https:\/\/kichiko.net\/index.php?rest_route=%2Fwp%2Fv2%2Fcomments&post=1097"}],"version-history":[{"count":16,"href":"https:\/\/kichiko.net\/index.php?rest_route=\/wp\/v2\/pages\/1097\/revisions"}],"predecessor-version":[{"id":2031,"href":"https:\/\/kichiko.net\/index.php?rest_route=\/wp\/v2\/pages\/1097\/revisions\/2031"}],"up":[{"embeddable":true,"href":"https:\/\/kichiko.net\/index.php?rest_route=\/wp\/v2\/pages\/1094"}],"wp:attachment":[{"href":"https:\/\/kichiko.net\/index.php?rest_route=%2Fwp%2Fv2%2Fmedia&parent=1097"}],"curies":[{"name":"wp","href":"https:\/\/api.w.org\/{rel}","templated":true}]}}