{"id":1043,"date":"2017-05-04T23:00:57","date_gmt":"2017-05-04T22:00:57","guid":{"rendered":"http:\/\/kichiko.net\/?page_id=1043"},"modified":"2019-07-07T22:05:20","modified_gmt":"2019-07-07T21:05:20","slug":"sui","status":"publish","type":"page","link":"https:\/\/kichiko.net\/?page_id=1043","title":{"rendered":"Sui"},"content":{"rendered":"<p><img loading=\"lazy\" class=\"alignnone size-medium wp-image-1501\" src=\"http:\/\/kichiko.net\/wp-content\/uploads\/2017\/05\/SUINY-400x388.jpg\" alt=\"SUINY\" width=\"400\" height=\"388\" srcset=\"https:\/\/kichiko.net\/wp-content\/uploads\/2017\/05\/SUINY-400x388.jpg 400w, https:\/\/kichiko.net\/wp-content\/uploads\/2017\/05\/SUINY.jpg 640w\" sizes=\"(max-width: 400px) 100vw, 400px\" \/><\/p>\n<p>Navn :\u00a0Suikouhime Go Koshiwasou<br \/>\nNick :\u00a0Sui<br \/>\n<span class=\"rtb3\">Rase : Shiba<br \/>\n<\/span><span class=\"rtb3\">Kj\u00f8nn : Tispe<br \/>\n<\/span><span class=\"rtb3\">Farge : R\u00f8d<br \/>\n<\/span>F\u00f8dt : 3\/12-2016<br \/>\nReg.nr :\u00a0JKCJS03767\/17-0<br \/>\nOppdretter :\u00a0Kobayashi Yosuke, Niigata, Japan<br \/>\nHD : B\/D<br \/>\nAD : 0\/0<br \/>\nBitt : Korrekt og fulltannet<br \/>\nEier: Mats Jakobsen, \u00c5ros<\/p>\n<p>Premieringer : 2 X BIR valp, 1 X \u00a03.BIG valp, 1 X BIM valp,<\/p>\n<p>2 X CK, 2 X Cert, 1 X BIR, 1 X BIM<\/p>\n<p>Titler : NJV-17, NV-17<\/p>\n<div id=\"attachment_1178\" style=\"width: 410px\" class=\"wp-caption aligncenter\"><img aria-describedby=\"caption-attachment-1178\" loading=\"lazy\" class=\"size-medium wp-image-1178\" src=\"http:\/\/kichiko.net\/wp-content\/uploads\/2017\/05\/23621180_10155832942986241_3263222206450107041_n-1-400x297.jpg\" alt=\"Sui, BIM p\u00e5 Norsk vinner, 2017\" width=\"400\" height=\"297\" srcset=\"https:\/\/kichiko.net\/wp-content\/uploads\/2017\/05\/23621180_10155832942986241_3263222206450107041_n-1-400x297.jpg 400w, https:\/\/kichiko.net\/wp-content\/uploads\/2017\/05\/23621180_10155832942986241_3263222206450107041_n-1-768x570.jpg 768w, https:\/\/kichiko.net\/wp-content\/uploads\/2017\/05\/23621180_10155832942986241_3263222206450107041_n-1.jpg 960w\" sizes=\"(max-width: 400px) 100vw, 400px\" \/><p id=\"caption-attachment-1178\" class=\"wp-caption-text\">Sui, BIM p\u00e5 Norsk vinner, 2017<\/p><\/div>\n<div id=\"attachment_1149\" style=\"width: 410px\" class=\"wp-caption aligncenter\"><img aria-describedby=\"caption-attachment-1149\" loading=\"lazy\" class=\"size-medium wp-image-1149\" src=\"http:\/\/kichiko.net\/wp-content\/uploads\/2017\/05\/sui-29.10.17-\u2013-Kopi-400x518.jpg\" alt=\"Sui, BIR, 29\/10-17\" width=\"400\" height=\"518\" srcset=\"https:\/\/kichiko.net\/wp-content\/uploads\/2017\/05\/sui-29.10.17-\u2013-Kopi-400x518.jpg 400w, https:\/\/kichiko.net\/wp-content\/uploads\/2017\/05\/sui-29.10.17-\u2013-Kopi.jpg 742w\" sizes=\"(max-width: 400px) 100vw, 400px\" \/><p id=\"caption-attachment-1149\" class=\"wp-caption-text\">Sui, BIR, 29\/10-17<\/p><\/div>\n<div id=\"attachment_1148\" style=\"width: 410px\" class=\"wp-caption aligncenter\"><img aria-describedby=\"caption-attachment-1148\" loading=\"lazy\" class=\"size-medium wp-image-1148\" src=\"http:\/\/kichiko.net\/wp-content\/uploads\/2017\/05\/sui29.1017-\u2013-Kopi-400x409.jpg\" alt=\"Sui. BIR 29\/10-17\" width=\"400\" height=\"409\" srcset=\"https:\/\/kichiko.net\/wp-content\/uploads\/2017\/05\/sui29.1017-\u2013-Kopi-400x409.jpg 400w, https:\/\/kichiko.net\/wp-content\/uploads\/2017\/05\/sui29.1017-\u2013-Kopi-768x786.jpg 768w, https:\/\/kichiko.net\/wp-content\/uploads\/2017\/05\/sui29.1017-\u2013-Kopi.jpg 938w\" sizes=\"(max-width: 400px) 100vw, 400px\" \/><p id=\"caption-attachment-1148\" class=\"wp-caption-text\">Sui. BIR 29\/10-17<\/p><\/div>\n<p><img loading=\"lazy\" class=\"alignnone size-medium wp-image-1149 aligncenter\" src=\"http:\/\/kichiko.net\/wp-content\/uploads\/2017\/05\/sui-29.10.17-\u2013-Kopi-400x518.jpg\" alt=\"sui 29.10.17 \u2013 Kopi\" width=\"400\" height=\"518\" srcset=\"https:\/\/kichiko.net\/wp-content\/uploads\/2017\/05\/sui-29.10.17-\u2013-Kopi-400x518.jpg 400w, https:\/\/kichiko.net\/wp-content\/uploads\/2017\/05\/sui-29.10.17-\u2013-Kopi.jpg 742w\" sizes=\"(max-width: 400px) 100vw, 400px\" \/><\/p>\n<div id=\"attachment_1355\" style=\"width: 410px\" class=\"wp-caption aligncenter\"><img aria-describedby=\"caption-attachment-1355\" loading=\"lazy\" class=\"size-medium wp-image-1355\" src=\"http:\/\/kichiko.net\/wp-content\/uploads\/2016\/09\/21105895_10155601440536241_3195397955646106447_n-400x456.jpg\" alt=\"Sui, BIR valp\" width=\"400\" height=\"456\" srcset=\"https:\/\/kichiko.net\/wp-content\/uploads\/2016\/09\/21105895_10155601440536241_3195397955646106447_n-400x456.jpg 400w, https:\/\/kichiko.net\/wp-content\/uploads\/2016\/09\/21105895_10155601440536241_3195397955646106447_n-768x876.jpg 768w, https:\/\/kichiko.net\/wp-content\/uploads\/2016\/09\/21105895_10155601440536241_3195397955646106447_n.jpg 842w\" sizes=\"(max-width: 400px) 100vw, 400px\" \/><p id=\"caption-attachment-1355\" class=\"wp-caption-text\">Sui, BIR valp<\/p><\/div>\n<div id=\"attachment_1071\" style=\"width: 410px\" class=\"wp-caption aligncenter\"><img aria-describedby=\"caption-attachment-1071\" loading=\"lazy\" class=\"size-medium wp-image-1071\" src=\"http:\/\/kichiko.net\/wp-content\/uploads\/2017\/05\/bim-valp-400x362.jpg\" alt=\"BIM valp, Japanspesialen 2017\" width=\"400\" height=\"362\" srcset=\"https:\/\/kichiko.net\/wp-content\/uploads\/2017\/05\/bim-valp-400x362.jpg 400w, https:\/\/kichiko.net\/wp-content\/uploads\/2017\/05\/bim-valp-768x694.jpg 768w, https:\/\/kichiko.net\/wp-content\/uploads\/2017\/05\/bim-valp.jpg 960w\" sizes=\"(max-width: 400px) 100vw, 400px\" \/><p id=\"caption-attachment-1071\" class=\"wp-caption-text\">BIM valp, Japanspesialen 2017<\/p><\/div>\n<div id=\"attachment_1072\" style=\"width: 410px\" class=\"wp-caption aligncenter\"><img aria-describedby=\"caption-attachment-1072\" loading=\"lazy\" class=\"size-medium wp-image-1072\" src=\"http:\/\/kichiko.net\/wp-content\/uploads\/2017\/05\/18198718_10155215890721241_3074145990429113029_n-400x265.jpg\" alt=\"3. BIG valp\" width=\"400\" height=\"265\" srcset=\"https:\/\/kichiko.net\/wp-content\/uploads\/2017\/05\/18198718_10155215890721241_3074145990429113029_n-400x265.jpg 400w, https:\/\/kichiko.net\/wp-content\/uploads\/2017\/05\/18198718_10155215890721241_3074145990429113029_n-768x509.jpg 768w, https:\/\/kichiko.net\/wp-content\/uploads\/2017\/05\/18198718_10155215890721241_3074145990429113029_n.jpg 960w\" sizes=\"(max-width: 400px) 100vw, 400px\" \/><p id=\"caption-attachment-1072\" class=\"wp-caption-text\">3. BIG valp<\/p><\/div>\n","protected":false},"excerpt":{"rendered":"<p>Navn :\u00a0Suikouhime Go Koshiwasou Nick :\u00a0Sui Rase : Shiba Kj\u00f8nn : Tispe Farge : R\u00f8d F\u00f8dt : 3\/12-2016 Reg.nr :\u00a0JKCJS03767\/17-0 Oppdretter :\u00a0Kobayashi Yosuke, Niigata, Japan HD : B\/D AD : 0\/0 Bitt : Korrekt og fulltannet Eier: Mats Jakobsen, \u00c5ros Premieringer : 2 X BIR valp, 1 X \u00a03.BIG valp, 1 X BIM valp, 2 [&hellip;]<\/p>\n","protected":false},"author":2,"featured_media":0,"parent":2015,"menu_order":5,"comment_status":"closed","ping_status":"closed","template":"","meta":[],"_links":{"self":[{"href":"https:\/\/kichiko.net\/index.php?rest_route=\/wp\/v2\/pages\/1043"}],"collection":[{"href":"https:\/\/kichiko.net\/index.php?rest_route=\/wp\/v2\/pages"}],"about":[{"href":"https:\/\/kichiko.net\/index.php?rest_route=\/wp\/v2\/types\/page"}],"author":[{"embeddable":true,"href":"https:\/\/kichiko.net\/index.php?rest_route=\/wp\/v2\/users\/2"}],"replies":[{"embeddable":true,"href":"https:\/\/kichiko.net\/index.php?rest_route=%2Fwp%2Fv2%2Fcomments&post=1043"}],"version-history":[{"count":14,"href":"https:\/\/kichiko.net\/index.php?rest_route=\/wp\/v2\/pages\/1043\/revisions"}],"predecessor-version":[{"id":2231,"href":"https:\/\/kichiko.net\/index.php?rest_route=\/wp\/v2\/pages\/1043\/revisions\/2231"}],"up":[{"embeddable":true,"href":"https:\/\/kichiko.net\/index.php?rest_route=\/wp\/v2\/pages\/2015"}],"wp:attachment":[{"href":"https:\/\/kichiko.net\/index.php?rest_route=%2Fwp%2Fv2%2Fmedia&parent=1043"}],"curies":[{"name":"wp","href":"https:\/\/api.w.org\/{rel}","templated":true}]}}