{"id":5309,"date":"2024-07-28T14:44:27","date_gmt":"2024-07-28T13:44:27","guid":{"rendered":"https:\/\/kichiko.net\/?page_id=5309"},"modified":"2024-09-12T22:22:09","modified_gmt":"2024-09-12T21:22:09","slug":"kichikos-v-5","status":"publish","type":"page","link":"http:\/\/kichiko.net\/?page_id=5309","title":{"rendered":"Victorious Fr\u00f8ya"},"content":{"rendered":"\n<p>Det ble en r\u00f8d tispe som fikk navnet Kichiko<code>s&nbsp;<\/code>Victorious Fr\u00f8ya <br>Nick : Fr\u00f8ya<br>Rase : Shiba<br>Kj\u00f8nn: Tispe<br>Farge : R\u00f8d<br>F\u00f8dt: 7\/7-2024<br>Reg.nr : NO 48961\/24<br>HD:<br>AD:<br>Patella:<br>\u00d8yne:<br>Bitt:<\/p>\n\n\n\n<p>Eiere :&nbsp;Christine Olson og Kim Vegard Jensen Pedersen, Bod\u00f8<\/p>\n\n\n\n<figure class=\"wp-block-image size-large\"><img loading=\"lazy\" width=\"985\" height=\"1024\" src=\"https:\/\/kichiko.net\/wp-content\/uploads\/2024\/07\/5-985x1024.jpg\" alt=\"\" class=\"wp-image-5310\" srcset=\"http:\/\/kichiko.net\/wp-content\/uploads\/2024\/07\/5-985x1024.jpg 985w, http:\/\/kichiko.net\/wp-content\/uploads\/2024\/07\/5-400x416.jpg 400w, http:\/\/kichiko.net\/wp-content\/uploads\/2024\/07\/5-768x798.jpg 768w, http:\/\/kichiko.net\/wp-content\/uploads\/2024\/07\/5-1477x1536.jpg 1477w, http:\/\/kichiko.net\/wp-content\/uploads\/2024\/07\/5.jpg 1918w\" sizes=\"(max-width: 985px) 100vw, 985px\" \/><figcaption>Nyf\u00f8dt<\/figcaption><\/figure>\n\n\n\n<p><\/p>\n\n\n\n<figure class=\"wp-block-image size-large\"><img loading=\"lazy\" width=\"940\" height=\"1024\" src=\"https:\/\/kichiko.net\/wp-content\/uploads\/2024\/07\/t-2-gul-940x1024.jpg\" alt=\"\" class=\"wp-image-5311\" srcset=\"http:\/\/kichiko.net\/wp-content\/uploads\/2024\/07\/t-2-gul-940x1024.jpg 940w, http:\/\/kichiko.net\/wp-content\/uploads\/2024\/07\/t-2-gul-400x436.jpg 400w, http:\/\/kichiko.net\/wp-content\/uploads\/2024\/07\/t-2-gul-768x837.jpg 768w, http:\/\/kichiko.net\/wp-content\/uploads\/2024\/07\/t-2-gul-1410x1536.jpg 1410w, http:\/\/kichiko.net\/wp-content\/uploads\/2024\/07\/t-2-gul.jpg 1880w\" sizes=\"(max-width: 940px) 100vw, 940px\" \/><figcaption>1 uke <\/figcaption><\/figure>\n\n\n\n<figure class=\"wp-block-image size-large\"><img loading=\"lazy\" width=\"952\" height=\"1024\" src=\"https:\/\/kichiko.net\/wp-content\/uploads\/2024\/07\/gul-1-952x1024.jpg\" alt=\"\" class=\"wp-image-5312\" srcset=\"http:\/\/kichiko.net\/wp-content\/uploads\/2024\/07\/gul-1-952x1024.jpg 952w, http:\/\/kichiko.net\/wp-content\/uploads\/2024\/07\/gul-1-400x430.jpg 400w, http:\/\/kichiko.net\/wp-content\/uploads\/2024\/07\/gul-1-768x826.jpg 768w, http:\/\/kichiko.net\/wp-content\/uploads\/2024\/07\/gul-1-1428x1536.jpg 1428w, http:\/\/kichiko.net\/wp-content\/uploads\/2024\/07\/gul-1.jpg 1904w\" sizes=\"(max-width: 952px) 100vw, 952px\" \/><figcaption>2 uker<\/figcaption><\/figure>\n\n\n\n<figure class=\"wp-block-image size-large\"><img loading=\"lazy\" width=\"918\" height=\"1024\" src=\"https:\/\/kichiko.net\/wp-content\/uploads\/2024\/07\/gul-2-918x1024.jpg\" alt=\"\" class=\"wp-image-5313\" srcset=\"http:\/\/kichiko.net\/wp-content\/uploads\/2024\/07\/gul-2-918x1024.jpg 918w, http:\/\/kichiko.net\/wp-content\/uploads\/2024\/07\/gul-2-400x446.jpg 400w, http:\/\/kichiko.net\/wp-content\/uploads\/2024\/07\/gul-2-768x857.jpg 768w, http:\/\/kichiko.net\/wp-content\/uploads\/2024\/07\/gul-2-1377x1536.jpg 1377w, http:\/\/kichiko.net\/wp-content\/uploads\/2024\/07\/gul-2.jpg 1721w\" sizes=\"(max-width: 918px) 100vw, 918px\" \/><figcaption>3 uker<\/figcaption><\/figure>\n\n\n\n<figure class=\"wp-block-image size-large\"><img loading=\"lazy\" width=\"927\" height=\"1024\" src=\"https:\/\/kichiko.net\/wp-content\/uploads\/2024\/08\/454340428_10161844457311241_7630166027479285646_n-927x1024.jpg\" alt=\"\" class=\"wp-image-5340\" srcset=\"http:\/\/kichiko.net\/wp-content\/uploads\/2024\/08\/454340428_10161844457311241_7630166027479285646_n-927x1024.jpg 927w, http:\/\/kichiko.net\/wp-content\/uploads\/2024\/08\/454340428_10161844457311241_7630166027479285646_n-400x442.jpg 400w, http:\/\/kichiko.net\/wp-content\/uploads\/2024\/08\/454340428_10161844457311241_7630166027479285646_n-768x849.jpg 768w, http:\/\/kichiko.net\/wp-content\/uploads\/2024\/08\/454340428_10161844457311241_7630166027479285646_n-1390x1536.jpg 1390w, http:\/\/kichiko.net\/wp-content\/uploads\/2024\/08\/454340428_10161844457311241_7630166027479285646_n.jpg 1716w\" sizes=\"(max-width: 927px) 100vw, 927px\" \/><figcaption>4 uker<\/figcaption><\/figure>\n\n\n\n<figure class=\"wp-block-image size-large\"><img loading=\"lazy\" width=\"875\" height=\"1024\" src=\"https:\/\/kichiko.net\/wp-content\/uploads\/2024\/08\/455189396_10161867896416241_622192752452092199_n-875x1024.jpg\" alt=\"\" class=\"wp-image-5341\" srcset=\"http:\/\/kichiko.net\/wp-content\/uploads\/2024\/08\/455189396_10161867896416241_622192752452092199_n-875x1024.jpg 875w, http:\/\/kichiko.net\/wp-content\/uploads\/2024\/08\/455189396_10161867896416241_622192752452092199_n-400x468.jpg 400w, http:\/\/kichiko.net\/wp-content\/uploads\/2024\/08\/455189396_10161867896416241_622192752452092199_n-768x899.jpg 768w, http:\/\/kichiko.net\/wp-content\/uploads\/2024\/08\/455189396_10161867896416241_622192752452092199_n-1312x1536.jpg 1312w, http:\/\/kichiko.net\/wp-content\/uploads\/2024\/08\/455189396_10161867896416241_622192752452092199_n.jpg 1680w\" sizes=\"(max-width: 875px) 100vw, 875px\" \/><figcaption>5 uker<\/figcaption><\/figure>\n\n\n\n<figure class=\"wp-block-image size-large\"><img loading=\"lazy\" width=\"750\" height=\"1024\" src=\"https:\/\/kichiko.net\/wp-content\/uploads\/2024\/08\/gul-750x1024.jpg\" alt=\"\" class=\"wp-image-5382\" srcset=\"http:\/\/kichiko.net\/wp-content\/uploads\/2024\/08\/gul-750x1024.jpg 750w, http:\/\/kichiko.net\/wp-content\/uploads\/2024\/08\/gul-400x546.jpg 400w, http:\/\/kichiko.net\/wp-content\/uploads\/2024\/08\/gul-768x1048.jpg 768w, http:\/\/kichiko.net\/wp-content\/uploads\/2024\/08\/gul-1125x1536.jpg 1125w, http:\/\/kichiko.net\/wp-content\/uploads\/2024\/08\/gul.jpg 1498w\" sizes=\"(max-width: 750px) 100vw, 750px\" \/><figcaption>7 uker <\/figcaption><\/figure>\n\n\n\n<figure class=\"wp-block-image size-large\"><img loading=\"lazy\" width=\"768\" height=\"1024\" src=\"https:\/\/kichiko.net\/wp-content\/uploads\/2024\/09\/Froya-768x1024.jpg\" alt=\"\" class=\"wp-image-5408\" srcset=\"http:\/\/kichiko.net\/wp-content\/uploads\/2024\/09\/Froya-768x1024.jpg 768w, http:\/\/kichiko.net\/wp-content\/uploads\/2024\/09\/Froya-400x533.jpg 400w, http:\/\/kichiko.net\/wp-content\/uploads\/2024\/09\/Froya-1152x1536.jpg 1152w, http:\/\/kichiko.net\/wp-content\/uploads\/2024\/09\/Froya.jpg 1536w\" sizes=\"(max-width: 768px) 100vw, 768px\" \/><figcaption>Fr\u00f8ya med sine nye eiere<\/figcaption><\/figure>\n\n\n\n<p><\/p>\n","protected":false},"excerpt":{"rendered":"<p>Det ble en r\u00f8d tispe som fikk navnet Kichikos&nbsp;Victorious Fr\u00f8ya Nick : Fr\u00f8yaRase : ShibaKj\u00f8nn: TispeFarge : R\u00f8dF\u00f8dt: 7\/7-2024Reg.nr : NO 48961\/24HD:AD:Patella:\u00d8yne:Bitt: Eiere :&nbsp;Christine Olson og Kim Vegard Jensen Pedersen, Bod\u00f8<\/p>\n","protected":false},"author":2,"featured_media":0,"parent":5281,"menu_order":5,"comment_status":"closed","ping_status":"closed","template":"","meta":[],"_links":{"self":[{"href":"http:\/\/kichiko.net\/index.php?rest_route=\/wp\/v2\/pages\/5309"}],"collection":[{"href":"http:\/\/kichiko.net\/index.php?rest_route=\/wp\/v2\/pages"}],"about":[{"href":"http:\/\/kichiko.net\/index.php?rest_route=\/wp\/v2\/types\/page"}],"author":[{"embeddable":true,"href":"http:\/\/kichiko.net\/index.php?rest_route=\/wp\/v2\/users\/2"}],"replies":[{"embeddable":true,"href":"http:\/\/kichiko.net\/index.php?rest_route=%2Fwp%2Fv2%2Fcomments&post=5309"}],"version-history":[{"count":6,"href":"http:\/\/kichiko.net\/index.php?rest_route=\/wp\/v2\/pages\/5309\/revisions"}],"predecessor-version":[{"id":5409,"href":"http:\/\/kichiko.net\/index.php?rest_route=\/wp\/v2\/pages\/5309\/revisions\/5409"}],"up":[{"embeddable":true,"href":"http:\/\/kichiko.net\/index.php?rest_route=\/wp\/v2\/pages\/5281"}],"wp:attachment":[{"href":"http:\/\/kichiko.net\/index.php?rest_route=%2Fwp%2Fv2%2Fmedia&parent=5309"}],"curies":[{"name":"wp","href":"https:\/\/api.w.org\/{rel}","templated":true}]}}