{"id":5035,"date":"2023-12-03T22:14:35","date_gmt":"2023-12-03T21:14:35","guid":{"rendered":"https:\/\/kichiko.net\/?page_id=5035"},"modified":"2025-06-17T16:30:35","modified_gmt":"2025-06-17T15:30:35","slug":"kichikos-s-6","status":"publish","type":"page","link":"http:\/\/kichiko.net\/?page_id=5035","title":{"rendered":"Sweet Dreams"},"content":{"rendered":"\n<p>Det ble en r\u00f8d tispe som veide 235 gram og fikk navnet Kichiko`s Sweet Dreams <br>Nick : Kira<br>Rase : Shiba<br>Kj\u00f8nn: Tispe<br>Farge : R\u00f8d<br>F\u00f8dt: 13.11.2023<br>Reg.nr : NO58357\/23<br>HD: C \/ D<br>AD: 0 \/ 0<br>Patella: 0 \/ 0<br>\u00d8yne: Intet p\u00e5vist<br>Bitt:<\/p>\n\n\n\n<p>Eier :&nbsp;Anne Lene Solbakken, Hallingby<\/p>\n\n\n\n<figure class=\"wp-block-image size-large\"><img loading=\"lazy\" width=\"1024\" height=\"881\" src=\"https:\/\/kichiko.net\/wp-content\/uploads\/2023\/12\/lilla-1024x881.jpg\" alt=\"\" class=\"wp-image-5036\" srcset=\"http:\/\/kichiko.net\/wp-content\/uploads\/2023\/12\/lilla-1024x881.jpg 1024w, http:\/\/kichiko.net\/wp-content\/uploads\/2023\/12\/lilla-400x344.jpg 400w, http:\/\/kichiko.net\/wp-content\/uploads\/2023\/12\/lilla-768x661.jpg 768w, http:\/\/kichiko.net\/wp-content\/uploads\/2023\/12\/lilla-1536x1322.jpg 1536w, http:\/\/kichiko.net\/wp-content\/uploads\/2023\/12\/lilla.jpg 2048w\" sizes=\"(max-width: 1024px) 100vw, 1024px\" \/><figcaption>Nyf\u00f8dt<\/figcaption><\/figure>\n\n\n\n<figure class=\"wp-block-image size-large\"><img loading=\"lazy\" width=\"860\" height=\"1024\" src=\"https:\/\/kichiko.net\/wp-content\/uploads\/2023\/12\/lilla-1-860x1024.jpg\" alt=\"\" class=\"wp-image-5037\" srcset=\"http:\/\/kichiko.net\/wp-content\/uploads\/2023\/12\/lilla-1-860x1024.jpg 860w, http:\/\/kichiko.net\/wp-content\/uploads\/2023\/12\/lilla-1-400x476.jpg 400w, http:\/\/kichiko.net\/wp-content\/uploads\/2023\/12\/lilla-1-768x915.jpg 768w, http:\/\/kichiko.net\/wp-content\/uploads\/2023\/12\/lilla-1.jpg 1062w\" sizes=\"(max-width: 860px) 100vw, 860px\" \/><figcaption>1 uke<\/figcaption><\/figure>\n\n\n\n<figure class=\"wp-block-image size-large\"><img loading=\"lazy\" width=\"917\" height=\"1024\" src=\"https:\/\/kichiko.net\/wp-content\/uploads\/2023\/12\/lilla-2-917x1024.jpg\" alt=\"\" class=\"wp-image-5038\" srcset=\"http:\/\/kichiko.net\/wp-content\/uploads\/2023\/12\/lilla-2-917x1024.jpg 917w, http:\/\/kichiko.net\/wp-content\/uploads\/2023\/12\/lilla-2-400x447.jpg 400w, http:\/\/kichiko.net\/wp-content\/uploads\/2023\/12\/lilla-2-768x858.jpg 768w, http:\/\/kichiko.net\/wp-content\/uploads\/2023\/12\/lilla-2-1375x1536.jpg 1375w, http:\/\/kichiko.net\/wp-content\/uploads\/2023\/12\/lilla-2.jpg 1720w\" sizes=\"(max-width: 917px) 100vw, 917px\" \/><figcaption>2 uker<\/figcaption><\/figure>\n\n\n\n<figure class=\"wp-block-image size-large\"><img loading=\"lazy\" width=\"873\" height=\"1024\" src=\"https:\/\/kichiko.net\/wp-content\/uploads\/2023\/12\/lilla-3-873x1024.jpg\" alt=\"\" class=\"wp-image-5062\" srcset=\"http:\/\/kichiko.net\/wp-content\/uploads\/2023\/12\/lilla-3-873x1024.jpg 873w, http:\/\/kichiko.net\/wp-content\/uploads\/2023\/12\/lilla-3-400x469.jpg 400w, http:\/\/kichiko.net\/wp-content\/uploads\/2023\/12\/lilla-3-768x901.jpg 768w, http:\/\/kichiko.net\/wp-content\/uploads\/2023\/12\/lilla-3-1310x1536.jpg 1310w, http:\/\/kichiko.net\/wp-content\/uploads\/2023\/12\/lilla-3.jpg 1679w\" sizes=\"(max-width: 873px) 100vw, 873px\" \/><figcaption>3 uker<\/figcaption><\/figure>\n\n\n\n<figure class=\"wp-block-image size-large\"><img loading=\"lazy\" width=\"867\" height=\"1024\" src=\"https:\/\/kichiko.net\/wp-content\/uploads\/2023\/12\/lilla-4-867x1024.jpg\" alt=\"\" class=\"wp-image-5092\" srcset=\"http:\/\/kichiko.net\/wp-content\/uploads\/2023\/12\/lilla-4-867x1024.jpg 867w, http:\/\/kichiko.net\/wp-content\/uploads\/2023\/12\/lilla-4-400x472.jpg 400w, http:\/\/kichiko.net\/wp-content\/uploads\/2023\/12\/lilla-4-768x907.jpg 768w, http:\/\/kichiko.net\/wp-content\/uploads\/2023\/12\/lilla-4-1301x1536.jpg 1301w, http:\/\/kichiko.net\/wp-content\/uploads\/2023\/12\/lilla-4.jpg 1673w\" sizes=\"(max-width: 867px) 100vw, 867px\" \/><figcaption>4 uker <\/figcaption><\/figure>\n\n\n\n<figure class=\"wp-block-image size-large\"><img loading=\"lazy\" width=\"666\" height=\"1024\" src=\"https:\/\/kichiko.net\/wp-content\/uploads\/2023\/12\/lilla-5-666x1024.jpg\" alt=\"\" class=\"wp-image-5094\" srcset=\"http:\/\/kichiko.net\/wp-content\/uploads\/2023\/12\/lilla-5-666x1024.jpg 666w, http:\/\/kichiko.net\/wp-content\/uploads\/2023\/12\/lilla-5-390x600.jpg 390w, http:\/\/kichiko.net\/wp-content\/uploads\/2023\/12\/lilla-5-768x1181.jpg 768w, http:\/\/kichiko.net\/wp-content\/uploads\/2023\/12\/lilla-5-999x1536.jpg 999w, http:\/\/kichiko.net\/wp-content\/uploads\/2023\/12\/lilla-5.jpg 1332w\" sizes=\"(max-width: 666px) 100vw, 666px\" \/><figcaption>5 uker <\/figcaption><\/figure>\n\n\n\n<figure class=\"wp-block-image size-large\"><img loading=\"lazy\" width=\"847\" height=\"1024\" src=\"https:\/\/kichiko.net\/wp-content\/uploads\/2023\/12\/414635604_10161384601796241_8670465337312996246_n-847x1024.jpg\" alt=\"\" class=\"wp-image-5114\" srcset=\"http:\/\/kichiko.net\/wp-content\/uploads\/2023\/12\/414635604_10161384601796241_8670465337312996246_n-847x1024.jpg 847w, http:\/\/kichiko.net\/wp-content\/uploads\/2023\/12\/414635604_10161384601796241_8670465337312996246_n-400x483.jpg 400w, http:\/\/kichiko.net\/wp-content\/uploads\/2023\/12\/414635604_10161384601796241_8670465337312996246_n-768x928.jpg 768w, http:\/\/kichiko.net\/wp-content\/uploads\/2023\/12\/414635604_10161384601796241_8670465337312996246_n-1271x1536.jpg 1271w, http:\/\/kichiko.net\/wp-content\/uploads\/2023\/12\/414635604_10161384601796241_8670465337312996246_n.jpg 1654w\" sizes=\"(max-width: 847px) 100vw, 847px\" \/><figcaption>6 uker <\/figcaption><\/figure>\n\n\n\n<figure class=\"wp-block-image size-large\"><img loading=\"lazy\" width=\"768\" height=\"1024\" src=\"https:\/\/kichiko.net\/wp-content\/uploads\/2024\/01\/lilla-768x1024.jpg\" alt=\"\" class=\"wp-image-5150\" srcset=\"http:\/\/kichiko.net\/wp-content\/uploads\/2024\/01\/lilla-768x1023.jpg 768w, http:\/\/kichiko.net\/wp-content\/uploads\/2024\/01\/lilla-400x533.jpg 400w, http:\/\/kichiko.net\/wp-content\/uploads\/2024\/01\/lilla-1153x1536.jpg 1153w, http:\/\/kichiko.net\/wp-content\/uploads\/2024\/01\/lilla.jpg 1170w\" sizes=\"(max-width: 768px) 100vw, 768px\" \/><figcaption>7 uker<\/figcaption><\/figure>\n\n\n\n<figure class=\"wp-block-image size-large\"><img loading=\"lazy\" width=\"768\" height=\"1024\" src=\"https:\/\/kichiko.net\/wp-content\/uploads\/2024\/01\/kira-og-Anne-Lene-768x1024.jpg\" alt=\"\" class=\"wp-image-5151\" srcset=\"http:\/\/kichiko.net\/wp-content\/uploads\/2024\/01\/kira-og-Anne-Lene-768x1024.jpg 768w, http:\/\/kichiko.net\/wp-content\/uploads\/2024\/01\/kira-og-Anne-Lene-400x533.jpg 400w, http:\/\/kichiko.net\/wp-content\/uploads\/2024\/01\/kira-og-Anne-Lene-1152x1536.jpg 1152w, http:\/\/kichiko.net\/wp-content\/uploads\/2024\/01\/kira-og-Anne-Lene.jpg 1536w\" sizes=\"(max-width: 768px) 100vw, 768px\" \/><figcaption>Kira med sin nye eier<\/figcaption><\/figure>\n","protected":false},"excerpt":{"rendered":"<p>Det ble en r\u00f8d tispe som veide 235 gram og fikk navnet Kichiko`s Sweet Dreams Nick : KiraRase : ShibaKj\u00f8nn: TispeFarge : R\u00f8dF\u00f8dt: 13.11.2023Reg.nr : NO58357\/23HD: C \/ DAD: 0 \/ 0Patella: 0 \/ 0\u00d8yne: Intet p\u00e5vistBitt: Eier :&nbsp;Anne Lene Solbakken, Hallingby<\/p>\n","protected":false},"author":2,"featured_media":0,"parent":5006,"menu_order":6,"comment_status":"closed","ping_status":"closed","template":"","meta":[],"_links":{"self":[{"href":"http:\/\/kichiko.net\/index.php?rest_route=\/wp\/v2\/pages\/5035"}],"collection":[{"href":"http:\/\/kichiko.net\/index.php?rest_route=\/wp\/v2\/pages"}],"about":[{"href":"http:\/\/kichiko.net\/index.php?rest_route=\/wp\/v2\/types\/page"}],"author":[{"embeddable":true,"href":"http:\/\/kichiko.net\/index.php?rest_route=\/wp\/v2\/users\/2"}],"replies":[{"embeddable":true,"href":"http:\/\/kichiko.net\/index.php?rest_route=%2Fwp%2Fv2%2Fcomments&post=5035"}],"version-history":[{"count":8,"href":"http:\/\/kichiko.net\/index.php?rest_route=\/wp\/v2\/pages\/5035\/revisions"}],"predecessor-version":[{"id":5876,"href":"http:\/\/kichiko.net\/index.php?rest_route=\/wp\/v2\/pages\/5035\/revisions\/5876"}],"up":[{"embeddable":true,"href":"http:\/\/kichiko.net\/index.php?rest_route=\/wp\/v2\/pages\/5006"}],"wp:attachment":[{"href":"http:\/\/kichiko.net\/index.php?rest_route=%2Fwp%2Fv2%2Fmedia&parent=5035"}],"curies":[{"name":"wp","href":"https:\/\/api.w.org\/{rel}","templated":true}]}}