{"id":5013,"date":"2023-12-03T22:08:11","date_gmt":"2023-12-03T21:08:11","guid":{"rendered":"https:\/\/kichiko.net\/?page_id=5013"},"modified":"2024-11-30T01:38:32","modified_gmt":"2024-11-30T00:38:32","slug":"kichikos-s-2","status":"publish","type":"page","link":"http:\/\/kichiko.net\/?page_id=5013","title":{"rendered":"Sweet Escape"},"content":{"rendered":"\n<p>Det ble en r\u00f8d hann som veide 255 gram og fikk navnet Kichiko`s Sweet Escape <br>Nick : Maki<br>Rase : Shiba<br>Kj\u00f8nn: Hann<br>Farge : R\u00f8d<br>F\u00f8dt: 13.11.2023<br>Reg.nr : NO58353\/23<br>HD: D\/D<br>AD: 0\/0<br>Patella:<br>\u00d8yne:<br>Bitt:<\/p>\n\n\n\n<p>Eiere :&nbsp;Charlotte og Martin Veland Hoven, Ingeberg<\/p>\n\n\n\n<figure class=\"wp-block-image size-large\"><img loading=\"lazy\" width=\"1024\" height=\"990\" src=\"https:\/\/kichiko.net\/wp-content\/uploads\/2023\/12\/gronn-3-1024x990.jpg\" alt=\"\" class=\"wp-image-5014\" srcset=\"http:\/\/kichiko.net\/wp-content\/uploads\/2023\/12\/gronn-3-1024x990.jpg 1024w, http:\/\/kichiko.net\/wp-content\/uploads\/2023\/12\/gronn-3-400x387.jpg 400w, http:\/\/kichiko.net\/wp-content\/uploads\/2023\/12\/gronn-3-768x743.jpg 768w, http:\/\/kichiko.net\/wp-content\/uploads\/2023\/12\/gronn-3-1536x1485.jpg 1536w, http:\/\/kichiko.net\/wp-content\/uploads\/2023\/12\/gronn-3.jpg 2048w\" sizes=\"(max-width: 1024px) 100vw, 1024px\" \/><figcaption>Nyf\u00f8dt<\/figcaption><\/figure>\n\n\n\n<figure class=\"wp-block-image size-large\"><img loading=\"lazy\" width=\"1024\" height=\"990\" src=\"https:\/\/kichiko.net\/wp-content\/uploads\/2023\/12\/gronn-4-1024x990.jpg\" alt=\"\" class=\"wp-image-5015\" srcset=\"http:\/\/kichiko.net\/wp-content\/uploads\/2023\/12\/gronn-4-1024x990.jpg 1024w, http:\/\/kichiko.net\/wp-content\/uploads\/2023\/12\/gronn-4-400x387.jpg 400w, http:\/\/kichiko.net\/wp-content\/uploads\/2023\/12\/gronn-4-768x742.jpg 768w, http:\/\/kichiko.net\/wp-content\/uploads\/2023\/12\/gronn-4.jpg 1230w\" sizes=\"(max-width: 1024px) 100vw, 1024px\" \/><figcaption>1 uke<\/figcaption><\/figure>\n\n\n\n<figure class=\"wp-block-image size-large\"><img loading=\"lazy\" width=\"797\" height=\"1024\" src=\"https:\/\/kichiko.net\/wp-content\/uploads\/2023\/12\/gronn-5-797x1024.jpg\" alt=\"\" class=\"wp-image-5016\" srcset=\"http:\/\/kichiko.net\/wp-content\/uploads\/2023\/12\/gronn-5-797x1024.jpg 797w, http:\/\/kichiko.net\/wp-content\/uploads\/2023\/12\/gronn-5-400x514.jpg 400w, http:\/\/kichiko.net\/wp-content\/uploads\/2023\/12\/gronn-5-768x987.jpg 768w, http:\/\/kichiko.net\/wp-content\/uploads\/2023\/12\/gronn-5-1196x1536.jpg 1196w, http:\/\/kichiko.net\/wp-content\/uploads\/2023\/12\/gronn-5.jpg 1594w\" sizes=\"(max-width: 797px) 100vw, 797px\" \/><figcaption>2 uker<\/figcaption><\/figure>\n\n\n\n<p><\/p>\n\n\n\n<figure class=\"wp-block-image size-large\"><img loading=\"lazy\" width=\"1013\" height=\"1024\" src=\"https:\/\/kichiko.net\/wp-content\/uploads\/2023\/12\/gronn-6-1013x1024.jpg\" alt=\"\" class=\"wp-image-5054\" srcset=\"http:\/\/kichiko.net\/wp-content\/uploads\/2023\/12\/gronn-6-1013x1024.jpg 1013w, http:\/\/kichiko.net\/wp-content\/uploads\/2023\/12\/gronn-6-400x404.jpg 400w, http:\/\/kichiko.net\/wp-content\/uploads\/2023\/12\/gronn-6-768x776.jpg 768w, http:\/\/kichiko.net\/wp-content\/uploads\/2023\/12\/gronn-6-1520x1536.jpg 1520w, http:\/\/kichiko.net\/wp-content\/uploads\/2023\/12\/gronn-6.jpg 1809w\" sizes=\"(max-width: 1013px) 100vw, 1013px\" \/><figcaption>3 uker<\/figcaption><\/figure>\n\n\n\n<figure class=\"wp-block-image size-large\"><img loading=\"lazy\" width=\"991\" height=\"1024\" src=\"https:\/\/kichiko.net\/wp-content\/uploads\/2023\/12\/gronn-7-991x1024.jpg\" alt=\"\" class=\"wp-image-5073\" srcset=\"http:\/\/kichiko.net\/wp-content\/uploads\/2023\/12\/gronn-7-991x1024.jpg 991w, http:\/\/kichiko.net\/wp-content\/uploads\/2023\/12\/gronn-7-400x413.jpg 400w, http:\/\/kichiko.net\/wp-content\/uploads\/2023\/12\/gronn-7-768x794.jpg 768w, http:\/\/kichiko.net\/wp-content\/uploads\/2023\/12\/gronn-7-1486x1536.jpg 1486w, http:\/\/kichiko.net\/wp-content\/uploads\/2023\/12\/gronn-7.jpg 1789w\" sizes=\"(max-width: 991px) 100vw, 991px\" \/><figcaption>4 uker <\/figcaption><\/figure>\n\n\n\n<figure class=\"wp-block-image size-large\"><img loading=\"lazy\" width=\"645\" height=\"1024\" src=\"https:\/\/kichiko.net\/wp-content\/uploads\/2023\/12\/gronn-8-645x1024.jpg\" alt=\"\" class=\"wp-image-5074\" srcset=\"http:\/\/kichiko.net\/wp-content\/uploads\/2023\/12\/gronn-8-645x1024.jpg 645w, http:\/\/kichiko.net\/wp-content\/uploads\/2023\/12\/gronn-8-378x600.jpg 378w, http:\/\/kichiko.net\/wp-content\/uploads\/2023\/12\/gronn-8-768x1219.jpg 768w, http:\/\/kichiko.net\/wp-content\/uploads\/2023\/12\/gronn-8-968x1536.jpg 968w, http:\/\/kichiko.net\/wp-content\/uploads\/2023\/12\/gronn-8.jpg 1290w\" sizes=\"(max-width: 645px) 100vw, 645px\" \/><figcaption>5 uker<\/figcaption><\/figure>\n\n\n\n<figure class=\"wp-block-image size-large\"><img loading=\"lazy\" width=\"663\" height=\"1024\" src=\"https:\/\/kichiko.net\/wp-content\/uploads\/2023\/12\/414594639_10161384601851241_6510779902265917789_n-663x1024.jpg\" alt=\"\" class=\"wp-image-5106\" srcset=\"http:\/\/kichiko.net\/wp-content\/uploads\/2023\/12\/414594639_10161384601851241_6510779902265917789_n-663x1024.jpg 663w, http:\/\/kichiko.net\/wp-content\/uploads\/2023\/12\/414594639_10161384601851241_6510779902265917789_n-388x600.jpg 388w, http:\/\/kichiko.net\/wp-content\/uploads\/2023\/12\/414594639_10161384601851241_6510779902265917789_n-768x1186.jpg 768w, http:\/\/kichiko.net\/wp-content\/uploads\/2023\/12\/414594639_10161384601851241_6510779902265917789_n-995x1536.jpg 995w, http:\/\/kichiko.net\/wp-content\/uploads\/2023\/12\/414594639_10161384601851241_6510779902265917789_n.jpg 1326w\" sizes=\"(max-width: 663px) 100vw, 663px\" \/><figcaption>6 uker <\/figcaption><\/figure>\n\n\n\n<figure class=\"wp-block-image size-large\"><img loading=\"lazy\" width=\"768\" height=\"1024\" src=\"https:\/\/kichiko.net\/wp-content\/uploads\/2024\/01\/gronn-768x1024.jpg\" alt=\"\" class=\"wp-image-5129\" srcset=\"http:\/\/kichiko.net\/wp-content\/uploads\/2024\/01\/gronn-768x1023.jpg 768w, http:\/\/kichiko.net\/wp-content\/uploads\/2024\/01\/gronn-400x533.jpg 400w, http:\/\/kichiko.net\/wp-content\/uploads\/2024\/01\/gronn-1153x1536.jpg 1153w, http:\/\/kichiko.net\/wp-content\/uploads\/2024\/01\/gronn.jpg 1170w\" sizes=\"(max-width: 768px) 100vw, 768px\" \/><figcaption>7 uker <\/figcaption><\/figure>\n\n\n\n<figure class=\"wp-block-image size-large\"><img loading=\"lazy\" width=\"950\" height=\"1024\" src=\"https:\/\/kichiko.net\/wp-content\/uploads\/2024\/01\/Maki-950x1024.jpg\" alt=\"\" class=\"wp-image-5130\" srcset=\"http:\/\/kichiko.net\/wp-content\/uploads\/2024\/01\/Maki-950x1024.jpg 950w, http:\/\/kichiko.net\/wp-content\/uploads\/2024\/01\/Maki-400x431.jpg 400w, http:\/\/kichiko.net\/wp-content\/uploads\/2024\/01\/Maki-768x827.jpg 768w, http:\/\/kichiko.net\/wp-content\/uploads\/2024\/01\/Maki-1426x1536.jpg 1426w, http:\/\/kichiko.net\/wp-content\/uploads\/2024\/01\/Maki-1901x2048.jpg 1901w\" sizes=\"(max-width: 950px) 100vw, 950px\" \/><figcaption>Maki med sin nye familie<\/figcaption><\/figure>\n","protected":false},"excerpt":{"rendered":"<p>Det ble en r\u00f8d hann som veide 255 gram og fikk navnet Kichiko`s Sweet Escape Nick : MakiRase : ShibaKj\u00f8nn: HannFarge : R\u00f8dF\u00f8dt: 13.11.2023Reg.nr : NO58353\/23HD: D\/DAD: 0\/0Patella:\u00d8yne:Bitt: Eiere :&nbsp;Charlotte og Martin Veland Hoven, Ingeberg<\/p>\n","protected":false},"author":2,"featured_media":0,"parent":5006,"menu_order":2,"comment_status":"closed","ping_status":"closed","template":"","meta":[],"_links":{"self":[{"href":"http:\/\/kichiko.net\/index.php?rest_route=\/wp\/v2\/pages\/5013"}],"collection":[{"href":"http:\/\/kichiko.net\/index.php?rest_route=\/wp\/v2\/pages"}],"about":[{"href":"http:\/\/kichiko.net\/index.php?rest_route=\/wp\/v2\/types\/page"}],"author":[{"embeddable":true,"href":"http:\/\/kichiko.net\/index.php?rest_route=\/wp\/v2\/users\/2"}],"replies":[{"embeddable":true,"href":"http:\/\/kichiko.net\/index.php?rest_route=%2Fwp%2Fv2%2Fcomments&post=5013"}],"version-history":[{"count":11,"href":"http:\/\/kichiko.net\/index.php?rest_route=\/wp\/v2\/pages\/5013\/revisions"}],"predecessor-version":[{"id":5420,"href":"http:\/\/kichiko.net\/index.php?rest_route=\/wp\/v2\/pages\/5013\/revisions\/5420"}],"up":[{"embeddable":true,"href":"http:\/\/kichiko.net\/index.php?rest_route=\/wp\/v2\/pages\/5006"}],"wp:attachment":[{"href":"http:\/\/kichiko.net\/index.php?rest_route=%2Fwp%2Fv2%2Fmedia&parent=5013"}],"curies":[{"name":"wp","href":"https:\/\/api.w.org\/{rel}","templated":true}]}}