{"id":3701,"date":"2021-09-20T10:53:55","date_gmt":"2021-09-20T09:53:55","guid":{"rendered":"http:\/\/kichiko.net\/?page_id=3701"},"modified":"2025-02-25T18:09:31","modified_gmt":"2025-02-25T17:09:31","slug":"hvorfor-shiba-svar-pa-disse-sporsmalene","status":"publish","type":"page","link":"http:\/\/kichiko.net\/?page_id=3701","title":{"rendered":"Hvorfor shiba? Svar p\u00e5 disse sp\u00f8rsm\u00e5lene"},"content":{"rendered":"\n<p><\/p>\n\n\n\n<p><\/p>\n\n\n\n<p>Vi f\u00e5r s\u00e5 og si daglig henvendelser fra mennesker som \u00f8nsker \u00e5 kj\u00f8pe valper. Vi virker kanskje litt strenge men for \u00e5 kunne f\u00e5 st\u00e5 p\u00e5 valpeliste hos oss m\u00e5 dere f\u00f8rst komme p\u00e5 bes\u00f8k, og f\u00f8r vi avtaler et bes\u00f8k \u00f8nsker vi at dere\/du svarer p\u00e5 noen sp\u00f8rsm\u00e5l:<\/p>\n\n\n\n<p>Skriv om dere selv, alder, jobb, bosted, evt barn og alder p\u00e5 de og hvilke preferanser dere har ifht kj\u00f8nn <\/p>\n\n\n\n<p><\/p>\n\n\n\n<ul><li>Hvis dere ikke har barn, men f\u00e5r barn, hva da med hunden?<br><\/li><li>Hvorfor shiba?<\/li><\/ul>\n\n\n\n<ul><li>Hva har dere har tenkt \u00e5 bruke shiba til ?<\/li><\/ul>\n\n\n\n<ul><li>Har dere kjennskap til shiba fra f\u00f8r?<\/li><\/ul>\n\n\n\n<ul><li>Hvor lenge har dere visst at det m\u00e5 bli shiba?<\/li><\/ul>\n\n\n\n<ul><li>Hvor skal hunden v\u00e6re n\u00e5r dere er p\u00e5 jobb, hvor skal den v\u00e6re n\u00e5r dere skal p\u00e5 ferie, ?<\/li><\/ul>\n\n\n\n<ul><li>Er det andre hunder i familien generelt, evt hvilket kj\u00f8nn og rase?<\/li><\/ul>\n\n\n\n<ul><li>Er dere villig til \u00e5 bruke det foret jeg anbefaler?<\/li><\/ul>\n\n\n\n<ul><li>Har dere tenkt \u00e5 g\u00e5 kurs?<\/li><\/ul>\n\n\n\n<ul><li>Det anbefales p\u00e5 det STERKESTE \u00e5 g\u00e5 mer enn kun et valpekurs.<\/li><\/ul>\n\n\n\n<ul><li>Hva tenker dere hvis jeg sier at det f\u00f8rste \u00e5ret er et &#8211; mildt sagt &#8211; lite helvete, og at dere kommer til \u00e5 \u00f8nske at dere aldri hadde valgt shiba?<\/li><\/ul>\n\n\n\n<ul><li>Og hvordan vil dere tenke dere \u00e5 evt l\u00f8se det, n\u00e5r dere visste om det p\u00e5 forh\u00e5nd?<\/li><\/ul>\n\n\n\n<p>Du blir da kontaktet om vi har ledig valp, s\u00e5 avtaler vi et bes\u00f8k og tar da en gjennomgang av kj\u00f8pskontrakten til kennel Kichiko<\/p>\n\n\n\n<p>En Shiba valp hos oss koster fra 27.000kr<\/p>\n","protected":false},"excerpt":{"rendered":"<p>Vi f\u00e5r s\u00e5 og si daglig henvendelser fra mennesker som \u00f8nsker \u00e5 kj\u00f8pe valper. Vi virker kanskje litt strenge men for \u00e5 kunne f\u00e5 st\u00e5 p\u00e5 valpeliste hos oss m\u00e5 dere f\u00f8rst komme p\u00e5 bes\u00f8k, og f\u00f8r vi avtaler et bes\u00f8k \u00f8nsker vi at dere\/du svarer p\u00e5 noen sp\u00f8rsm\u00e5l: Skriv om dere selv, alder, jobb, [&hellip;]<\/p>\n","protected":false},"author":2,"featured_media":0,"parent":0,"menu_order":0,"comment_status":"closed","ping_status":"closed","template":"","meta":[],"_links":{"self":[{"href":"http:\/\/kichiko.net\/index.php?rest_route=\/wp\/v2\/pages\/3701"}],"collection":[{"href":"http:\/\/kichiko.net\/index.php?rest_route=\/wp\/v2\/pages"}],"about":[{"href":"http:\/\/kichiko.net\/index.php?rest_route=\/wp\/v2\/types\/page"}],"author":[{"embeddable":true,"href":"http:\/\/kichiko.net\/index.php?rest_route=\/wp\/v2\/users\/2"}],"replies":[{"embeddable":true,"href":"http:\/\/kichiko.net\/index.php?rest_route=%2Fwp%2Fv2%2Fcomments&post=3701"}],"version-history":[{"count":5,"href":"http:\/\/kichiko.net\/index.php?rest_route=\/wp\/v2\/pages\/3701\/revisions"}],"predecessor-version":[{"id":5756,"href":"http:\/\/kichiko.net\/index.php?rest_route=\/wp\/v2\/pages\/3701\/revisions\/5756"}],"wp:attachment":[{"href":"http:\/\/kichiko.net\/index.php?rest_route=%2Fwp%2Fv2%2Fmedia&parent=3701"}],"curies":[{"name":"wp","href":"https:\/\/api.w.org\/{rel}","templated":true}]}}