{"id":353,"date":"2016-10-02T23:50:34","date_gmt":"2016-10-02T22:50:34","guid":{"rendered":"http:\/\/kichiko.net\/?page_id=353"},"modified":"2016-10-02T23:50:37","modified_gmt":"2016-10-02T22:50:37","slug":"daitan-natsuko","status":"publish","type":"page","link":"http:\/\/kichiko.net\/?page_id=353","title":{"rendered":"Daitan Natsuko"},"content":{"rendered":"<p><span class=\"rtb4\">Kl. 13:00. Nr.2 ble en\u00a0r\u00f8d tispe\u00a0som veide 255 gr. <\/span><span style=\"color: #000000;\"><span class=\"rtb4\"><span class=\"rtb2\">Hun fikk navnet :Kichiko`s Daitan Natsuko som betyr: Modig sommerbarn<\/span><\/span><\/span><\/p>\n<hr \/>\n<p><span style=\"color: #000000;\"><span class=\"rtb4\">Nick : Bell<br \/>\nRase : Shiba<br \/>\nKj\u00f8nn: Tispe<br \/>\nFarge : R\u00f8d<br \/>\nF\u00f8dt: 6\/6-2013<br \/>\nReg.nr : NO 44826\/13<br \/>\nHD: A<br \/>\nAD: A<br \/>\nPatella: 0<br \/>\nBitt: Korrekt<\/span><\/span><\/p>\n<p><span class=\"rtb4\">Eier : Malin Vildalen, Vennesla<\/span><\/p>\n<div id=\"attachment_354\" style=\"width: 410px\" class=\"wp-caption alignnone\"><img aria-describedby=\"caption-attachment-354\" loading=\"lazy\" class=\" wp-image-354\" src=\"http:\/\/kichiko.net\/wp-content\/uploads\/2016\/10\/Hjb-300x272.jpg\" alt=\"1 uke\" width=\"400\" height=\"363\" srcset=\"http:\/\/kichiko.net\/wp-content\/uploads\/2016\/10\/Hjb-300x272.jpg 300w, http:\/\/kichiko.net\/wp-content\/uploads\/2016\/10\/Hjb-768x697.jpg 768w, http:\/\/kichiko.net\/wp-content\/uploads\/2016\/10\/Hjb-1024x930.jpg 1024w, http:\/\/kichiko.net\/wp-content\/uploads\/2016\/10\/Hjb.jpg 1280w\" sizes=\"(max-width: 400px) 100vw, 400px\" \/><p id=\"caption-attachment-354\" class=\"wp-caption-text\">1 uke<\/p><\/div>\n<div id=\"attachment_355\" style=\"width: 410px\" class=\"wp-caption alignnone\"><img aria-describedby=\"caption-attachment-355\" loading=\"lazy\" class=\" wp-image-355\" src=\"http:\/\/kichiko.net\/wp-content\/uploads\/2016\/10\/hjbb-300x258.jpg\" alt=\"Bell med sine nye eiere\" width=\"400\" height=\"344\" srcset=\"http:\/\/kichiko.net\/wp-content\/uploads\/2016\/10\/hjbb-300x258.jpg 300w, http:\/\/kichiko.net\/wp-content\/uploads\/2016\/10\/hjbb-768x661.jpg 768w, http:\/\/kichiko.net\/wp-content\/uploads\/2016\/10\/hjbb-1024x882.jpg 1024w, http:\/\/kichiko.net\/wp-content\/uploads\/2016\/10\/hjbb.jpg 1280w\" sizes=\"(max-width: 400px) 100vw, 400px\" \/><p id=\"caption-attachment-355\" class=\"wp-caption-text\">Bell med sine nye eiere<\/p><\/div>\n<div id=\"attachment_356\" style=\"width: 410px\" class=\"wp-caption alignnone\"><img aria-describedby=\"caption-attachment-356\" loading=\"lazy\" class=\" wp-image-356\" src=\"http:\/\/kichiko.net\/wp-content\/uploads\/2016\/10\/hjbbb-149x300.jpg\" alt=\"Bell\" width=\"400\" height=\"805\" srcset=\"http:\/\/kichiko.net\/wp-content\/uploads\/2016\/10\/hjbbb-149x300.jpg 149w, http:\/\/kichiko.net\/wp-content\/uploads\/2016\/10\/hjbbb.jpg 348w\" sizes=\"(max-width: 400px) 100vw, 400px\" \/><p id=\"caption-attachment-356\" class=\"wp-caption-text\">Bell<\/p><\/div>\n","protected":false},"excerpt":{"rendered":"<p>Kl. 13:00. Nr.2 ble en\u00a0r\u00f8d tispe\u00a0som veide 255 gr. Hun fikk navnet :Kichiko`s Daitan Natsuko som betyr: Modig sommerbarn Nick : Bell Rase : Shiba Kj\u00f8nn: Tispe Farge : R\u00f8d F\u00f8dt: 6\/6-2013 Reg.nr : NO 44826\/13 HD: A AD: A Patella: 0 Bitt: Korrekt Eier : Malin Vildalen, Vennesla<\/p>\n","protected":false},"author":2,"featured_media":0,"parent":123,"menu_order":0,"comment_status":"closed","ping_status":"closed","template":"","meta":[],"_links":{"self":[{"href":"http:\/\/kichiko.net\/index.php?rest_route=\/wp\/v2\/pages\/353"}],"collection":[{"href":"http:\/\/kichiko.net\/index.php?rest_route=\/wp\/v2\/pages"}],"about":[{"href":"http:\/\/kichiko.net\/index.php?rest_route=\/wp\/v2\/types\/page"}],"author":[{"embeddable":true,"href":"http:\/\/kichiko.net\/index.php?rest_route=\/wp\/v2\/users\/2"}],"replies":[{"embeddable":true,"href":"http:\/\/kichiko.net\/index.php?rest_route=%2Fwp%2Fv2%2Fcomments&post=353"}],"version-history":[{"count":2,"href":"http:\/\/kichiko.net\/index.php?rest_route=\/wp\/v2\/pages\/353\/revisions"}],"predecessor-version":[{"id":358,"href":"http:\/\/kichiko.net\/index.php?rest_route=\/wp\/v2\/pages\/353\/revisions\/358"}],"up":[{"embeddable":true,"href":"http:\/\/kichiko.net\/index.php?rest_route=\/wp\/v2\/pages\/123"}],"wp:attachment":[{"href":"http:\/\/kichiko.net\/index.php?rest_route=%2Fwp%2Fv2%2Fmedia&parent=353"}],"curies":[{"name":"wp","href":"https:\/\/api.w.org\/{rel}","templated":true}]}}