{"id":326,"date":"2016-10-02T23:31:55","date_gmt":"2016-10-02T22:31:55","guid":{"rendered":"http:\/\/kichiko.net\/?page_id=326"},"modified":"2024-09-13T14:02:38","modified_gmt":"2024-09-13T13:02:38","slug":"chibi-akimaru","status":"publish","type":"page","link":"http:\/\/kichiko.net\/?page_id=326","title":{"rendered":"Chibi Akimaru"},"content":{"rendered":"<p><span class=\"rtb4\"><span style=\"color: #000000;\">Kl. 11:35. Nr.1 ble en r\u00f8d hann som veide 235 gr.<\/span> <\/span><span style=\"color: #000000;\"><span class=\"rtb4\">Han fikk navnet : Kichiko`s Chibi Akimaru som betyr &laquo;Liten h\u00f8stgutt&raquo;<\/span><\/span><\/p>\n<hr \/>\n<p><span style=\"color: #000000;\"><span class=\"rtb4\">Nick : Mushu<br \/>\nRase : Shiba<br \/>\nKj\u00f8nn: Hannhund<br \/>\nFarge : R\u00f8d<br \/>\nF\u00f8dt: 5\/9-2012<br \/>\nReg.nr : NO50970\/12<br \/>\nHD: A<br \/>\nAD: A<br \/>\nPatella: 0 ( Fri )<br \/>\nBitt:<\/span> <span class=\"rtb4\">Korrekt<br \/>\nEier :\u00a0\u00a0Christina Knoff R\u00f8ed og Bj\u00f8rn Erik Rognlien, Askim\u00a0<\/span><\/span><\/p>\n<p>D\u00f8d september 2024<\/p>\n<div id=\"attachment_327\" style=\"width: 410px\" class=\"wp-caption alignnone\"><img aria-describedby=\"caption-attachment-327\" loading=\"lazy\" class=\" wp-image-327\" src=\"http:\/\/kichiko.net\/wp-content\/uploads\/2016\/10\/Hjm-291x300.jpg\" alt=\"1 uke\" width=\"400\" height=\"412\" srcset=\"http:\/\/kichiko.net\/wp-content\/uploads\/2016\/10\/Hjm-291x300.jpg 291w, http:\/\/kichiko.net\/wp-content\/uploads\/2016\/10\/Hjm-768x791.jpg 768w, http:\/\/kichiko.net\/wp-content\/uploads\/2016\/10\/Hjm-994x1024.jpg 994w, http:\/\/kichiko.net\/wp-content\/uploads\/2016\/10\/Hjm.jpg 1242w\" sizes=\"(max-width: 400px) 100vw, 400px\" \/><p id=\"caption-attachment-327\" class=\"wp-caption-text\">1 uke<\/p><\/div>\n<div id=\"attachment_328\" style=\"width: 410px\" class=\"wp-caption alignnone\"><img aria-describedby=\"caption-attachment-328\" loading=\"lazy\" class=\" wp-image-328\" src=\"http:\/\/kichiko.net\/wp-content\/uploads\/2016\/10\/hjmm-300x220.jpg\" alt=\"Mushu med sin nye familie\" width=\"400\" height=\"293\" srcset=\"http:\/\/kichiko.net\/wp-content\/uploads\/2016\/10\/hjmm-300x220.jpg 300w, http:\/\/kichiko.net\/wp-content\/uploads\/2016\/10\/hjmm-768x563.jpg 768w, http:\/\/kichiko.net\/wp-content\/uploads\/2016\/10\/hjmm-1024x751.jpg 1024w, http:\/\/kichiko.net\/wp-content\/uploads\/2016\/10\/hjmm.jpg 1280w\" sizes=\"(max-width: 400px) 100vw, 400px\" \/><p id=\"caption-attachment-328\" class=\"wp-caption-text\">Mushu med sin nye familie<\/p><\/div>\n<div id=\"attachment_329\" style=\"width: 410px\" class=\"wp-caption alignnone\"><img aria-describedby=\"caption-attachment-329\" loading=\"lazy\" class=\" wp-image-329\" src=\"http:\/\/kichiko.net\/wp-content\/uploads\/2016\/10\/hjmmm-300x257.jpg\" alt=\"Mushu\" width=\"400\" height=\"343\" srcset=\"http:\/\/kichiko.net\/wp-content\/uploads\/2016\/10\/hjmmm-300x257.jpg 300w, http:\/\/kichiko.net\/wp-content\/uploads\/2016\/10\/hjmmm.jpg 357w\" sizes=\"(max-width: 400px) 100vw, 400px\" \/><p id=\"caption-attachment-329\" class=\"wp-caption-text\">Mushu<\/p><\/div>\n","protected":false},"excerpt":{"rendered":"<p>Kl. 11:35. Nr.1 ble en r\u00f8d hann som veide 235 gr. Han fikk navnet : Kichiko`s Chibi Akimaru som betyr &laquo;Liten h\u00f8stgutt&raquo; Nick : Mushu Rase : Shiba Kj\u00f8nn: Hannhund Farge : R\u00f8d F\u00f8dt: 5\/9-2012 Reg.nr : NO50970\/12 HD: A AD: A Patella: 0 ( Fri ) Bitt: Korrekt Eier :\u00a0\u00a0Christina Knoff R\u00f8ed og Bj\u00f8rn [&hellip;]<\/p>\n","protected":false},"author":2,"featured_media":0,"parent":50,"menu_order":0,"comment_status":"closed","ping_status":"closed","template":"","meta":[],"_links":{"self":[{"href":"http:\/\/kichiko.net\/index.php?rest_route=\/wp\/v2\/pages\/326"}],"collection":[{"href":"http:\/\/kichiko.net\/index.php?rest_route=\/wp\/v2\/pages"}],"about":[{"href":"http:\/\/kichiko.net\/index.php?rest_route=\/wp\/v2\/types\/page"}],"author":[{"embeddable":true,"href":"http:\/\/kichiko.net\/index.php?rest_route=\/wp\/v2\/users\/2"}],"replies":[{"embeddable":true,"href":"http:\/\/kichiko.net\/index.php?rest_route=%2Fwp%2Fv2%2Fcomments&post=326"}],"version-history":[{"count":2,"href":"http:\/\/kichiko.net\/index.php?rest_route=\/wp\/v2\/pages\/326\/revisions"}],"predecessor-version":[{"id":5410,"href":"http:\/\/kichiko.net\/index.php?rest_route=\/wp\/v2\/pages\/326\/revisions\/5410"}],"up":[{"embeddable":true,"href":"http:\/\/kichiko.net\/index.php?rest_route=\/wp\/v2\/pages\/50"}],"wp:attachment":[{"href":"http:\/\/kichiko.net\/index.php?rest_route=%2Fwp%2Fv2%2Fmedia&parent=326"}],"curies":[{"name":"wp","href":"https:\/\/api.w.org\/{rel}","templated":true}]}}