{"id":2269,"date":"2019-08-08T22:53:57","date_gmt":"2019-08-08T21:53:57","guid":{"rendered":"http:\/\/kichiko.net\/?page_id=2269"},"modified":"2019-10-14T09:38:34","modified_gmt":"2019-10-14T08:38:34","slug":"kichikos-u-3","status":"publish","type":"page","link":"http:\/\/kichiko.net\/?page_id=2269","title":{"rendered":"Ureshii Bara"},"content":{"rendered":"\n<p>Kl. 22:25 . Nr.3 ble en r\u00f8d tispe som veide 245 gr.&nbsp;&nbsp;Hun fikk navnet : Kichiko`s&nbsp; Ureshii Bara. Det betyr : Lykkelig Rose<\/p>\n\n\n\n<p>Nick :&nbsp;Yaya<br>Rase : Shiba<br>Kj\u00f8nn : Tispe<br>Farge : R\u00f8d<br>F\u00f8dt : 14\/8-2019<br>Reg.nr : NO 52901\/19<br>HD :<br>AD :<br>Patella :&nbsp;<\/p>\n\n\n\n<p>Eier :&nbsp;Ahmed Jalal, Sverige<\/p>\n\n\n\n<figure class=\"wp-block-image\"><img loading=\"lazy\" width=\"720\" height=\"960\" src=\"http:\/\/kichiko.net\/wp-content\/uploads\/2019\/08\/67941609_10157433833141241_8070194487772577792_n.jpg\" alt=\"\" class=\"wp-image-2279\" srcset=\"http:\/\/kichiko.net\/wp-content\/uploads\/2019\/08\/67941609_10157433833141241_8070194487772577792_n.jpg 720w, http:\/\/kichiko.net\/wp-content\/uploads\/2019\/08\/67941609_10157433833141241_8070194487772577792_n-400x533.jpg 400w\" sizes=\"(max-width: 720px) 100vw, 720px\" \/><figcaption>Nyf\u00f8dt<br><\/figcaption><\/figure>\n\n\n\n<figure class=\"wp-block-image\"><img loading=\"lazy\" width=\"999\" height=\"1024\" src=\"http:\/\/kichiko.net\/wp-content\/uploads\/2019\/08\/IMG_0898-999x1024.jpg\" alt=\"\" class=\"wp-image-2291\" srcset=\"http:\/\/kichiko.net\/wp-content\/uploads\/2019\/08\/IMG_0898-999x1024.jpg 999w, http:\/\/kichiko.net\/wp-content\/uploads\/2019\/08\/IMG_0898-400x410.jpg 400w, http:\/\/kichiko.net\/wp-content\/uploads\/2019\/08\/IMG_0898-768x787.jpg 768w, http:\/\/kichiko.net\/wp-content\/uploads\/2019\/08\/IMG_0898.jpg 1698w\" sizes=\"(max-width: 999px) 100vw, 999px\" \/><figcaption>1 uke<br><br><\/figcaption><\/figure>\n\n\n\n<figure class=\"wp-block-image\"><img loading=\"lazy\" width=\"1024\" height=\"943\" src=\"http:\/\/kichiko.net\/wp-content\/uploads\/2019\/08\/IMG_0927-1024x943.jpg\" alt=\"\" class=\"wp-image-2312\" srcset=\"http:\/\/kichiko.net\/wp-content\/uploads\/2019\/08\/IMG_0927-1024x943.jpg 1024w, http:\/\/kichiko.net\/wp-content\/uploads\/2019\/08\/IMG_0927-400x368.jpg 400w, http:\/\/kichiko.net\/wp-content\/uploads\/2019\/08\/IMG_0927-768x707.jpg 768w\" sizes=\"(max-width: 1024px) 100vw, 1024px\" \/><figcaption>2 uker<br><\/figcaption><\/figure>\n\n\n\n<figure class=\"wp-block-image\"><img loading=\"lazy\" width=\"1024\" height=\"773\" src=\"http:\/\/kichiko.net\/wp-content\/uploads\/2019\/09\/IMG_0962-1024x773.jpg\" alt=\"\" class=\"wp-image-2321\" srcset=\"http:\/\/kichiko.net\/wp-content\/uploads\/2019\/09\/IMG_0962-1024x773.jpg 1024w, http:\/\/kichiko.net\/wp-content\/uploads\/2019\/09\/IMG_0962-400x302.jpg 400w, http:\/\/kichiko.net\/wp-content\/uploads\/2019\/09\/IMG_0962-768x579.jpg 768w, http:\/\/kichiko.net\/wp-content\/uploads\/2019\/09\/IMG_0962.jpg 1874w\" sizes=\"(max-width: 1024px) 100vw, 1024px\" \/><figcaption>3 uker<br><\/figcaption><\/figure>\n\n\n\n<figure class=\"wp-block-image\"><img loading=\"lazy\" width=\"879\" height=\"1024\" src=\"http:\/\/kichiko.net\/wp-content\/uploads\/2019\/09\/IMG_0987-879x1024.jpg\" alt=\"\" class=\"wp-image-2329\" srcset=\"http:\/\/kichiko.net\/wp-content\/uploads\/2019\/09\/IMG_0987-879x1024.jpg 879w, http:\/\/kichiko.net\/wp-content\/uploads\/2019\/09\/IMG_0987-400x466.jpg 400w, http:\/\/kichiko.net\/wp-content\/uploads\/2019\/09\/IMG_0987-768x894.jpg 768w, http:\/\/kichiko.net\/wp-content\/uploads\/2019\/09\/IMG_0987.jpg 1404w\" sizes=\"(max-width: 879px) 100vw, 879px\" \/><figcaption>4 uker<br><\/figcaption><\/figure>\n\n\n\n<figure class=\"wp-block-image\"><img loading=\"lazy\" width=\"1024\" height=\"1020\" src=\"http:\/\/kichiko.net\/wp-content\/uploads\/2019\/09\/IMG_1006-1024x1020.jpg\" alt=\"\" class=\"wp-image-2340\" srcset=\"http:\/\/kichiko.net\/wp-content\/uploads\/2019\/09\/IMG_1006-1024x1020.jpg 1024w, http:\/\/kichiko.net\/wp-content\/uploads\/2019\/09\/IMG_1006-150x150.jpg 150w, http:\/\/kichiko.net\/wp-content\/uploads\/2019\/09\/IMG_1006-400x398.jpg 400w, http:\/\/kichiko.net\/wp-content\/uploads\/2019\/09\/IMG_1006-768x765.jpg 768w, http:\/\/kichiko.net\/wp-content\/uploads\/2019\/09\/IMG_1006.jpg 1437w\" sizes=\"(max-width: 1024px) 100vw, 1024px\" \/><figcaption>5 uker<br><\/figcaption><\/figure>\n\n\n\n<figure class=\"wp-block-image\"><img loading=\"lazy\" width=\"812\" height=\"1024\" src=\"http:\/\/kichiko.net\/wp-content\/uploads\/2019\/09\/IMG_1033-812x1024.jpg\" alt=\"\" class=\"wp-image-2355\" srcset=\"http:\/\/kichiko.net\/wp-content\/uploads\/2019\/09\/IMG_1033-812x1024.jpg 812w, http:\/\/kichiko.net\/wp-content\/uploads\/2019\/09\/IMG_1033-400x505.jpg 400w, http:\/\/kichiko.net\/wp-content\/uploads\/2019\/09\/IMG_1033-768x969.jpg 768w, http:\/\/kichiko.net\/wp-content\/uploads\/2019\/09\/IMG_1033.jpg 1553w\" sizes=\"(max-width: 812px) 100vw, 812px\" \/><figcaption>6 uker<br><\/figcaption><\/figure>\n\n\n\n<figure class=\"wp-block-image is-resized\"><img loading=\"lazy\" src=\"http:\/\/kichiko.net\/wp-content\/uploads\/2019\/10\/IMG_1059-1024x1000.jpg\" alt=\"\" class=\"wp-image-2369\" width=\"580\" height=\"566\" srcset=\"http:\/\/kichiko.net\/wp-content\/uploads\/2019\/10\/IMG_1059-1024x1000.jpg 1024w, http:\/\/kichiko.net\/wp-content\/uploads\/2019\/10\/IMG_1059-400x391.jpg 400w, http:\/\/kichiko.net\/wp-content\/uploads\/2019\/10\/IMG_1059-768x750.jpg 768w, http:\/\/kichiko.net\/wp-content\/uploads\/2019\/10\/IMG_1059.jpg 1511w\" sizes=\"(max-width: 580px) 100vw, 580px\" \/><figcaption>7 uker<br><\/figcaption><\/figure>\n\n\n\n<figure class=\"wp-block-image\"><img loading=\"lazy\" width=\"910\" height=\"1024\" src=\"http:\/\/kichiko.net\/wp-content\/uploads\/2019\/10\/IMG_1095-910x1024.jpg\" alt=\"\" class=\"wp-image-2382\" srcset=\"http:\/\/kichiko.net\/wp-content\/uploads\/2019\/10\/IMG_1095-910x1024.jpg 910w, http:\/\/kichiko.net\/wp-content\/uploads\/2019\/10\/IMG_1095-400x450.jpg 400w, http:\/\/kichiko.net\/wp-content\/uploads\/2019\/10\/IMG_1095-768x864.jpg 768w, http:\/\/kichiko.net\/wp-content\/uploads\/2019\/10\/IMG_1095.jpg 1944w\" sizes=\"(max-width: 910px) 100vw, 910px\" \/><figcaption>8 uker<br><\/figcaption><\/figure>\n\n\n\n<figure class=\"wp-block-image\"><img loading=\"lazy\" width=\"1024\" height=\"629\" src=\"http:\/\/kichiko.net\/wp-content\/uploads\/2019\/10\/IMG_1122-1024x629.jpg\" alt=\"\" class=\"wp-image-2388\" srcset=\"http:\/\/kichiko.net\/wp-content\/uploads\/2019\/10\/IMG_1122-1024x629.jpg 1024w, http:\/\/kichiko.net\/wp-content\/uploads\/2019\/10\/IMG_1122-400x246.jpg 400w, http:\/\/kichiko.net\/wp-content\/uploads\/2019\/10\/IMG_1122-768x472.jpg 768w\" sizes=\"(max-width: 1024px) 100vw, 1024px\" \/><figcaption>Yaya med sin nye eier Ahmed og etpar snille onkler<\/figcaption><\/figure>\n","protected":false},"excerpt":{"rendered":"<p>Kl. 22:25 . Nr.3 ble en r\u00f8d tispe som veide 245 gr.&nbsp;&nbsp;Hun fikk navnet : Kichiko`s&nbsp; Ureshii Bara. Det betyr : Lykkelig Rose Nick :&nbsp;YayaRase : ShibaKj\u00f8nn : TispeFarge : R\u00f8dF\u00f8dt : 14\/8-2019Reg.nr : NO 52901\/19HD :AD :Patella :&nbsp; Eier :&nbsp;Ahmed Jalal, Sverige<\/p>\n","protected":false},"author":2,"featured_media":0,"parent":2259,"menu_order":4,"comment_status":"closed","ping_status":"closed","template":"","meta":[],"_links":{"self":[{"href":"http:\/\/kichiko.net\/index.php?rest_route=\/wp\/v2\/pages\/2269"}],"collection":[{"href":"http:\/\/kichiko.net\/index.php?rest_route=\/wp\/v2\/pages"}],"about":[{"href":"http:\/\/kichiko.net\/index.php?rest_route=\/wp\/v2\/types\/page"}],"author":[{"embeddable":true,"href":"http:\/\/kichiko.net\/index.php?rest_route=\/wp\/v2\/users\/2"}],"replies":[{"embeddable":true,"href":"http:\/\/kichiko.net\/index.php?rest_route=%2Fwp%2Fv2%2Fcomments&post=2269"}],"version-history":[{"count":13,"href":"http:\/\/kichiko.net\/index.php?rest_route=\/wp\/v2\/pages\/2269\/revisions"}],"predecessor-version":[{"id":2389,"href":"http:\/\/kichiko.net\/index.php?rest_route=\/wp\/v2\/pages\/2269\/revisions\/2389"}],"up":[{"embeddable":true,"href":"http:\/\/kichiko.net\/index.php?rest_route=\/wp\/v2\/pages\/2259"}],"wp:attachment":[{"href":"http:\/\/kichiko.net\/index.php?rest_route=%2Fwp%2Fv2%2Fmedia&parent=2269"}],"curies":[{"name":"wp","href":"https:\/\/api.w.org\/{rel}","templated":true}]}}