{"id":1221,"date":"2018-01-06T23:24:22","date_gmt":"2018-01-06T22:24:22","guid":{"rendered":"http:\/\/kichiko.net\/?page_id=1221"},"modified":"2024-08-28T00:13:17","modified_gmt":"2024-08-27T23:13:17","slug":"kichikos-n","status":"publish","type":"page","link":"http:\/\/kichiko.net\/?page_id=1221","title":{"rendered":"Kichiko`s Nobuyuki"},"content":{"rendered":"<p>Kl.\u00a000:40 ble det f\u00f8dt en\u00a0r\u00f8d hann p\u00e5 265 gram. Han fikk navnet Kichiko`s Nobuyuki som betyr &raquo; Tro sn\u00f8 ( in snow we trust)&raquo;<\/p>\n<div class=\"tmpMainPicBox\">\n<div class=\"tmpMainPicSubBox\">\n<div class=\"tmpMainRich\">\n<p>Nick : Durotan<br \/>Rase : Shiba<br \/>Kj\u00f8nn : Hann<br \/>Farge : R\u00f8d<br \/>F\u00f8dt :\u00a06\/1-18<br \/>Reg.nr : NO33211\/18<br \/>HD : A\/B<br \/>AD : 0\/0<br \/>Patella : 0\/0<br \/>Bitt : Korrekt<\/p>\n<p>Eier : Carlos Sebastian Nu\u00f1es og Esther Irene Nu\u00f1es Eliassen, Rykkin<\/p>\n<div id=\"attachment_1240\" style=\"width: 410px\" class=\"wp-caption alignnone\"><img aria-describedby=\"caption-attachment-1240\" loading=\"lazy\" class=\"size-medium wp-image-1240\" src=\"http:\/\/kichiko.net\/wp-content\/uploads\/2018\/01\/3-L-H-1-400x336.jpg\" alt=\"Nyf\u00f8dt\" width=\"400\" height=\"336\" srcset=\"http:\/\/kichiko.net\/wp-content\/uploads\/2018\/01\/3-L-H-1-400x336.jpg 400w, http:\/\/kichiko.net\/wp-content\/uploads\/2018\/01\/3-L-H-1.jpg 619w\" sizes=\"(max-width: 400px) 100vw, 400px\" \/><p id=\"caption-attachment-1240\" class=\"wp-caption-text\">Nyf\u00f8dt<\/p><\/div>\n<div id=\"attachment_1247\" style=\"width: 410px\" class=\"wp-caption alignnone\"><img aria-describedby=\"caption-attachment-1247\" loading=\"lazy\" class=\"size-medium wp-image-1247\" src=\"http:\/\/kichiko.net\/wp-content\/uploads\/2018\/01\/IMG_9196-400x325.jpg\" alt=\"1 uke\" width=\"400\" height=\"325\" srcset=\"http:\/\/kichiko.net\/wp-content\/uploads\/2018\/01\/IMG_9196-400x325.jpg 400w, http:\/\/kichiko.net\/wp-content\/uploads\/2018\/01\/IMG_9196-768x625.jpg 768w, http:\/\/kichiko.net\/wp-content\/uploads\/2018\/01\/IMG_9196-1024x833.jpg 1024w, http:\/\/kichiko.net\/wp-content\/uploads\/2018\/01\/IMG_9196.jpg 1732w\" sizes=\"(max-width: 400px) 100vw, 400px\" \/><p id=\"caption-attachment-1247\" class=\"wp-caption-text\">1 uke<\/p><\/div>\n<div id=\"attachment_1273\" style=\"width: 410px\" class=\"wp-caption alignnone\"><img aria-describedby=\"caption-attachment-1273\" loading=\"lazy\" class=\"size-medium wp-image-1273\" src=\"http:\/\/kichiko.net\/wp-content\/uploads\/2018\/01\/IMG_9239-1-400x369.jpg\" alt=\"2 uker\" width=\"400\" height=\"369\" srcset=\"http:\/\/kichiko.net\/wp-content\/uploads\/2018\/01\/IMG_9239-1-400x369.jpg 400w, http:\/\/kichiko.net\/wp-content\/uploads\/2018\/01\/IMG_9239-1-768x709.jpg 768w, http:\/\/kichiko.net\/wp-content\/uploads\/2018\/01\/IMG_9239-1-1024x945.jpg 1024w, http:\/\/kichiko.net\/wp-content\/uploads\/2018\/01\/IMG_9239-1.jpg 1344w\" sizes=\"(max-width: 400px) 100vw, 400px\" \/><p id=\"caption-attachment-1273\" class=\"wp-caption-text\">2 uker<\/p><\/div>\n<div id=\"attachment_1280\" style=\"width: 410px\" class=\"wp-caption alignnone\"><img aria-describedby=\"caption-attachment-1280\" loading=\"lazy\" class=\"size-medium wp-image-1280\" src=\"http:\/\/kichiko.net\/wp-content\/uploads\/2018\/01\/N33-1-400x388.jpg\" alt=\"3 uker\" width=\"400\" height=\"388\" srcset=\"http:\/\/kichiko.net\/wp-content\/uploads\/2018\/01\/N33-1-400x388.jpg 400w, http:\/\/kichiko.net\/wp-content\/uploads\/2018\/01\/N33-1-768x746.jpg 768w, http:\/\/kichiko.net\/wp-content\/uploads\/2018\/01\/N33-1.jpg 960w\" sizes=\"(max-width: 400px) 100vw, 400px\" \/><p id=\"caption-attachment-1280\" class=\"wp-caption-text\">3 uker<\/p><\/div>\n<div id=\"attachment_1290\" style=\"width: 410px\" class=\"wp-caption alignnone\"><img aria-describedby=\"caption-attachment-1290\" loading=\"lazy\" class=\"size-medium wp-image-1290\" src=\"http:\/\/kichiko.net\/wp-content\/uploads\/2018\/01\/IMG_9283-400x560.jpg\" alt=\"4 uker\" width=\"400\" height=\"560\" srcset=\"http:\/\/kichiko.net\/wp-content\/uploads\/2018\/01\/IMG_9283-400x560.jpg 400w, http:\/\/kichiko.net\/wp-content\/uploads\/2018\/01\/IMG_9283-768x1076.jpg 768w, http:\/\/kichiko.net\/wp-content\/uploads\/2018\/01\/IMG_9283-731x1024.jpg 731w, http:\/\/kichiko.net\/wp-content\/uploads\/2018\/01\/IMG_9283.jpg 1397w\" sizes=\"(max-width: 400px) 100vw, 400px\" \/><p id=\"caption-attachment-1290\" class=\"wp-caption-text\">4 uker<\/p><\/div>\n<div id=\"attachment_1304\" style=\"width: 410px\" class=\"wp-caption alignnone\"><img aria-describedby=\"caption-attachment-1304\" loading=\"lazy\" class=\"size-medium wp-image-1304\" src=\"http:\/\/kichiko.net\/wp-content\/uploads\/2018\/01\/h35-400x447.jpg\" alt=\"5 uker\" width=\"400\" height=\"447\" srcset=\"http:\/\/kichiko.net\/wp-content\/uploads\/2018\/01\/h35-400x447.jpg 400w, http:\/\/kichiko.net\/wp-content\/uploads\/2018\/01\/h35-768x858.jpg 768w, http:\/\/kichiko.net\/wp-content\/uploads\/2018\/01\/h35.jpg 859w\" sizes=\"(max-width: 400px) 100vw, 400px\" \/><p id=\"caption-attachment-1304\" class=\"wp-caption-text\">5 uker<\/p><\/div>\n<div id=\"attachment_1333\" style=\"width: 410px\" class=\"wp-caption alignnone\"><img aria-describedby=\"caption-attachment-1333\" loading=\"lazy\" class=\"size-medium wp-image-1333\" src=\"http:\/\/kichiko.net\/wp-content\/uploads\/2018\/01\/IMG_9386-400x524.jpg\" alt=\"6 uker\" width=\"400\" height=\"524\" srcset=\"http:\/\/kichiko.net\/wp-content\/uploads\/2018\/01\/IMG_9386-400x524.jpg 400w, http:\/\/kichiko.net\/wp-content\/uploads\/2018\/01\/IMG_9386-768x1006.jpg 768w, http:\/\/kichiko.net\/wp-content\/uploads\/2018\/01\/IMG_9386-782x1024.jpg 782w, http:\/\/kichiko.net\/wp-content\/uploads\/2018\/01\/IMG_9386.jpg 1591w\" sizes=\"(max-width: 400px) 100vw, 400px\" \/><p id=\"caption-attachment-1333\" class=\"wp-caption-text\">6 uker<\/p><\/div>\n<div id=\"attachment_1363\" style=\"width: 410px\" class=\"wp-caption alignnone\"><img aria-describedby=\"caption-attachment-1363\" loading=\"lazy\" class=\"size-medium wp-image-1363\" src=\"http:\/\/kichiko.net\/wp-content\/uploads\/2018\/01\/IMG_9419-400x567.jpg\" alt=\"7 uker\" width=\"400\" height=\"567\" srcset=\"http:\/\/kichiko.net\/wp-content\/uploads\/2018\/01\/IMG_9419-400x567.jpg 400w, http:\/\/kichiko.net\/wp-content\/uploads\/2018\/01\/IMG_9419-768x1089.jpg 768w, http:\/\/kichiko.net\/wp-content\/uploads\/2018\/01\/IMG_9419-722x1024.jpg 722w, http:\/\/kichiko.net\/wp-content\/uploads\/2018\/01\/IMG_9419.jpg 1190w\" sizes=\"(max-width: 400px) 100vw, 400px\" \/><p id=\"caption-attachment-1363\" class=\"wp-caption-text\">7 uker<\/p><\/div>\n<div id=\"attachment_1371\" style=\"width: 410px\" class=\"wp-caption alignnone\"><img aria-describedby=\"caption-attachment-1371\" loading=\"lazy\" class=\"size-medium wp-image-1371\" src=\"http:\/\/kichiko.net\/wp-content\/uploads\/2018\/01\/IMG_9446-400x470.jpg\" alt=\"8 uker\" width=\"400\" height=\"470\" srcset=\"http:\/\/kichiko.net\/wp-content\/uploads\/2018\/01\/IMG_9446-400x470.jpg 400w, http:\/\/kichiko.net\/wp-content\/uploads\/2018\/01\/IMG_9446-768x903.jpg 768w, http:\/\/kichiko.net\/wp-content\/uploads\/2018\/01\/IMG_9446-871x1024.jpg 871w, http:\/\/kichiko.net\/wp-content\/uploads\/2018\/01\/IMG_9446.jpg 1618w\" sizes=\"(max-width: 400px) 100vw, 400px\" \/><p id=\"caption-attachment-1371\" class=\"wp-caption-text\">8 uker<\/p><\/div>\n<div id=\"attachment_1383\" style=\"width: 410px\" class=\"wp-caption alignnone\"><img aria-describedby=\"caption-attachment-1383\" loading=\"lazy\" class=\"size-medium wp-image-1383\" src=\"http:\/\/kichiko.net\/wp-content\/uploads\/2018\/01\/28576641_10156118398961241_3863028099916166881_n-400x474.jpg\" alt=\"Durotan med sine nye eiere, Carlos og Esther\" width=\"400\" height=\"474\" srcset=\"http:\/\/kichiko.net\/wp-content\/uploads\/2018\/01\/28576641_10156118398961241_3863028099916166881_n-400x474.jpg 400w, http:\/\/kichiko.net\/wp-content\/uploads\/2018\/01\/28576641_10156118398961241_3863028099916166881_n-768x910.jpg 768w, http:\/\/kichiko.net\/wp-content\/uploads\/2018\/01\/28576641_10156118398961241_3863028099916166881_n.jpg 810w\" sizes=\"(max-width: 400px) 100vw, 400px\" \/><p id=\"caption-attachment-1383\" class=\"wp-caption-text\">Durotan med sine nye eiere, Carlos og Esther<\/p><\/div>\n<p>\u00a0<\/p>\n<\/div>\n<\/div>\n<\/div>\n\n\n<figure class=\"wp-block-image size-large\"><img loading=\"lazy\" width=\"1024\" height=\"678\" src=\"https:\/\/kichiko.net\/wp-content\/uploads\/2024\/08\/durotan-1024x678.jpg\" alt=\"\" class=\"wp-image-5388\" srcset=\"http:\/\/kichiko.net\/wp-content\/uploads\/2024\/08\/durotan-1024x678.jpg 1024w, http:\/\/kichiko.net\/wp-content\/uploads\/2024\/08\/durotan-400x265.jpg 400w, http:\/\/kichiko.net\/wp-content\/uploads\/2024\/08\/durotan-768x509.jpg 768w, http:\/\/kichiko.net\/wp-content\/uploads\/2024\/08\/durotan-1536x1017.jpg 1536w, http:\/\/kichiko.net\/wp-content\/uploads\/2024\/08\/durotan.jpg 2048w\" sizes=\"(max-width: 1024px) 100vw, 1024px\" \/><figcaption>Tatt august 2024<\/figcaption><\/figure>\n","protected":false},"excerpt":{"rendered":"<p>Kl.\u00a000:40 ble det f\u00f8dt en\u00a0r\u00f8d hann p\u00e5 265 gram. Han fikk navnet Kichiko`s Nobuyuki som betyr &raquo; Tro sn\u00f8 ( in snow we trust)&raquo; Nick : DurotanRase : ShibaKj\u00f8nn : HannFarge : R\u00f8dF\u00f8dt :\u00a06\/1-18Reg.nr : NO33211\/18HD : A\/BAD : 0\/0Patella : 0\/0Bitt : Korrekt Eier : Carlos Sebastian Nu\u00f1es og Esther Irene Nu\u00f1es Eliassen, Rykkin [&hellip;]<\/p>\n","protected":false},"author":2,"featured_media":0,"parent":1219,"menu_order":5,"comment_status":"closed","ping_status":"closed","template":"","meta":[],"_links":{"self":[{"href":"http:\/\/kichiko.net\/index.php?rest_route=\/wp\/v2\/pages\/1221"}],"collection":[{"href":"http:\/\/kichiko.net\/index.php?rest_route=\/wp\/v2\/pages"}],"about":[{"href":"http:\/\/kichiko.net\/index.php?rest_route=\/wp\/v2\/types\/page"}],"author":[{"embeddable":true,"href":"http:\/\/kichiko.net\/index.php?rest_route=\/wp\/v2\/users\/2"}],"replies":[{"embeddable":true,"href":"http:\/\/kichiko.net\/index.php?rest_route=%2Fwp%2Fv2%2Fcomments&post=1221"}],"version-history":[{"count":22,"href":"http:\/\/kichiko.net\/index.php?rest_route=\/wp\/v2\/pages\/1221\/revisions"}],"predecessor-version":[{"id":5389,"href":"http:\/\/kichiko.net\/index.php?rest_route=\/wp\/v2\/pages\/1221\/revisions\/5389"}],"up":[{"embeddable":true,"href":"http:\/\/kichiko.net\/index.php?rest_route=\/wp\/v2\/pages\/1219"}],"wp:attachment":[{"href":"http:\/\/kichiko.net\/index.php?rest_route=%2Fwp%2Fv2%2Fmedia&parent=1221"}],"curies":[{"name":"wp","href":"https:\/\/api.w.org\/{rel}","templated":true}]}}